{"id":1002,"date":"2022-04-06T16:08:50","date_gmt":"2022-04-06T14:08:50","guid":{"rendered":"https:\/\/www.padelreference.com\/blog\/?page_id=1002"},"modified":"2022-04-07T09:36:00","modified_gmt":"2022-04-07T07:36:00","slug":"padel-plus-toulouse","status":"publish","type":"page","link":"https:\/\/www.padelreference.com\/blog\/club-padel\/padel-plus-toulouse\/","title":{"rendered":"Padel Plus &#8211; Toulouse"},"content":{"rendered":"<p>[vc_row][vc_column][vc_column_text]<span style=\"font-weight: 400;\">Padel Plus est situ\u00e9 sur le complexe sportif de Naudin. Ce <a href=\"https:\/\/www.padelreference.com\/blog\/club-padel\/\">club de padel<\/a> situ\u00e9 \u00e0 Toulouse Blagnac est ouvert aux d\u00e9butants, aux meilleurs joueurs, aux professionnels et pour les familles qui veulent tout simplement s\u2019amuser.<\/span><\/p>\n<p>[\/vc_column_text][\/vc_column][\/vc_row][vc_row][vc_column width=\u00a0\u00bb1\/2&Prime;][vc_single_image image=\u00a0\u00bb1003&Prime; img_size=\u00a0\u00bbfull\u00a0\u00bb][vc_column_text]Adresse : <span style=\"font-weight: 400;\"><a href=\"https:\/\/www.google.com\/maps\/place\/Paddle+Plus\/@43.6522903,1.3880343,15z\/data=!4m2!3m1!1s0x0:0x665a463c671ae03f?sa=X&amp;hl=fr&amp;ved=2ahUKEwj2tdv6zf_2AhWS3YUKHRjPDugQ_BJ6BAhXEAU\">39 Chemin du Moulin de Naudin<\/a>, 31700 Blagnac<\/span><\/p>\n<p><a href=\"http:\/\/iframe%20src=https:\/\/www.google.com\/maps\/embed?pb=!1m18!1m12!1m3!1d2886.801874265819!2d1.3858456154977283!3d43.6522902791213!2m3!1f0!2f0!3f0!3m2!1i1024!2i768!4f13.1!3m3!1m2!1s0x12aea514757e7125%3A0x665a463c671ae03f!2sPaddle%20Plus!5e0!3m2!1sfr!2sfr!4v1649254067326!5m2!1sfr!2sfr%20width=600%20height=450%20style=border:0;%20allowfullscreen=%20loading=lazy%20referrerpolicy=no-referrer-when-downgrade\/iframe\"><iframe style=\"border: 0;\" src=\"https:\/\/www.google.com\/maps\/embed?pb=!1m18!1m12!1m3!1d2886.801874265819!2d1.3858456154977283!3d43.6522902791213!2m3!1f0!2f0!3f0!3m2!1i1024!2i768!4f13.1!3m3!1m2!1s0x12aea514757e7125%3A0x665a463c671ae03f!2sPaddle%20Plus!5e0!3m2!1sfr!2sfr!4v1649254067326!5m2!1sfr!2sfr\" width=\"600\" height=\"450\" allowfullscreen=\"allowfullscreen\"><\/iframe><\/a>[\/vc_column_text][\/vc_column][vc_column width=\u00a0\u00bb1\/2&Prime;][vc_column_text]<span style=\"font-weight: 400;\">La r\u00e9servation d\u2019un terrain dans ce complexe aupr\u00e8s du club est relativement diff\u00e9rente des autres. En effet, si vous souhaitez suivre des cours de padel assist\u00e9s par un coach, vous devez r\u00e9server sur le site officiel de Padel Plus.<\/span><\/p>\n<p><span style=\"font-weight: 400;\">En revanche si vous voulez r\u00e9server un court pour vous amuser en famille ou entre amis, sans forc\u00e9ment avoir besoin d\u2019un d\u2019un coach, vous devez vous adresser \u00e0 la Mairie de Blagnac.<\/span><\/p>\n<p><span style=\"font-weight: 400;\">En outre, pour le lundi, le mercredi et jeudi, vous devez absolument emmener votre propre mat\u00e9riel (balles, raquettes\u2026), car le club ne sera pas en mesure de vous en proposer.<\/span><\/p>\n<p><span style=\"font-weight: 400;\">\u00a0<\/span><\/p>\n<p>[\/vc_column_text][\/vc_column][\/vc_row][vc_row][vc_column][vc_column_text]<\/p>\n<h2>Les autres Club de Padel en France :<\/h2>\n<ul>\n<li><a href=\"https:\/\/www.padelreference.com\/blog\/club-padel\/4-padel-toulouse\/\">4Padel<\/a><\/li>\n<li><a href=\"https:\/\/www.padelreference.com\/blog\/club-padel\/toulouse-padel-club-toulouse-2\/\">Toulouse Padel Club<\/a><\/li>\n<li><a href=\"https:\/\/www.padelreference.com\/blog\/club-padel\/club-de-lhers-toulouse\/\">Club de l&rsquo;Hers<\/a><\/li>\n<li><a href=\"https:\/\/www.padelreference.com\/blog\/club-padel\/stade-toulousain-tennis-club-toulouse\/\">Stade Toulousain Tennis Club<\/a><\/li>\n<li>etc&#8230;.<\/li>\n<\/ul>\n<p>[\/vc_column_text][\/vc_column][\/vc_row]<\/p>\n","protected":false},"excerpt":{"rendered":"<p>[vc_row][vc_column][vc_column_text]Padel Plus est situ\u00e9 sur le complexe sportif de Naudin. Ce club de padel situ\u00e9 \u00e0 Toulouse Blagnac est ouvert aux d\u00e9butants, aux meilleurs joueurs, aux professionnels et pour les familles qui veulent tout simplement s\u2019amuser. [\/vc_column_text][\/vc_column][\/vc_row][vc_row][vc_column width=\u00a0\u00bb1\/2&Prime;][vc_single_image image=\u00a0\u00bb1003&Prime; img_size=\u00a0\u00bbfull\u00a0\u00bb][vc_column_text]Adresse : 39 Chemin du Moulin de Naudin, 31700 Blagnac [\/vc_column_text][\/vc_column][vc_column width=\u00a0\u00bb1\/2&Prime;][vc_column_text]La r\u00e9servation d\u2019un terrain dans [&hellip;]<\/p>\n","protected":false},"author":2,"featured_media":0,"parent":722,"menu_order":0,"comment_status":"closed","ping_status":"closed","template":"","meta":{"footnotes":""},"class_list":["post-1002","page","type-page","status-publish","hentry"],"yoast_head":"<!-- This site is optimized with the Yoast SEO plugin v23.1 - https:\/\/yoast.com\/wordpress\/plugins\/seo\/ -->\n<title>Les Clubs de Padel en France : la liste compl\u00e8te - Padel Reference<\/title>\n<meta name=\"robots\" content=\"index, follow, max-snippet:-1, max-image-preview:large, max-video-preview:-1\" \/>\n<link rel=\"canonical\" href=\"https:\/\/www.padelreference.com\/blog\/club-padel\/padel-plus-toulouse\/\" \/>\n<meta property=\"og:locale\" content=\"fr_FR\" \/>\n<meta property=\"og:type\" content=\"article\" \/>\n<meta property=\"og:title\" content=\"Les Clubs de Padel en France : la liste compl\u00e8te - Padel Reference\" \/>\n<meta property=\"og:description\" content=\"[vc_row][vc_column][vc_column_text]Padel Plus est situ\u00e9 sur le complexe sportif de Naudin. Ce club de padel situ\u00e9 \u00e0 Toulouse Blagnac est ouvert aux d\u00e9butants, aux meilleurs joueurs, aux professionnels et pour les familles qui veulent tout simplement s\u2019amuser. [\/vc_column_text][\/vc_column][\/vc_row][vc_row][vc_column width=\u00a0\u00bb1\/2&Prime;][vc_single_image image=\u00a0\u00bb1003&Prime; img_size=\u00a0\u00bbfull\u00a0\u00bb][vc_column_text]Adresse : 39 Chemin du Moulin de Naudin, 31700 Blagnac [\/vc_column_text][\/vc_column][vc_column width=\u00a0\u00bb1\/2&Prime;][vc_column_text]La r\u00e9servation d\u2019un terrain dans [&hellip;]\" \/>\n<meta property=\"og:url\" content=\"https:\/\/www.padelreference.com\/blog\/club-padel\/padel-plus-toulouse\/\" \/>\n<meta property=\"og:site_name\" content=\"Padel Reference\" \/>\n<meta property=\"article:modified_time\" content=\"2022-04-07T07:36:00+00:00\" \/>\n<meta name=\"twitter:card\" content=\"summary_large_image\" \/>\n<meta name=\"twitter:label1\" content=\"Dur\u00e9e de lecture estim\u00e9e\" \/>\n\t<meta name=\"twitter:data1\" content=\"1 minute\" \/>\n<script type=\"application\/ld+json\" class=\"yoast-schema-graph\">{\"@context\":\"https:\/\/schema.org\",\"@graph\":[{\"@type\":\"WebPage\",\"@id\":\"https:\/\/www.padelreference.com\/blog\/club-padel\/padel-plus-toulouse\/\",\"url\":\"https:\/\/www.padelreference.com\/blog\/club-padel\/padel-plus-toulouse\/\",\"name\":\"Les Clubs de Padel en France : la liste compl\u00e8te - Padel Reference\",\"isPartOf\":{\"@id\":\"https:\/\/www.padelreference.com\/blog\/#website\"},\"datePublished\":\"2022-04-06T14:08:50+00:00\",\"dateModified\":\"2022-04-07T07:36:00+00:00\",\"breadcrumb\":{\"@id\":\"https:\/\/www.padelreference.com\/blog\/club-padel\/padel-plus-toulouse\/#breadcrumb\"},\"inLanguage\":\"fr-FR\",\"potentialAction\":[{\"@type\":\"ReadAction\",\"target\":[\"https:\/\/www.padelreference.com\/blog\/club-padel\/padel-plus-toulouse\/\"]}]},{\"@type\":\"BreadcrumbList\",\"@id\":\"https:\/\/www.padelreference.com\/blog\/club-padel\/padel-plus-toulouse\/#breadcrumb\",\"itemListElement\":[{\"@type\":\"ListItem\",\"position\":1,\"name\":\"Accueil\",\"item\":\"https:\/\/www.padelreference.com\/blog\/\"},{\"@type\":\"ListItem\",\"position\":2,\"name\":\"Club de Padel en France\",\"item\":\"https:\/\/www.padelreference.com\/blog\/club-padel\/\"},{\"@type\":\"ListItem\",\"position\":3,\"name\":\"Padel Plus &#8211; Toulouse\"}]},{\"@type\":\"WebSite\",\"@id\":\"https:\/\/www.padelreference.com\/blog\/#website\",\"url\":\"https:\/\/www.padelreference.com\/blog\/\",\"name\":\"Padel Reference\",\"description\":\"Le Blog 100%\",\"potentialAction\":[{\"@type\":\"SearchAction\",\"target\":{\"@type\":\"EntryPoint\",\"urlTemplate\":\"https:\/\/www.padelreference.com\/blog\/?s={search_term_string}\"},\"query-input\":\"required name=search_term_string\"}],\"inLanguage\":\"fr-FR\"}]}<\/script>\n<!-- \/ Yoast SEO plugin. -->","yoast_head_json":{"title":"Les Clubs de Padel en France : la liste compl\u00e8te - Padel Reference","robots":{"index":"index","follow":"follow","max-snippet":"max-snippet:-1","max-image-preview":"max-image-preview:large","max-video-preview":"max-video-preview:-1"},"canonical":"https:\/\/www.padelreference.com\/blog\/club-padel\/padel-plus-toulouse\/","og_locale":"fr_FR","og_type":"article","og_title":"Les Clubs de Padel en France : la liste compl\u00e8te - Padel Reference","og_description":"[vc_row][vc_column][vc_column_text]Padel Plus est situ\u00e9 sur le complexe sportif de Naudin. Ce club de padel situ\u00e9 \u00e0 Toulouse Blagnac est ouvert aux d\u00e9butants, aux meilleurs joueurs, aux professionnels et pour les familles qui veulent tout simplement s\u2019amuser. [\/vc_column_text][\/vc_column][\/vc_row][vc_row][vc_column width=\u00a0\u00bb1\/2&Prime;][vc_single_image image=\u00a0\u00bb1003&Prime; img_size=\u00a0\u00bbfull\u00a0\u00bb][vc_column_text]Adresse : 39 Chemin du Moulin de Naudin, 31700 Blagnac [\/vc_column_text][\/vc_column][vc_column width=\u00a0\u00bb1\/2&Prime;][vc_column_text]La r\u00e9servation d\u2019un terrain dans [&hellip;]","og_url":"https:\/\/www.padelreference.com\/blog\/club-padel\/padel-plus-toulouse\/","og_site_name":"Padel Reference","article_modified_time":"2022-04-07T07:36:00+00:00","twitter_card":"summary_large_image","twitter_misc":{"Dur\u00e9e de lecture estim\u00e9e":"1 minute"},"schema":{"@context":"https:\/\/schema.org","@graph":[{"@type":"WebPage","@id":"https:\/\/www.padelreference.com\/blog\/club-padel\/padel-plus-toulouse\/","url":"https:\/\/www.padelreference.com\/blog\/club-padel\/padel-plus-toulouse\/","name":"Les Clubs de Padel en France : la liste compl\u00e8te - Padel Reference","isPartOf":{"@id":"https:\/\/www.padelreference.com\/blog\/#website"},"datePublished":"2022-04-06T14:08:50+00:00","dateModified":"2022-04-07T07:36:00+00:00","breadcrumb":{"@id":"https:\/\/www.padelreference.com\/blog\/club-padel\/padel-plus-toulouse\/#breadcrumb"},"inLanguage":"fr-FR","potentialAction":[{"@type":"ReadAction","target":["https:\/\/www.padelreference.com\/blog\/club-padel\/padel-plus-toulouse\/"]}]},{"@type":"BreadcrumbList","@id":"https:\/\/www.padelreference.com\/blog\/club-padel\/padel-plus-toulouse\/#breadcrumb","itemListElement":[{"@type":"ListItem","position":1,"name":"Accueil","item":"https:\/\/www.padelreference.com\/blog\/"},{"@type":"ListItem","position":2,"name":"Club de Padel en France","item":"https:\/\/www.padelreference.com\/blog\/club-padel\/"},{"@type":"ListItem","position":3,"name":"Padel Plus &#8211; Toulouse"}]},{"@type":"WebSite","@id":"https:\/\/www.padelreference.com\/blog\/#website","url":"https:\/\/www.padelreference.com\/blog\/","name":"Padel Reference","description":"Le Blog 100%","potentialAction":[{"@type":"SearchAction","target":{"@type":"EntryPoint","urlTemplate":"https:\/\/www.padelreference.com\/blog\/?s={search_term_string}"},"query-input":"required name=search_term_string"}],"inLanguage":"fr-FR"}]}},"_links":{"self":[{"href":"https:\/\/www.padelreference.com\/blog\/wp-json\/wp\/v2\/pages\/1002"}],"collection":[{"href":"https:\/\/www.padelreference.com\/blog\/wp-json\/wp\/v2\/pages"}],"about":[{"href":"https:\/\/www.padelreference.com\/blog\/wp-json\/wp\/v2\/types\/page"}],"author":[{"embeddable":true,"href":"https:\/\/www.padelreference.com\/blog\/wp-json\/wp\/v2\/users\/2"}],"replies":[{"embeddable":true,"href":"https:\/\/www.padelreference.com\/blog\/wp-json\/wp\/v2\/comments?post=1002"}],"version-history":[{"count":0,"href":"https:\/\/www.padelreference.com\/blog\/wp-json\/wp\/v2\/pages\/1002\/revisions"}],"up":[{"embeddable":true,"href":"https:\/\/www.padelreference.com\/blog\/wp-json\/wp\/v2\/pages\/722"}],"wp:attachment":[{"href":"https:\/\/www.padelreference.com\/blog\/wp-json\/wp\/v2\/media?parent=1002"}],"curies":[{"name":"wp","href":"https:\/\/api.w.org\/{rel}","templated":true}]}}