{"id":2079,"date":"2023-11-28T10:25:20","date_gmt":"2023-11-28T08:25:20","guid":{"rendered":"https:\/\/www.padelreference.com\/blog\/?page_id=2079"},"modified":"2024-04-15T10:41:43","modified_gmt":"2024-04-15T08:41:43","slug":"code-promo-padel-padel-reference","status":"publish","type":"page","link":"https:\/\/www.padelreference.com\/blog\/code-promo-padel-padel-reference\/","title":{"rendered":"Code Promo Padel"},"content":{"rendered":"<h2><strong>Que propose Padel Reference ?<\/strong><\/h2>\n<p>Padel Reference, c&rsquo;est la r\u00e9f\u00e9rence de la vente en ligne de raquettes, \u00e9quipements, accessoires et textiles de Padel. C&rsquo;est la garantie de prix bas et de mat\u00e9riel de qualit\u00e9 livr\u00e9 rapidement.<\/p>\n<h2><strong>Code promo Padel Reference<\/strong><\/h2>\n<p>D\u00e9couvrez nos codes promo padel exclusifs pour \u00e9conomiser sur vos articles pr\u00e9f\u00e9r\u00e9s (raquettes de padel, sacs de padel, chaussures, balles de padel&#8230;). Ne manquez pas l&rsquo;occasion de faire des \u00e9conomies tout en profitant des meilleures offres sur notre site internet <a href=\"https:\/\/www.padelreference.com\/fr\/\">padelreference.com<\/a>!<\/p>\n<h3><strong><a target=\"_blank\" rel=\"noopener\">Votre code promo: WELCOME24<\/a><\/strong><\/h3>\n<p>-10% de r\u00e9duction sur l&rsquo;ensemble de la<a href=\"https:\/\/www.padelreference.com\/fr\/\"> boutique<\/a> (raquettes de padel, sacs de padel, v\u00eatements, accessoires de padel, balles de padel&#8230;) <strong><em>(Valable sur votre premi\u00e8re commande)<\/em><\/strong><\/p>\n<h3><strong><a target=\"_blank\" rel=\"noopener\">Votre code promo: BULLPADEL15<\/a><\/strong><\/h3>\n<p>-15% de r\u00e9duction sur toutes les raquettes de la marque<a href=\"https:\/\/www.padelreference.com\/fr\/raquette-padel-bullpadel-51\"> Bullpadel<\/a> <strong><em>(Valable jusqu&rsquo;au 01\/09\/2024)<\/em><\/strong><\/p>\n<h3><strong><a target=\"_blank\" rel=\"noopener\">Votre code promo: FREETSHIRTBP<\/a><\/strong><\/h3>\n<p>1 tshirt offert (<a href=\"https:\/\/www.padelreference.com\/fr\/t-shirts-padel-\/2522-2885-t-shirt-bullpadel-bromo.html#\/8-taille-s\">bocho<\/a>, <a href=\"https:\/\/www.padelreference.com\/fr\/t-shirts-padel-\/2521-2882-t-shirt-bullpadel-bromo.html#\/10-taille-l\">bromo<\/a>) pour l&rsquo;achat d&rsquo;une raquette de la marque <a href=\"https:\/\/www.padelreference.com\/fr\/recherche?controller=search&amp;s=raquette+bullpadel+2024\">Bullpadel<\/a> de la collection 2024 <strong><em>(Valable jusqu&rsquo;au 31\/07\/2024)<\/em><\/strong><\/p>\n<div id='gallery-1' class='gallery galleryid-2079 gallery-columns-2 gallery-size-thumbnail'><figure class='gallery-item'>\n\t\t\t<div class='gallery-icon landscape'>\n\t\t\t\t<a href='https:\/\/www.padelreference.com\/blog\/code-promo-padel-padel-reference\/t-shirt-bullpadel-bromo-2\/'><img decoding=\"async\" width=\"150\" height=\"150\" src=\"https:\/\/www.padelreference.com\/blog\/wp-content\/uploads\/2024\/04\/t-shirt-bullpadel-bromo-1-150x150.webp\" class=\"attachment-thumbnail size-thumbnail\" alt=\"T-shirt BULLPADEL bromo\" aria-describedby=\"gallery-1-2552\" srcset=\"https:\/\/www.padelreference.com\/blog\/wp-content\/uploads\/2024\/04\/t-shirt-bullpadel-bromo-1-150x150.webp 150w, https:\/\/www.padelreference.com\/blog\/wp-content\/uploads\/2024\/04\/t-shirt-bullpadel-bromo-1-300x300.webp 300w, https:\/\/www.padelreference.com\/blog\/wp-content\/uploads\/2024\/04\/t-shirt-bullpadel-bromo-1-768x768.webp 768w, https:\/\/www.padelreference.com\/blog\/wp-content\/uploads\/2024\/04\/t-shirt-bullpadel-bromo-1-75x75.webp 75w, https:\/\/www.padelreference.com\/blog\/wp-content\/uploads\/2024\/04\/t-shirt-bullpadel-bromo-1-750x750.webp 750w, https:\/\/www.padelreference.com\/blog\/wp-content\/uploads\/2024\/04\/t-shirt-bullpadel-bromo-1.webp 800w\" sizes=\"(max-width: 150px) 100vw, 150px\" \/><\/a>\n\t\t\t<\/div>\n\t\t\t\t<figcaption class='wp-caption-text gallery-caption' id='gallery-1-2552'>\n\t\t\t\tT-shirt BULLPADEL bromo\n\t\t\t\t<\/figcaption><\/figure><figure class='gallery-item'>\n\t\t\t<div class='gallery-icon landscape'>\n\t\t\t\t<a href='https:\/\/www.padelreference.com\/blog\/code-promo-padel-padel-reference\/t-shirt-bullpadel-bocho-3\/'><img decoding=\"async\" width=\"150\" height=\"150\" src=\"https:\/\/www.padelreference.com\/blog\/wp-content\/uploads\/2024\/04\/t-shirt-bullpadel-bocho-2-150x150.webp\" class=\"attachment-thumbnail size-thumbnail\" alt=\"T-shirt BULLPADEL bocho\" aria-describedby=\"gallery-1-2551\" srcset=\"https:\/\/www.padelreference.com\/blog\/wp-content\/uploads\/2024\/04\/t-shirt-bullpadel-bocho-2-150x150.webp 150w, https:\/\/www.padelreference.com\/blog\/wp-content\/uploads\/2024\/04\/t-shirt-bullpadel-bocho-2-300x300.webp 300w, https:\/\/www.padelreference.com\/blog\/wp-content\/uploads\/2024\/04\/t-shirt-bullpadel-bocho-2-768x768.webp 768w, https:\/\/www.padelreference.com\/blog\/wp-content\/uploads\/2024\/04\/t-shirt-bullpadel-bocho-2-75x75.webp 75w, https:\/\/www.padelreference.com\/blog\/wp-content\/uploads\/2024\/04\/t-shirt-bullpadel-bocho-2-750x750.webp 750w, https:\/\/www.padelreference.com\/blog\/wp-content\/uploads\/2024\/04\/t-shirt-bullpadel-bocho-2.webp 800w\" sizes=\"(max-width: 150px) 100vw, 150px\" \/><\/a>\n\t\t\t<\/div>\n\t\t\t\t<figcaption class='wp-caption-text gallery-caption' id='gallery-1-2551'>\n\t\t\t\tT-shirt BULLPADEL bocho\n\t\t\t\t<\/figcaption><\/figure>\n\t\t<\/div>\n\n<h3><strong><a target=\"_blank\" rel=\"noopener\">Votre code promo: FREETSHIRT<\/a><\/strong><\/h3>\n<p>1 tshirt offert (<a href=\"https:\/\/www.padelreference.com\/fr\/vetements-de-padel-\/2512-2873-t-shirt-babolat-noir.html#\/8-taille-s\">noir<\/a>,<a href=\"https:\/\/www.padelreference.com\/fr\/vetements-de-padel-\/2180-2530-t-shirt-babolat-blanc.html#\/8-taille-s\"> blanc<\/a>, <a href=\"https:\/\/www.padelreference.com\/fr\/vetements-de-padel-\/2036-2145-t-shirt-babolat-angel-blue.html#\/8-taille-s\">angel blue<\/a>) pour l&rsquo;achat d&rsquo;une raquette de la marque <a href=\"https:\/\/www.padelreference.com\/fr\/raquette-padel-babolat-64\">Babolat<\/a> de la collection 2024 <strong><em>(Valable jusqu&rsquo;au 01\/02\/2025)<\/em><\/strong><\/p>\n<div id='gallery-2' class='gallery galleryid-2079 gallery-columns-3 gallery-size-thumbnail'><figure class='gallery-item'>\n\t\t\t<div class='gallery-icon landscape'>\n\t\t\t\t<a href='https:\/\/www.padelreference.com\/blog\/code-promo-padel-padel-reference\/babolat-t-shirt-a-manches-courtes-padel-cotton\/'><img decoding=\"async\" width=\"150\" height=\"150\" src=\"https:\/\/www.padelreference.com\/blog\/wp-content\/uploads\/2024\/04\/babolat-t-shirt-a-manches-courtes-padel-cotton-150x150.jpg\" class=\"attachment-thumbnail size-thumbnail\" alt=\"T-Shirt BABOLAT Noir\" aria-describedby=\"gallery-2-2548\" srcset=\"https:\/\/www.padelreference.com\/blog\/wp-content\/uploads\/2024\/04\/babolat-t-shirt-a-manches-courtes-padel-cotton-150x150.jpg 150w, https:\/\/www.padelreference.com\/blog\/wp-content\/uploads\/2024\/04\/babolat-t-shirt-a-manches-courtes-padel-cotton-300x300.jpg 300w, https:\/\/www.padelreference.com\/blog\/wp-content\/uploads\/2024\/04\/babolat-t-shirt-a-manches-courtes-padel-cotton-768x768.jpg 768w, https:\/\/www.padelreference.com\/blog\/wp-content\/uploads\/2024\/04\/babolat-t-shirt-a-manches-courtes-padel-cotton-75x75.jpg 75w, https:\/\/www.padelreference.com\/blog\/wp-content\/uploads\/2024\/04\/babolat-t-shirt-a-manches-courtes-padel-cotton-750x750.jpg 750w, https:\/\/www.padelreference.com\/blog\/wp-content\/uploads\/2024\/04\/babolat-t-shirt-a-manches-courtes-padel-cotton.jpg 1000w\" sizes=\"(max-width: 150px) 100vw, 150px\" \/><\/a>\n\t\t\t<\/div>\n\t\t\t\t<figcaption class='wp-caption-text gallery-caption' id='gallery-2-2548'>\n\t\t\t\tT-Shirt BABOLAT Noir\n\t\t\t\t<\/figcaption><\/figure><figure class='gallery-item'>\n\t\t\t<div class='gallery-icon landscape'>\n\t\t\t\t<a href='https:\/\/www.padelreference.com\/blog\/code-promo-padel-padel-reference\/babolat-t-shirt-a-manches-courtes-padel-cotton-1\/'><img decoding=\"async\" width=\"150\" height=\"150\" src=\"https:\/\/www.padelreference.com\/blog\/wp-content\/uploads\/2024\/04\/babolat-t-shirt-a-manches-courtes-padel-cotton-1-150x150.jpg\" class=\"attachment-thumbnail size-thumbnail\" alt=\"T-Shirt BABOLAT Angel blue\" aria-describedby=\"gallery-2-2547\" srcset=\"https:\/\/www.padelreference.com\/blog\/wp-content\/uploads\/2024\/04\/babolat-t-shirt-a-manches-courtes-padel-cotton-1-150x150.jpg 150w, https:\/\/www.padelreference.com\/blog\/wp-content\/uploads\/2024\/04\/babolat-t-shirt-a-manches-courtes-padel-cotton-1-300x300.jpg 300w, https:\/\/www.padelreference.com\/blog\/wp-content\/uploads\/2024\/04\/babolat-t-shirt-a-manches-courtes-padel-cotton-1-768x768.jpg 768w, https:\/\/www.padelreference.com\/blog\/wp-content\/uploads\/2024\/04\/babolat-t-shirt-a-manches-courtes-padel-cotton-1-75x75.jpg 75w, https:\/\/www.padelreference.com\/blog\/wp-content\/uploads\/2024\/04\/babolat-t-shirt-a-manches-courtes-padel-cotton-1-750x750.jpg 750w, https:\/\/www.padelreference.com\/blog\/wp-content\/uploads\/2024\/04\/babolat-t-shirt-a-manches-courtes-padel-cotton-1.jpg 1000w\" sizes=\"(max-width: 150px) 100vw, 150px\" \/><\/a>\n\t\t\t<\/div>\n\t\t\t\t<figcaption class='wp-caption-text gallery-caption' id='gallery-2-2547'>\n\t\t\t\tT-Shirt BABOLAT Angel blue\n\t\t\t\t<\/figcaption><\/figure><figure class='gallery-item'>\n\t\t\t<div class='gallery-icon landscape'>\n\t\t\t\t<a href='https:\/\/www.padelreference.com\/blog\/code-promo-padel-padel-reference\/babolat-t-shirt-a-manches-courtes-padel-cotton-2\/'><img decoding=\"async\" width=\"150\" height=\"150\" src=\"https:\/\/www.padelreference.com\/blog\/wp-content\/uploads\/2024\/04\/babolat-t-shirt-a-manches-courtes-padel-cotton-2-150x150.jpg\" class=\"attachment-thumbnail size-thumbnail\" alt=\"T-Shirt BABOLAT Blanc\" aria-describedby=\"gallery-2-2546\" srcset=\"https:\/\/www.padelreference.com\/blog\/wp-content\/uploads\/2024\/04\/babolat-t-shirt-a-manches-courtes-padel-cotton-2-150x150.jpg 150w, https:\/\/www.padelreference.com\/blog\/wp-content\/uploads\/2024\/04\/babolat-t-shirt-a-manches-courtes-padel-cotton-2-300x300.jpg 300w, https:\/\/www.padelreference.com\/blog\/wp-content\/uploads\/2024\/04\/babolat-t-shirt-a-manches-courtes-padel-cotton-2-768x768.jpg 768w, https:\/\/www.padelreference.com\/blog\/wp-content\/uploads\/2024\/04\/babolat-t-shirt-a-manches-courtes-padel-cotton-2-75x75.jpg 75w, https:\/\/www.padelreference.com\/blog\/wp-content\/uploads\/2024\/04\/babolat-t-shirt-a-manches-courtes-padel-cotton-2-750x750.jpg 750w, https:\/\/www.padelreference.com\/blog\/wp-content\/uploads\/2024\/04\/babolat-t-shirt-a-manches-courtes-padel-cotton-2.jpg 1000w\" sizes=\"(max-width: 150px) 100vw, 150px\" \/><\/a>\n\t\t\t<\/div>\n\t\t\t\t<figcaption class='wp-caption-text gallery-caption' id='gallery-2-2546'>\n\t\t\t\tT-Shirt BABOLAT Blanc\n\t\t\t\t<\/figcaption><\/figure>\n\t\t<\/div>\n\n<p style=\"text-align: left;\"><strong>*<em>les o<\/em><em>ffres sont sujettes \u00e0 la disponibilit\u00e9 des stocks.<\/em><\/strong><\/p>\n<p>Faites votre choix parmi notre s\u00e9lection de produits disponible sur notre site internet et profitez de l&rsquo;occasion pour renouveler votre \u00e9quipement de padel \u00e0 des prix avantageux.<\/p>\n<p>N&rsquo;oubliez pas d&rsquo;appliquer le code promo padel au moment de votre achat pour b\u00e9n\u00e9ficier de la remise. Ne tardez pas, ces offres sont \u00e0 dur\u00e9e limit\u00e9e !<\/p>\n<p>Abonnez-vous \u00e0 notre newsletter pour ne manquer aucune nouveaut\u00e9s et bons plans!<\/p>\n<p><strong><em><span class=\"Hyperlink0\">*Livraison gratuite en France M\u00e9tropolitaine d\u00e8s 69 <\/span><span class=\"Hyperlink0\">\u20ac\u00a0d\u2019achat.<\/span><\/em><\/strong><\/p>\n","protected":false},"excerpt":{"rendered":"<p>Que propose Padel Reference ? Padel Reference, c&rsquo;est la r\u00e9f\u00e9rence de la vente en ligne de raquettes, \u00e9quipements, accessoires et textiles de Padel. C&rsquo;est la garantie de prix bas et de mat\u00e9riel de qualit\u00e9 livr\u00e9 rapidement. Code promo Padel Reference D\u00e9couvrez nos codes promo padel exclusifs pour \u00e9conomiser sur vos articles pr\u00e9f\u00e9r\u00e9s (raquettes de padel, [&hellip;]<\/p>\n","protected":false},"author":4,"featured_media":2561,"parent":0,"menu_order":0,"comment_status":"closed","ping_status":"closed","template":"","meta":{"footnotes":""},"class_list":["post-2079","page","type-page","status-publish","has-post-thumbnail","hentry"],"yoast_head":"<!-- This site is optimized with the Yoast SEO plugin v23.1 - https:\/\/yoast.com\/wordpress\/plugins\/seo\/ -->\n<title>Code Promo Padel - Padel Reference<\/title>\n<meta name=\"description\" content=\"Retrouvez nos meilleurs codes promo padel (raquette de padel, chaussures, accessoires) - Padel Nuestro - Esprit Padel Shop\" \/>\n<meta name=\"robots\" content=\"index, follow, max-snippet:-1, max-image-preview:large, max-video-preview:-1\" \/>\n<link rel=\"canonical\" href=\"https:\/\/www.padelreference.com\/blog\/code-promo-padel-padel-reference\/\" \/>\n<meta property=\"og:locale\" content=\"fr_FR\" \/>\n<meta property=\"og:type\" content=\"article\" \/>\n<meta property=\"og:title\" content=\"Code Promo Padel - Padel Reference\" \/>\n<meta property=\"og:description\" content=\"Retrouvez nos meilleurs codes promo padel (raquette de padel, chaussures, accessoires) - Padel Nuestro - Esprit Padel Shop\" \/>\n<meta property=\"og:url\" content=\"https:\/\/www.padelreference.com\/blog\/code-promo-padel-padel-reference\/\" \/>\n<meta property=\"og:site_name\" content=\"Padel Reference\" \/>\n<meta property=\"article:modified_time\" content=\"2024-04-15T08:41:43+00:00\" \/>\n<meta property=\"og:image\" content=\"https:\/\/www.padelreference.com\/blog\/wp-content\/uploads\/2024\/04\/Visuels-Newlsetter.png\" \/>\n\t<meta property=\"og:image:width\" content=\"840\" \/>\n\t<meta property=\"og:image:height\" content=\"402\" \/>\n\t<meta property=\"og:image:type\" content=\"image\/png\" \/>\n<meta name=\"twitter:card\" content=\"summary_large_image\" \/>\n<meta name=\"twitter:label1\" content=\"Dur\u00e9e de lecture estim\u00e9e\" \/>\n\t<meta name=\"twitter:data1\" content=\"2 minutes\" \/>\n<script type=\"application\/ld+json\" class=\"yoast-schema-graph\">{\"@context\":\"https:\/\/schema.org\",\"@graph\":[{\"@type\":\"WebPage\",\"@id\":\"https:\/\/www.padelreference.com\/blog\/code-promo-padel-padel-reference\/\",\"url\":\"https:\/\/www.padelreference.com\/blog\/code-promo-padel-padel-reference\/\",\"name\":\"Code Promo Padel - Padel Reference\",\"isPartOf\":{\"@id\":\"https:\/\/www.padelreference.com\/blog\/#website\"},\"primaryImageOfPage\":{\"@id\":\"https:\/\/www.padelreference.com\/blog\/code-promo-padel-padel-reference\/#primaryimage\"},\"image\":{\"@id\":\"https:\/\/www.padelreference.com\/blog\/code-promo-padel-padel-reference\/#primaryimage\"},\"thumbnailUrl\":\"https:\/\/www.padelreference.com\/blog\/wp-content\/uploads\/2024\/04\/Visuels-Newlsetter.png\",\"datePublished\":\"2023-11-28T08:25:20+00:00\",\"dateModified\":\"2024-04-15T08:41:43+00:00\",\"description\":\"Retrouvez nos meilleurs codes promo padel (raquette de padel, chaussures, accessoires) - Padel Nuestro - Esprit Padel Shop\",\"breadcrumb\":{\"@id\":\"https:\/\/www.padelreference.com\/blog\/code-promo-padel-padel-reference\/#breadcrumb\"},\"inLanguage\":\"fr-FR\",\"potentialAction\":[{\"@type\":\"ReadAction\",\"target\":[\"https:\/\/www.padelreference.com\/blog\/code-promo-padel-padel-reference\/\"]}]},{\"@type\":\"ImageObject\",\"inLanguage\":\"fr-FR\",\"@id\":\"https:\/\/www.padelreference.com\/blog\/code-promo-padel-padel-reference\/#primaryimage\",\"url\":\"https:\/\/www.padelreference.com\/blog\/wp-content\/uploads\/2024\/04\/Visuels-Newlsetter.png\",\"contentUrl\":\"https:\/\/www.padelreference.com\/blog\/wp-content\/uploads\/2024\/04\/Visuels-Newlsetter.png\",\"width\":840,\"height\":402,\"caption\":\"Code promo Padel Reference\"},{\"@type\":\"BreadcrumbList\",\"@id\":\"https:\/\/www.padelreference.com\/blog\/code-promo-padel-padel-reference\/#breadcrumb\",\"itemListElement\":[{\"@type\":\"ListItem\",\"position\":1,\"name\":\"Accueil\",\"item\":\"https:\/\/www.padelreference.com\/blog\/\"},{\"@type\":\"ListItem\",\"position\":2,\"name\":\"Code Promo Padel\"}]},{\"@type\":\"WebSite\",\"@id\":\"https:\/\/www.padelreference.com\/blog\/#website\",\"url\":\"https:\/\/www.padelreference.com\/blog\/\",\"name\":\"Padel Reference\",\"description\":\"Le Blog 100%\",\"potentialAction\":[{\"@type\":\"SearchAction\",\"target\":{\"@type\":\"EntryPoint\",\"urlTemplate\":\"https:\/\/www.padelreference.com\/blog\/?s={search_term_string}\"},\"query-input\":\"required name=search_term_string\"}],\"inLanguage\":\"fr-FR\"}]}<\/script>\n<!-- \/ Yoast SEO plugin. -->","yoast_head_json":{"title":"Code Promo Padel - Padel Reference","description":"Retrouvez nos meilleurs codes promo padel (raquette de padel, chaussures, accessoires) - Padel Nuestro - Esprit Padel Shop","robots":{"index":"index","follow":"follow","max-snippet":"max-snippet:-1","max-image-preview":"max-image-preview:large","max-video-preview":"max-video-preview:-1"},"canonical":"https:\/\/www.padelreference.com\/blog\/code-promo-padel-padel-reference\/","og_locale":"fr_FR","og_type":"article","og_title":"Code Promo Padel - Padel Reference","og_description":"Retrouvez nos meilleurs codes promo padel (raquette de padel, chaussures, accessoires) - Padel Nuestro - Esprit Padel Shop","og_url":"https:\/\/www.padelreference.com\/blog\/code-promo-padel-padel-reference\/","og_site_name":"Padel Reference","article_modified_time":"2024-04-15T08:41:43+00:00","og_image":[{"width":840,"height":402,"url":"https:\/\/www.padelreference.com\/blog\/wp-content\/uploads\/2024\/04\/Visuels-Newlsetter.png","type":"image\/png"}],"twitter_card":"summary_large_image","twitter_misc":{"Dur\u00e9e de lecture estim\u00e9e":"2 minutes"},"schema":{"@context":"https:\/\/schema.org","@graph":[{"@type":"WebPage","@id":"https:\/\/www.padelreference.com\/blog\/code-promo-padel-padel-reference\/","url":"https:\/\/www.padelreference.com\/blog\/code-promo-padel-padel-reference\/","name":"Code Promo Padel - Padel Reference","isPartOf":{"@id":"https:\/\/www.padelreference.com\/blog\/#website"},"primaryImageOfPage":{"@id":"https:\/\/www.padelreference.com\/blog\/code-promo-padel-padel-reference\/#primaryimage"},"image":{"@id":"https:\/\/www.padelreference.com\/blog\/code-promo-padel-padel-reference\/#primaryimage"},"thumbnailUrl":"https:\/\/www.padelreference.com\/blog\/wp-content\/uploads\/2024\/04\/Visuels-Newlsetter.png","datePublished":"2023-11-28T08:25:20+00:00","dateModified":"2024-04-15T08:41:43+00:00","description":"Retrouvez nos meilleurs codes promo padel (raquette de padel, chaussures, accessoires) - Padel Nuestro - Esprit Padel Shop","breadcrumb":{"@id":"https:\/\/www.padelreference.com\/blog\/code-promo-padel-padel-reference\/#breadcrumb"},"inLanguage":"fr-FR","potentialAction":[{"@type":"ReadAction","target":["https:\/\/www.padelreference.com\/blog\/code-promo-padel-padel-reference\/"]}]},{"@type":"ImageObject","inLanguage":"fr-FR","@id":"https:\/\/www.padelreference.com\/blog\/code-promo-padel-padel-reference\/#primaryimage","url":"https:\/\/www.padelreference.com\/blog\/wp-content\/uploads\/2024\/04\/Visuels-Newlsetter.png","contentUrl":"https:\/\/www.padelreference.com\/blog\/wp-content\/uploads\/2024\/04\/Visuels-Newlsetter.png","width":840,"height":402,"caption":"Code promo Padel Reference"},{"@type":"BreadcrumbList","@id":"https:\/\/www.padelreference.com\/blog\/code-promo-padel-padel-reference\/#breadcrumb","itemListElement":[{"@type":"ListItem","position":1,"name":"Accueil","item":"https:\/\/www.padelreference.com\/blog\/"},{"@type":"ListItem","position":2,"name":"Code Promo Padel"}]},{"@type":"WebSite","@id":"https:\/\/www.padelreference.com\/blog\/#website","url":"https:\/\/www.padelreference.com\/blog\/","name":"Padel Reference","description":"Le Blog 100%","potentialAction":[{"@type":"SearchAction","target":{"@type":"EntryPoint","urlTemplate":"https:\/\/www.padelreference.com\/blog\/?s={search_term_string}"},"query-input":"required name=search_term_string"}],"inLanguage":"fr-FR"}]}},"_links":{"self":[{"href":"https:\/\/www.padelreference.com\/blog\/wp-json\/wp\/v2\/pages\/2079"}],"collection":[{"href":"https:\/\/www.padelreference.com\/blog\/wp-json\/wp\/v2\/pages"}],"about":[{"href":"https:\/\/www.padelreference.com\/blog\/wp-json\/wp\/v2\/types\/page"}],"author":[{"embeddable":true,"href":"https:\/\/www.padelreference.com\/blog\/wp-json\/wp\/v2\/users\/4"}],"replies":[{"embeddable":true,"href":"https:\/\/www.padelreference.com\/blog\/wp-json\/wp\/v2\/comments?post=2079"}],"version-history":[{"count":0,"href":"https:\/\/www.padelreference.com\/blog\/wp-json\/wp\/v2\/pages\/2079\/revisions"}],"wp:featuredmedia":[{"embeddable":true,"href":"https:\/\/www.padelreference.com\/blog\/wp-json\/wp\/v2\/media\/2561"}],"wp:attachment":[{"href":"https:\/\/www.padelreference.com\/blog\/wp-json\/wp\/v2\/media?parent=2079"}],"curies":[{"name":"wp","href":"https:\/\/api.w.org\/{rel}","templated":true}]}}