{"id":722,"date":"2022-03-24T16:53:56","date_gmt":"2022-03-24T14:53:56","guid":{"rendered":"https:\/\/www.padelreference.com\/blog\/?page_id=722"},"modified":"2022-07-12T12:29:54","modified_gmt":"2022-07-12T10:29:54","slug":"club-padel","status":"publish","type":"page","link":"https:\/\/www.padelreference.com\/blog\/club-padel\/","title":{"rendered":"Club de Padel en France"},"content":{"rendered":"<p>[vc_row][vc_column width=\u00a0\u00bb1\/3&Prime;][vc_single_image image=\u00a0\u00bb769&Prime; img_size=\u00a0\u00bbfull\u00a0\u00bb alignment=\u00a0\u00bbcenter\u00a0\u00bb][vc_column_text]<\/p>\n<h2>SquashBad33 &#8211; Bordeaux<\/h2>\n<p>[\/vc_column_text][vc_column_text]Situ\u00e9 \u00e0 Bordeaux, le Club de Padel : SquashBad 33 vous accueille pour pratiquer le Padel.<\/p>\n<p><a href=\"\/blog\/club-padel\/squashbad33-bordeaux\/\"><strong><span style=\"text-decoration: underline;\">SquashBad33<\/span><\/strong><\/a>[\/vc_column_text][vc_empty_space height=\u00a0\u00bb50px\u00a0\u00bb][\/vc_column][vc_column width=\u00a0\u00bb1\/3&Prime;][vc_single_image image=\u00a0\u00bb742&Prime; img_size=\u00a0\u00bbfull\u00a0\u00bb alignment=\u00a0\u00bbcenter\u00a0\u00bb][vc_column_text]<\/p>\n<h2>Padel Touch &#8211; Bassin d&rsquo;Arcachon<\/h2>\n<p>[\/vc_column_text][vc_column_text]Situ\u00e9 sur le Bassin d&rsquo;arcachon, le Club de Padel : Padel Touch vous accueille pour pratiquer le Padel.<\/p>\n<p><a href=\"\/blog\/club-padel\/padel-touch-arcachon\/\"><strong><span style=\"text-decoration: underline;\">Padel Touch<\/span><\/strong><\/a>[\/vc_column_text][vc_empty_space height=\u00a0\u00bb50px\u00a0\u00bb][\/vc_column][vc_column width=\u00a0\u00bb1\/3&Prime;][vc_single_image image=\u00a0\u00bb755&Prime; img_size=\u00a0\u00bbfull\u00a0\u00bb alignment=\u00a0\u00bbcenter\u00a0\u00bb][vc_column_text]<\/p>\n<h2>Big Padel &#8211; Bordeaux<\/h2>\n<p>[\/vc_column_text][vc_column_text]Situ\u00e9 \u00e0 Bordeaux, le Club de Padel : Big Padel vous accueille pour pratiquer le Padel.<\/p>\n<p><a href=\"\/blog\/club-padel\/big-padel-bordeaux\/\"><strong><span style=\"text-decoration: underline;\">Big Padel<\/span><\/strong><\/a>[\/vc_column_text][vc_empty_space height=\u00a0\u00bb50px\u00a0\u00bb][\/vc_column][\/vc_row][vc_row][vc_column width=\u00a0\u00bb1\/3&Prime;][vc_single_image image=\u00a0\u00bb764&Prime; img_size=\u00a0\u00bbfull\u00a0\u00bb alignment=\u00a0\u00bbcenter\u00a0\u00bb][vc_column_text]<\/p>\n<h2>Le Tennis Club &#8211; Bordeaux<\/h2>\n<p>[\/vc_column_text][vc_column_text]Situ\u00e9 \u00e0 Bordeaux, le Club de Padel : Tennis Club\u00a0vous accueille pour pratiquer le Padel.<\/p>\n<p><a href=\"\/blog\/club-padel\/le-tennis-club-bordeaux\/\"><strong><span style=\"text-decoration: underline;\">Le Tennis Club<\/span><\/strong><\/a>[\/vc_column_text][vc_empty_space height=\u00a0\u00bb50px\u00a0\u00bb][\/vc_column][vc_column width=\u00a0\u00bb1\/3&Prime;][vc_single_image image=\u00a0\u00bb852&Prime; img_size=\u00a0\u00bbfull\u00a0\u00bb alignment=\u00a0\u00bbcenter\u00a0\u00bb][vc_column_text]<\/p>\n<h2>MB Padel &#8211; Bordeaux<\/h2>\n<p>[\/vc_column_text][vc_column_text]Situ\u00e9 rive droite \u00e0 Bordeaux, le Club de Padel : MB Padel vous accueille pour pratiquer le Padel.<\/p>\n<p><a href=\"\/blog\/club-padel\/mb-padel-bordeaux\/\"><strong><span style=\"text-decoration: underline;\">MB Padel &#8211; Bordeaux<\/span><\/strong><\/a>[\/vc_column_text][vc_empty_space height=\u00a0\u00bb50px\u00a0\u00bb][\/vc_column][vc_column width=\u00a0\u00bb1\/3&Prime;][vc_single_image image=\u00a0\u00bb849&Prime; img_size=\u00a0\u00bbfull\u00a0\u00bb alignment=\u00a0\u00bbcenter\u00a0\u00bb][vc_column_text]<\/p>\n<h2>Tennis club du Pinsan\u00a0&#8211; Eysines<\/h2>\n<p>[\/vc_column_text][vc_column_text]Situ\u00e9 \u00e0 Eysines, le Club de Padel : Tennis club du Pinsan vous accueille pour pratiquer le Padel.<\/p>\n<p><a href=\"\/blog\/club-padel\/tennis-club-du-pinsan-eysines\/\"><strong><span style=\"text-decoration: underline;\">Tennis club du Pinsan\u00a0&#8211; Eysines<\/span><\/strong><\/a>[\/vc_column_text][vc_empty_space height=\u00a0\u00bb50px\u00a0\u00bb][\/vc_column][\/vc_row][vc_row][vc_column width=\u00a0\u00bb1\/3&Prime;][vc_single_image image=\u00a0\u00bb783&Prime; img_size=\u00a0\u00bbfull\u00a0\u00bb alignment=\u00a0\u00bbcenter\u00a0\u00bb][vc_column_text]<\/p>\n<h2>US Bouscat\u00a0 &#8211; Le Bouscat<\/h2>\n<p>[\/vc_column_text][vc_column_text]Situ\u00e9 au Bouscat, le Club de Padel : US Bouscat\u00a0vous accueille pour pratiquer le Padel.<\/p>\n<p><a href=\"\/blog\/club-padel\/us-bouscat-le-bouscat\/\"><strong><span style=\"text-decoration: underline;\">US Bouscat\u00a0<\/span><\/strong><\/a>[\/vc_column_text][vc_empty_space height=\u00a0\u00bb50px\u00a0\u00bb][\/vc_column][vc_column width=\u00a0\u00bb1\/3&Prime;][vc_single_image image=\u00a0\u00bb775&Prime; img_size=\u00a0\u00bbfull\u00a0\u00bb alignment=\u00a0\u00bbcenter\u00a0\u00bb][vc_column_text]<\/p>\n<h2>US Cenon Tennis\/Padel \u2013 Cenon<\/h2>\n<p>[\/vc_column_text][vc_column_text]Situ\u00e9 \u00e0 Bordeaux, le Club de Padel : SquashBad 33 vous accueille pour pratiquer le Padel.<\/p>\n<p><a href=\"https:\/\/www.padelreference.com\/blog\/club-padel\/us-cenon-tennis-padel-cenon\/\"><strong><span style=\"text-decoration: underline;\">Us Cenon Tennis\/Padel<\/span><\/strong><\/a>[\/vc_column_text][vc_empty_space height=\u00a0\u00bb50px\u00a0\u00bb][\/vc_column][vc_column width=\u00a0\u00bb1\/3&Prime;][vc_single_image image=\u00a0\u00bb854&Prime; img_size=\u00a0\u00bbfull\u00a0\u00bb alignment=\u00a0\u00bbcenter\u00a0\u00bb][vc_column_text]<\/p>\n<h2>Esprit Padel &#8211; Lyon<\/h2>\n<p>[\/vc_column_text][vc_column_text]Situ\u00e9 \u00e0 Saint-Priest, le Club de Padel : Esprit Padel vous accueille pour pratiquer le Padel.<\/p>\n<p><a href=\"\/blog\/club-padel\/esprit-padel-lyon\/\"><strong><span style=\"text-decoration: underline;\">Esprit Padel<\/span><\/strong><\/a>[\/vc_column_text][vc_empty_space height=\u00a0\u00bb50px\u00a0\u00bb][\/vc_column][\/vc_row][vc_row][vc_column width=\u00a0\u00bb1\/3&Prime;][vc_single_image image=\u00a0\u00bb802&Prime; img_size=\u00a0\u00bbfull\u00a0\u00bb alignment=\u00a0\u00bbcenter\u00a0\u00bb][vc_column_text]<\/p>\n<h2>All In Badminton &amp; Padel &#8211; Lyon<\/h2>\n<p>[\/vc_column_text][vc_column_text]Situ\u00e9 \u00e0 D\u00e9cines-Charpieu, le Club de Padel : All Badminton &amp; Padel vous accueille pour pratiquer le Padel.<\/p>\n<p><a href=\"\/blog\/club-padel\/all-in-badminton-padel-lyon\/\"><strong><span style=\"text-decoration: underline;\">All Badminton &amp; Padel<\/span><\/strong><\/a>[\/vc_column_text][vc_empty_space height=\u00a0\u00bb50px\u00a0\u00bb][\/vc_column][vc_column width=\u00a0\u00bb1\/3&Prime;][vc_single_image image=\u00a0\u00bb818&Prime; img_size=\u00a0\u00bbfull\u00a0\u00bb alignment=\u00a0\u00bbcenter\u00a0\u00bb][vc_column_text]<\/p>\n<h2>Lou Tennis Padel &#8211; Lyon<\/h2>\n<p>[\/vc_column_text][vc_column_text]Situ\u00e9 \u00e0 Bordeaux, le Club de Padel : Lou Tennis vous accueille pour pratiquer le Padel.<\/p>\n<p><a href=\"\/blog\/club-padel\/lou-tennis-padel-lyon\/\"><strong><span style=\"text-decoration: underline;\">Lou Tennis<\/span><\/strong><\/a>[\/vc_column_text][vc_empty_space height=\u00a0\u00bb50px\u00a0\u00bb][\/vc_column][vc_column width=\u00a0\u00bb1\/3&Prime;][vc_single_image image=\u00a0\u00bb853&Prime; img_size=\u00a0\u00bbfull\u00a0\u00bb alignment=\u00a0\u00bbcenter\u00a0\u00bb][vc_column_text]<\/p>\n<h2>Olympia Sports &#8211; Lyon<\/h2>\n<p>[\/vc_column_text][vc_column_text]Situ\u00e9 \u00e0 D\u00e9cines-Charpieu, le Club de Padel : Olympia Sports vous accueille pour pratiquer le Padel.<\/p>\n<p><a href=\"\/blog\/club-padel\/olympia-sports-lyon\/\"><strong><span style=\"text-decoration: underline;\">Olympia Sports<\/span><\/strong><\/a>[\/vc_column_text][vc_empty_space height=\u00a0\u00bb50px\u00a0\u00bb][\/vc_column][\/vc_row][vc_row][vc_column width=\u00a0\u00bb1\/3&Prime;][vc_single_image image=\u00a0\u00bb797&Prime; img_size=\u00a0\u00bbfull\u00a0\u00bb alignment=\u00a0\u00bbcenter\u00a0\u00bb][vc_column_text]<\/p>\n<h2>Tennis Club &#8211; Lyon<\/h2>\n<p>[\/vc_column_text][vc_column_text]Situ\u00e9 \u00e0 Villeurbanne, le Club de Padel : Tennis Club vous accueille pour pratiquer le Padel.<\/p>\n<p><a href=\"\/blog\/club-padel\/tennis-club-lyon\/\"><strong><span style=\"text-decoration: underline;\">Tennis Club<\/span><\/strong><\/a>[\/vc_column_text][vc_empty_space height=\u00a0\u00bb50px\u00a0\u00bb][\/vc_column][vc_column width=\u00a0\u00bb1\/3&Prime;][vc_single_image image=\u00a0\u00bb805&Prime; img_size=\u00a0\u00bbfull\u00a0\u00bb alignment=\u00a0\u00bbcenter\u00a0\u00bb][vc_column_text]<\/p>\n<h2>Tennis Club La Pape &#8211; Lyon<\/h2>\n<p>[\/vc_column_text][vc_column_text]Situ\u00e9 \u00e0 Rillieux-la-Pape, le Club de Padel : Tennis Club La Pape vous accueille pour pratiquer le Padel.<\/p>\n<p><a href=\"\/blog\/club-padel\/tennis-club-la-pape-lyon\/\"><strong><span style=\"text-decoration: underline;\">Tennis Club La Pape<\/span><\/strong><\/a>[\/vc_column_text][vc_empty_space height=\u00a0\u00bb50px\u00a0\u00bb][\/vc_column][vc_column width=\u00a0\u00bb1\/3&Prime;][vc_single_image image=\u00a0\u00bb855&Prime; img_size=\u00a0\u00bbfull\u00a0\u00bb alignment=\u00a0\u00bbcenter\u00a0\u00bb][vc_column_text]<\/p>\n<h2>Tennis Padel Club Dardilly Champagne &#8211; Lyon<\/h2>\n<p>[\/vc_column_text][vc_column_text]Situ\u00e9 \u00e0 Champagne-au-Mont-d&rsquo;Or, le Club de Padel : Tennis Club Padel Dardilly Champagne vous accueille pour pratiquer le Padel.<\/p>\n<p><a href=\"\/blog\/club-padel\/tennis-padel-club-dardilly-champagne-lyon\/\"><strong><span style=\"text-decoration: underline;\">Tennis Club Padel Dardilly Champagne<\/span><\/strong><\/a>[\/vc_column_text][vc_empty_space height=\u00a0\u00bb50px\u00a0\u00bb][\/vc_column][\/vc_row][vc_row][vc_column width=\u00a0\u00bb1\/3&Prime;][vc_single_image image=\u00a0\u00bb968&Prime; img_size=\u00a0\u00bbfull\u00a0\u00bb alignment=\u00a0\u00bbcenter\u00a0\u00bb][vc_column_text]<\/p>\n<h2>4Padel &#8211; Paris<\/h2>\n<p>[\/vc_column_text][vc_column_text]Situ\u00e9 \u00e0 <span style=\"font-weight: 400;\">Cr\u00e9teil, Champigny et Marville<\/span>, les Clubs de Padel : 4Padel vous accueille pour pratiquer le Padel.<\/p>\n<p><a href=\"https:\/\/www.padelreference.com\/blog\/club-padel\/4padel-paris\/\"><strong><span style=\"text-decoration: underline;\">4Padel<\/span><\/strong><\/a>[\/vc_column_text][vc_empty_space height=\u00a0\u00bb50px\u00a0\u00bb][\/vc_column][vc_column width=\u00a0\u00bb1\/3&Prime;][vc_single_image image=\u00a0\u00bb953&Prime; img_size=\u00a0\u00bbfull\u00a0\u00bb alignment=\u00a0\u00bbcenter\u00a0\u00bb][vc_column_text]<\/p>\n<h2>B-14 &#8211; Paris<\/h2>\n<p>[\/vc_column_text][vc_column_text]Situ\u00e9 \u00e0 Bondoufle, le Club de Padel : B14 vous accueille pour pratiquer le Padel.<\/p>\n<p><a href=\"https:\/\/www.padelreference.com\/blog\/club-padel\/b-14-paris\/\"><strong><span style=\"text-decoration: underline;\">B14<\/span><\/strong><\/a>[\/vc_column_text][vc_empty_space height=\u00a0\u00bb50px\u00a0\u00bb][\/vc_column][vc_column width=\u00a0\u00bb1\/3&Prime;][vc_single_image image=\u00a0\u00bb965&Prime; img_size=\u00a0\u00bbfull\u00a0\u00bb alignment=\u00a0\u00bbcenter\u00a0\u00bb][vc_column_text]<\/p>\n<h2>Casa Padel &#8211; Paris<\/h2>\n<p>[\/vc_column_text][vc_column_text]Situ\u00e9 \u00e0 Saint-Denis, le Club de Padel : Casa Padel vous accueille pour pratiquer le Padel.<\/p>\n<p><a href=\"https:\/\/www.padelreference.com\/blog\/club-padel\/casa-padel-paris\/\"><strong><span style=\"text-decoration: underline;\">Casa Padel<\/span><\/strong><\/a>[\/vc_column_text][vc_empty_space height=\u00a0\u00bb50px\u00a0\u00bb][\/vc_column][\/vc_row][vc_row][vc_column width=\u00a0\u00bb1\/3&Prime;][vc_single_image image=\u00a0\u00bb970&Prime; img_size=\u00a0\u00bbfull\u00a0\u00bb alignment=\u00a0\u00bbcenter\u00a0\u00bb][vc_column_text]<\/p>\n<h2>Plan\u00e8te Raquettes &#8211; Paris<\/h2>\n<p>[\/vc_column_text][vc_column_text]Situ\u00e9 \u00e0 <span style=\"font-weight: 400;\">Vulaines\/Seines<\/span>, le Club de Padel : Plan\u00e8te Raquettes vous accueille pour pratiquer le Padel.<\/p>\n<p><a href=\"https:\/\/www.padelreference.com\/blog\/club-padel\/planete-raquette-paris\/\"><strong><span style=\"text-decoration: underline;\">Plan\u00e8tes Raquettes<\/span><\/strong><\/a>[\/vc_column_text][vc_empty_space height=\u00a0\u00bb50px\u00a0\u00bb][\/vc_column][vc_column width=\u00a0\u00bb1\/3&Prime;][vc_single_image image=\u00a0\u00bb971&Prime; img_size=\u00a0\u00bbfull\u00a0\u00bb alignment=\u00a0\u00bbcenter\u00a0\u00bb][vc_column_text]<\/p>\n<h2>Les Pyramides &#8211; Paris<\/h2>\n<p>[\/vc_column_text][vc_column_text]Situ\u00e9 au Port-Marly, le Club de Padel : Les Pyramides vous accueille pour pratiquer le Padel.<\/p>\n<p><a href=\"https:\/\/www.padelreference.com\/blog\/club-padel\/les-pyramides-paris\/\"><strong><span style=\"text-decoration: underline;\">Les Pyramides<\/span><\/strong><\/a>[\/vc_column_text][vc_empty_space height=\u00a0\u00bb50px\u00a0\u00bb][\/vc_column][vc_column width=\u00a0\u00bb1\/3&Prime;][vc_single_image image=\u00a0\u00bb935&Prime; img_size=\u00a0\u00bbfull\u00a0\u00bb alignment=\u00a0\u00bbcenter\u00a0\u00bb][vc_column_text]<\/p>\n<h2>Padel Horizon &#8211; Paris<\/h2>\n<p>[\/vc_column_text][vc_column_text]Situ\u00e9 \u00e0 Sucy-en-Brie, le Club de Padel : Padel Horizon vous accueille pour pratiquer le Padel.<\/p>\n<p><a href=\"https:\/\/www.padelreference.com\/blog\/club-padel\/padel-horizon-paris\/\"><strong><span style=\"text-decoration: underline;\">Padel Horizon<\/span><\/strong><\/a>[\/vc_column_text][vc_empty_space height=\u00a0\u00bb50px\u00a0\u00bb][\/vc_column][\/vc_row][vc_row][vc_column width=\u00a0\u00bb1\/3&Prime;][vc_single_image image=\u00a0\u00bb997&Prime; img_size=\u00a0\u00bbfull\u00a0\u00bb alignment=\u00a0\u00bbcenter\u00a0\u00bb][vc_column_text]<\/p>\n<h2>4 Padel &#8211; Toulouse<\/h2>\n<p>[\/vc_column_text][vc_column_text]Situ\u00e9 \u00e0 Colomiers, le Club de Padel : 4Padel vous accueille pour pratiquer le Padel.<\/p>\n<p><a href=\"https:\/\/www.padelreference.com\/blog\/club-padel\/4-padel-toulouse\/\"><strong><span style=\"text-decoration: underline;\">4Padel<\/span><\/strong><\/a>[\/vc_column_text][vc_empty_space height=\u00a0\u00bb50px\u00a0\u00bb][\/vc_column][vc_column width=\u00a0\u00bb1\/3&Prime;][vc_single_image image=\u00a0\u00bb1000&Prime; img_size=\u00a0\u00bbfull\u00a0\u00bb alignment=\u00a0\u00bbcenter\u00a0\u00bb][vc_column_text]<\/p>\n<h2>Padel Tolosa &#8211; Toulouse<\/h2>\n<p>[\/vc_column_text][vc_column_text]Situ\u00e9 \u00e0 Toulouse, le Club de Padel : Tolosa vous accueille pour pratiquer le Padel.<\/p>\n<p><a href=\"https:\/\/www.padelreference.com\/blog\/club-padel\/padel-tolosa-toulouse\/\"><strong><span style=\"text-decoration: underline;\">Tolosa<\/span><\/strong><\/a>[\/vc_column_text][vc_empty_space height=\u00a0\u00bb50px\u00a0\u00bb][\/vc_column][vc_column width=\u00a0\u00bb1\/3&Prime;][vc_single_image image=\u00a0\u00bb1003&Prime; img_size=\u00a0\u00bbfull\u00a0\u00bb alignment=\u00a0\u00bbcenter\u00a0\u00bb][vc_column_text]<\/p>\n<h2>Padel Plus &#8211; Toulouse<\/h2>\n<p>[\/vc_column_text][vc_column_text]Situ\u00e9 \u00e0 Blagnac, le Club de Padel : Padel Plus vous accueille pour pratiquer le Padel.<\/p>\n<p><a href=\"https:\/\/www.padelreference.com\/blog\/club-padel\/padel-plus-toulouse\/\"><strong><span style=\"text-decoration: underline;\">Padel Plus<\/span><\/strong><\/a>[\/vc_column_text][vc_empty_space height=\u00a0\u00bb50px\u00a0\u00bb][\/vc_column][\/vc_row][vc_row][vc_column width=\u00a0\u00bb1\/3&Prime;][vc_single_image image=\u00a0\u00bb990&Prime; img_size=\u00a0\u00bbfull\u00a0\u00bb alignment=\u00a0\u00bbcenter\u00a0\u00bb][vc_column_text]<\/p>\n<h2>Toulouse Padel Club &#8211; Toulouse<\/h2>\n<p>[\/vc_column_text][vc_column_text]Situ\u00e9 \u00e0 Toulouse, le Club de Padel : Toulouse Padel Club vous accueille pour pratiquer le Padel.<\/p>\n<p><a href=\"https:\/\/www.padelreference.com\/blog\/club-padel\/toulouse-padel-club-toulouse-2\/\"><strong><u>Toulouse Padel\u00a0Club<\/u><\/strong><\/a>[\/vc_column_text][vc_empty_space height=\u00a0\u00bb50px\u00a0\u00bb][\/vc_column][vc_column width=\u00a0\u00bb1\/3&Prime;][vc_single_image image=\u00a0\u00bb1011&Prime; img_size=\u00a0\u00bbfull\u00a0\u00bb alignment=\u00a0\u00bbcenter\u00a0\u00bb][vc_column_text]<\/p>\n<h2>Club de l\u2019Hers &#8211; Toulouse<\/h2>\n<p>[\/vc_column_text][vc_column_text]Situ\u00e9 \u00e0 <span style=\"font-weight: 400;\">Saint-Orens-de-Gameville<\/span>, le Club de Padel : Club de l&rsquo;Hers vous accueille pour pratiquer le Padel.<\/p>\n<p><a href=\"https:\/\/www.padelreference.com\/blog\/club-padel\/club-de-lhers-toulouse\/\"><strong><span style=\"text-decoration: underline;\">Club de l&rsquo;Hers<\/span><\/strong><\/a>[\/vc_column_text][vc_empty_space height=\u00a0\u00bb50px\u00a0\u00bb][\/vc_column][vc_column width=\u00a0\u00bb1\/3&Prime;][vc_single_image image=\u00a0\u00bb1006&Prime; img_size=\u00a0\u00bbfull\u00a0\u00bb alignment=\u00a0\u00bbcenter\u00a0\u00bb][vc_column_text]<\/p>\n<h2>Stade Toulousain Tennis Club &#8211; Toulouse<\/h2>\n<p>[\/vc_column_text][vc_column_text]Situ\u00e9 \u00e0 Toulouse, le Club de Padel : Stade Toulousain Tennis Club vous accueille pour pratiquer le Padel.<\/p>\n<p><a href=\"https:\/\/www.padelreference.com\/blog\/club-padel\/stade-toulousain-tennis-club-toulouse\/\"><strong><span style=\"text-decoration: underline;\">Stade Toulousain Tennis Club<\/span><\/strong><\/a>[\/vc_column_text][vc_empty_space height=\u00a0\u00bb50px\u00a0\u00bb][\/vc_column][\/vc_row][vc_row][vc_column width=\u00a0\u00bb1\/3&Prime;][vc_single_image image=\u00a0\u00bb1267&Prime; img_size=\u00a0\u00bbfull\u00a0\u00bb alignment=\u00a0\u00bbcenter\u00a0\u00bb][vc_column_text]<\/p>\n<h2>Le Shaft &#8211; Lille<\/h2>\n<p>[\/vc_column_text][vc_column_text]<\/p>\n<div>\n<p>Le Shaft est situ\u00e9 dans le B\u2019twin village, il est consid\u00e9r\u00e9 \u00e0 Lille comme le temple du padel et du badminton. A l\u2019origine le complexe \u00e9t\u00e9 d\u00e9di\u00e9 seulement au badminton.<\/p>\n<\/div>\n<p><a href=\"https:\/\/www.padelreference.com\/blog\/club-padel\/4-padel-toulouse\/\"><strong><u>Le Shaft<\/u><\/strong><\/a>[\/vc_column_text][vc_empty_space height=\u00a0\u00bb50px\u00a0\u00bb][\/vc_column][vc_column width=\u00a0\u00bb1\/3&Prime;][vc_single_image image=\u00a0\u00bb1280&Prime; img_size=\u00a0\u00bbfull\u00a0\u00bb alignment=\u00a0\u00bbcenter\u00a0\u00bb][vc_column_text]<\/p>\n<h2><\/h2>\n<h2>Le Wam &#8211; Lille<\/h2>\n<p>[\/vc_column_text][vc_column_text]<\/p>\n<div>\n<p>Le Wam est une infrastructure de haute qualit\u00e9 qui propose 4 activit\u00e9s\u00a0: le foot, le badminton, le squash et le padel.<\/p>\n<\/div>\n<p><a href=\"https:\/\/www.padelreference.com\/blog\/club-padel\/le-wam-lille\/\"><strong><span style=\"text-decoration: underline;\">Le Wam<\/span><\/strong><\/a>[\/vc_column_text][vc_empty_space height=\u00a0\u00bb50px\u00a0\u00bb][\/vc_column][vc_column width=\u00a0\u00bb1\/3&Prime;][vc_single_image image=\u00a0\u00bb1278&Prime; img_size=\u00a0\u00bbfull\u00a0\u00bb alignment=\u00a0\u00bbcenter\u00a0\u00bb][vc_column_text]<\/p>\n<h2>Urban Padel &#8211; Lille<\/h2>\n<p>[\/vc_column_text][vc_column_text]<\/p>\n<div>\n<p>L\u2019Urban Padel \u00e9t\u00e9 de un complexd base uniquement d\u00e9di\u00e9 au foot.Le complexe met \u00e0 votre disposition 4 terrains int\u00e9rieurs sont disponibles 7 jours sur 7.<\/p>\n<\/div>\n<p><a href=\"https:\/\/www.padelreference.com\/blog\/club-padel\/urbanpadel-lille\/\"><strong><span style=\"text-decoration: underline;\">Urban Padel<\/span><\/strong><\/a>[\/vc_column_text][vc_empty_space height=\u00a0\u00bb50px\u00a0\u00bb][\/vc_column][\/vc_row]<\/p>\n","protected":false},"excerpt":{"rendered":"<p>[vc_row][vc_column width=\u00a0\u00bb1\/3&Prime;][vc_single_image image=\u00a0\u00bb769&Prime; img_size=\u00a0\u00bbfull\u00a0\u00bb alignment=\u00a0\u00bbcenter\u00a0\u00bb][vc_column_text] SquashBad33 &#8211; Bordeaux [\/vc_column_text][vc_column_text]Situ\u00e9 \u00e0 Bordeaux, le Club de Padel : SquashBad 33 vous accueille pour pratiquer le Padel. SquashBad33[\/vc_column_text][vc_empty_space height=\u00a0\u00bb50px\u00a0\u00bb][\/vc_column][vc_column width=\u00a0\u00bb1\/3&Prime;][vc_single_image image=\u00a0\u00bb742&Prime; img_size=\u00a0\u00bbfull\u00a0\u00bb alignment=\u00a0\u00bbcenter\u00a0\u00bb][vc_column_text] Padel Touch &#8211; Bassin d&rsquo;Arcachon [\/vc_column_text][vc_column_text]Situ\u00e9 sur le Bassin d&rsquo;arcachon, le Club de Padel : Padel Touch vous accueille pour pratiquer le Padel. Padel Touch[\/vc_column_text][vc_empty_space [&hellip;]<\/p>\n","protected":false},"author":1,"featured_media":0,"parent":0,"menu_order":0,"comment_status":"closed","ping_status":"closed","template":"","meta":{"footnotes":""},"class_list":["post-722","page","type-page","status-publish","hentry"],"yoast_head":"<!-- This site is optimized with the Yoast SEO plugin v23.1 - https:\/\/yoast.com\/wordpress\/plugins\/seo\/ -->\n<title>Les Clubs de Padel en France : la liste compl\u00e8te - Padel Reference<\/title>\n<meta name=\"description\" content=\"Vous \u00eates \u00e0 la recherche d&#039;un Club de Padel ? D\u00e9couvrez la liste compl\u00e8te des clubs de Padel en France. Padel Reference, sp\u00e9cialiste Padel.\" \/>\n<meta name=\"robots\" content=\"index, follow, max-snippet:-1, max-image-preview:large, max-video-preview:-1\" \/>\n<link rel=\"canonical\" href=\"https:\/\/www.padelreference.com\/blog\/club-padel\/\" \/>\n<meta property=\"og:locale\" content=\"fr_FR\" \/>\n<meta property=\"og:type\" content=\"article\" \/>\n<meta property=\"og:title\" content=\"Les Clubs de Padel en France : la liste compl\u00e8te - Padel Reference\" \/>\n<meta property=\"og:description\" content=\"Vous \u00eates \u00e0 la recherche d&#039;un Club de Padel ? D\u00e9couvrez la liste compl\u00e8te des clubs de Padel en France. Padel Reference, sp\u00e9cialiste Padel.\" \/>\n<meta property=\"og:url\" content=\"https:\/\/www.padelreference.com\/blog\/club-padel\/\" \/>\n<meta property=\"og:site_name\" content=\"Padel Reference\" \/>\n<meta property=\"article:modified_time\" content=\"2022-07-12T10:29:54+00:00\" \/>\n<meta name=\"twitter:card\" content=\"summary_large_image\" \/>\n<meta name=\"twitter:label1\" content=\"Dur\u00e9e de lecture estim\u00e9e\" \/>\n\t<meta name=\"twitter:data1\" content=\"4 minutes\" \/>\n<script type=\"application\/ld+json\" class=\"yoast-schema-graph\">{\"@context\":\"https:\/\/schema.org\",\"@graph\":[{\"@type\":\"WebPage\",\"@id\":\"https:\/\/www.padelreference.com\/blog\/club-padel\/\",\"url\":\"https:\/\/www.padelreference.com\/blog\/club-padel\/\",\"name\":\"Les Clubs de Padel en France : la liste compl\u00e8te - Padel Reference\",\"isPartOf\":{\"@id\":\"https:\/\/www.padelreference.com\/blog\/#website\"},\"datePublished\":\"2022-03-24T14:53:56+00:00\",\"dateModified\":\"2022-07-12T10:29:54+00:00\",\"description\":\"Vous \u00eates \u00e0 la recherche d'un Club de Padel ? D\u00e9couvrez la liste compl\u00e8te des clubs de Padel en France. Padel Reference, sp\u00e9cialiste Padel.\",\"breadcrumb\":{\"@id\":\"https:\/\/www.padelreference.com\/blog\/club-padel\/#breadcrumb\"},\"inLanguage\":\"fr-FR\",\"potentialAction\":[{\"@type\":\"ReadAction\",\"target\":[\"https:\/\/www.padelreference.com\/blog\/club-padel\/\"]}]},{\"@type\":\"BreadcrumbList\",\"@id\":\"https:\/\/www.padelreference.com\/blog\/club-padel\/#breadcrumb\",\"itemListElement\":[{\"@type\":\"ListItem\",\"position\":1,\"name\":\"Accueil\",\"item\":\"https:\/\/www.padelreference.com\/blog\/\"},{\"@type\":\"ListItem\",\"position\":2,\"name\":\"Club de Padel en France\"}]},{\"@type\":\"WebSite\",\"@id\":\"https:\/\/www.padelreference.com\/blog\/#website\",\"url\":\"https:\/\/www.padelreference.com\/blog\/\",\"name\":\"Padel Reference\",\"description\":\"Le Blog 100%\",\"potentialAction\":[{\"@type\":\"SearchAction\",\"target\":{\"@type\":\"EntryPoint\",\"urlTemplate\":\"https:\/\/www.padelreference.com\/blog\/?s={search_term_string}\"},\"query-input\":\"required name=search_term_string\"}],\"inLanguage\":\"fr-FR\"}]}<\/script>\n<!-- \/ Yoast SEO plugin. -->","yoast_head_json":{"title":"Les Clubs de Padel en France : la liste compl\u00e8te - Padel Reference","description":"Vous \u00eates \u00e0 la recherche d'un Club de Padel ? D\u00e9couvrez la liste compl\u00e8te des clubs de Padel en France. Padel Reference, sp\u00e9cialiste Padel.","robots":{"index":"index","follow":"follow","max-snippet":"max-snippet:-1","max-image-preview":"max-image-preview:large","max-video-preview":"max-video-preview:-1"},"canonical":"https:\/\/www.padelreference.com\/blog\/club-padel\/","og_locale":"fr_FR","og_type":"article","og_title":"Les Clubs de Padel en France : la liste compl\u00e8te - Padel Reference","og_description":"Vous \u00eates \u00e0 la recherche d'un Club de Padel ? D\u00e9couvrez la liste compl\u00e8te des clubs de Padel en France. Padel Reference, sp\u00e9cialiste Padel.","og_url":"https:\/\/www.padelreference.com\/blog\/club-padel\/","og_site_name":"Padel Reference","article_modified_time":"2022-07-12T10:29:54+00:00","twitter_card":"summary_large_image","twitter_misc":{"Dur\u00e9e de lecture estim\u00e9e":"4 minutes"},"schema":{"@context":"https:\/\/schema.org","@graph":[{"@type":"WebPage","@id":"https:\/\/www.padelreference.com\/blog\/club-padel\/","url":"https:\/\/www.padelreference.com\/blog\/club-padel\/","name":"Les Clubs de Padel en France : la liste compl\u00e8te - Padel Reference","isPartOf":{"@id":"https:\/\/www.padelreference.com\/blog\/#website"},"datePublished":"2022-03-24T14:53:56+00:00","dateModified":"2022-07-12T10:29:54+00:00","description":"Vous \u00eates \u00e0 la recherche d'un Club de Padel ? D\u00e9couvrez la liste compl\u00e8te des clubs de Padel en France. Padel Reference, sp\u00e9cialiste Padel.","breadcrumb":{"@id":"https:\/\/www.padelreference.com\/blog\/club-padel\/#breadcrumb"},"inLanguage":"fr-FR","potentialAction":[{"@type":"ReadAction","target":["https:\/\/www.padelreference.com\/blog\/club-padel\/"]}]},{"@type":"BreadcrumbList","@id":"https:\/\/www.padelreference.com\/blog\/club-padel\/#breadcrumb","itemListElement":[{"@type":"ListItem","position":1,"name":"Accueil","item":"https:\/\/www.padelreference.com\/blog\/"},{"@type":"ListItem","position":2,"name":"Club de Padel en France"}]},{"@type":"WebSite","@id":"https:\/\/www.padelreference.com\/blog\/#website","url":"https:\/\/www.padelreference.com\/blog\/","name":"Padel Reference","description":"Le Blog 100%","potentialAction":[{"@type":"SearchAction","target":{"@type":"EntryPoint","urlTemplate":"https:\/\/www.padelreference.com\/blog\/?s={search_term_string}"},"query-input":"required name=search_term_string"}],"inLanguage":"fr-FR"}]}},"_links":{"self":[{"href":"https:\/\/www.padelreference.com\/blog\/wp-json\/wp\/v2\/pages\/722"}],"collection":[{"href":"https:\/\/www.padelreference.com\/blog\/wp-json\/wp\/v2\/pages"}],"about":[{"href":"https:\/\/www.padelreference.com\/blog\/wp-json\/wp\/v2\/types\/page"}],"author":[{"embeddable":true,"href":"https:\/\/www.padelreference.com\/blog\/wp-json\/wp\/v2\/users\/1"}],"replies":[{"embeddable":true,"href":"https:\/\/www.padelreference.com\/blog\/wp-json\/wp\/v2\/comments?post=722"}],"version-history":[{"count":0,"href":"https:\/\/www.padelreference.com\/blog\/wp-json\/wp\/v2\/pages\/722\/revisions"}],"wp:attachment":[{"href":"https:\/\/www.padelreference.com\/blog\/wp-json\/wp\/v2\/media?parent=722"}],"curies":[{"name":"wp","href":"https:\/\/api.w.org\/{rel}","templated":true}]}}