{"id":726,"date":"2022-03-24T16:58:46","date_gmt":"2022-03-24T14:58:46","guid":{"rendered":"https:\/\/www.padelreference.com\/blog\/?page_id=726"},"modified":"2022-04-06T10:21:12","modified_gmt":"2022-04-06T08:21:12","slug":"padel-touch-arcachon","status":"publish","type":"page","link":"https:\/\/www.padelreference.com\/blog\/club-padel\/padel-touch-arcachon\/","title":{"rendered":"Padel Touch &#8211; Bassin d&rsquo;Arcachon"},"content":{"rendered":"<p>[vc_row][vc_column][vc_column_text]<span style=\"font-weight: 400;\">Le club Padel Touch situ\u00e9 sur le Bassin d\u2019Arcachon vous propose une pratique toute l\u2019ann\u00e9e avec des terrains con\u00e7us avec les <strong>meilleurs mat\u00e9riaux<\/strong> pour un confort de jeu optimal.<\/span><\/p>\n<p>[\/vc_column_text][\/vc_column][\/vc_row][vc_row][vc_column width=\u00a0\u00bb1\/2&Prime;][vc_single_image image=\u00a0\u00bb742&Prime; img_size=\u00a0\u00bbfull\u00a0\u00bb][vc_column_text]Adresse : <a href=\"https:\/\/www.google.com\/maps\/place\/247+Av.+Abb\u00e9+Edm\u00e9+Mariotte,+33260+La+Teste-de-Buch\/data=!4m2!3m1!1s0xd549beedb9819cf:0x65527577d99cd4c0?sa=X&amp;ved=2ahUKEwjlkLmcgP_2AhUxzIUKHTj_DL4Q8gF6BAgLEAE\">247 Avenue Abb\u00e9 Edm\u00e9 Mariotte<\/a>, 33260 La Teste-de-Buch<\/p>\n<p><a href=\"http:\/\/iframe%20src=https:\/\/www.google.com\/maps\/embed?pb=!1m14!1m8!1m3!1d11361.889754359754!2d-1.1217404!3d44.6078147!3m2!1i1024!2i768!4f13.1!3m3!1m2!1s0x0%3A0xdf3ee5e422f899f0!2sPadel%20Touch%20Bassin%20D'Arcachon!5e0!3m2!1sfr!2sfr!4v1648201183943!5m2!1sfr!2sfr%20width=600%20height=450%20style=border:0;%20allowfullscreen=%20loading=lazy%20referrerpolicy=no-referrer-when-downgrade\/iframe\"><iframe style=\"border: 0;\" src=\"https:\/\/www.google.com\/maps\/embed?pb=!1m14!1m8!1m3!1d11361.889754359754!2d-1.1217404!3d44.6078147!3m2!1i1024!2i768!4f13.1!3m3!1m2!1s0x0%3A0xdf3ee5e422f899f0!2sPadel%20Touch%20Bassin%20D'Arcachon!5e0!3m2!1sfr!2sfr!4v1648201183943!5m2!1sfr!2sfr\" width=\"600\" height=\"450\" allowfullscreen=\"allowfullscreen\"><\/iframe><\/a>[\/vc_column_text][\/vc_column][vc_column width=\u00a0\u00bb1\/2&Prime;][vc_column_text]<b>\u00a0<\/b><span style=\"font-weight: 400;\">Le <a href=\"https:\/\/www.padelreference.com\/blog\/club-padel\/\">club de padel<\/a> du Bassin D\u2019Arcachon poss\u00e8de :<\/span><\/p>\n<ul>\n<li style=\"font-weight: 400;\" aria-level=\"1\"><span style=\"font-weight: 400;\">5 terrains <strong>Full Panoramic<\/strong><\/span><\/li>\n<li style=\"font-weight: 400;\" aria-level=\"1\"><span style=\"font-weight: 400;\">3 terrains de squash.<\/span><\/li>\n<\/ul>\n<p><span style=\"font-weight: 400;\">A la fin de votre partie vous pourrez profiter des vestiaires, mais \u00e9galement du club-house afin de vous restaurer ou de vous hydrater pour d\u00e9briefer votre match de padel.<\/span><\/p>\n<p><span style=\"font-weight: 400;\">Padel Touch met \u00e0 votre disposition des cours avec des coachs pour suivre un entra\u00eenement ou alors pour vous perfectionner.<\/span><\/p>\n<p><span style=\"font-weight: 400;\">Une <strong>boutique<\/strong> est \u00e9galement pr\u00e9sente dans le complexe et vous y retrouverez les plus grandes marques de padel : Nox,\u00a0<\/span><span style=\"font-weight: 400;\">Bullpadel,\u00a0<\/span><span style=\"font-weight: 400;\">Adidas,\u00a0<\/span><span style=\"font-weight: 400;\">Head, etc..<\/span><\/p>\n<p><span style=\"font-weight: 400;\">Le complexe poss\u00e8de 1 600 abonn\u00e9es sur Facebook, ils ont r\u00e9ussi \u00e0 se cr\u00e9er une communaut\u00e9 au sein du bassin d\u2019Arcachon.<\/span>[\/vc_column_text][\/vc_column][\/vc_row][vc_row][vc_column][vc_column_text]<\/p>\n<h2>Les autres Club de Padel en France :<\/h2>\n<ul>\n<li><a href=\"https:\/\/www.padelreference.com\/blog\/club-padel\/us-bouscat-le-bouscat\/\">Us Bouscat<\/a><\/li>\n<li><a href=\"https:\/\/www.padelreference.com\/blog\/club-padel\/big-padel-bordeaux\/\">Big Padel<\/a><\/li>\n<li><a href=\"https:\/\/www.padelreference.com\/blog\/club-padel\/tennis-club-du-pinsan-eysines\/\">Tennis club du Pinsan<\/a><\/li>\n<li><a href=\"https:\/\/www.padelreference.com\/blog\/club-padel\/squashbad33-bordeaux\/\">SquashBad33<\/a><\/li>\n<li>etc&#8230;.<\/li>\n<\/ul>\n<p>[\/vc_column_text][\/vc_column][\/vc_row]<\/p>\n","protected":false},"excerpt":{"rendered":"<p>[vc_row][vc_column][vc_column_text]Le club Padel Touch situ\u00e9 sur le Bassin d\u2019Arcachon vous propose une pratique toute l\u2019ann\u00e9e avec des terrains con\u00e7us avec les meilleurs mat\u00e9riaux pour un confort de jeu optimal. [\/vc_column_text][\/vc_column][\/vc_row][vc_row][vc_column width=\u00a0\u00bb1\/2&Prime;][vc_single_image image=\u00a0\u00bb742&Prime; img_size=\u00a0\u00bbfull\u00a0\u00bb][vc_column_text]Adresse : 247 Avenue Abb\u00e9 Edm\u00e9 Mariotte, 33260 La Teste-de-Buch [\/vc_column_text][\/vc_column][vc_column width=\u00a0\u00bb1\/2&Prime;][vc_column_text]\u00a0Le club de padel du Bassin D\u2019Arcachon poss\u00e8de : 5 terrains Full [&hellip;]<\/p>\n","protected":false},"author":1,"featured_media":0,"parent":722,"menu_order":0,"comment_status":"closed","ping_status":"closed","template":"","meta":{"footnotes":""},"class_list":["post-726","page","type-page","status-publish","hentry"],"yoast_head":"<!-- This site is optimized with the Yoast SEO plugin v23.1 - https:\/\/yoast.com\/wordpress\/plugins\/seo\/ -->\n<title>Les Clubs de Padel en France : la liste compl\u00e8te - Padel Reference<\/title>\n<meta name=\"robots\" content=\"index, follow, max-snippet:-1, max-image-preview:large, max-video-preview:-1\" \/>\n<link rel=\"canonical\" href=\"https:\/\/www.padelreference.com\/blog\/club-padel\/padel-touch-arcachon\/\" \/>\n<meta property=\"og:locale\" content=\"fr_FR\" \/>\n<meta property=\"og:type\" content=\"article\" \/>\n<meta property=\"og:title\" content=\"Les Clubs de Padel en France : la liste compl\u00e8te - Padel Reference\" \/>\n<meta property=\"og:description\" content=\"[vc_row][vc_column][vc_column_text]Le club Padel Touch situ\u00e9 sur le Bassin d\u2019Arcachon vous propose une pratique toute l\u2019ann\u00e9e avec des terrains con\u00e7us avec les meilleurs mat\u00e9riaux pour un confort de jeu optimal. [\/vc_column_text][\/vc_column][\/vc_row][vc_row][vc_column width=\u00a0\u00bb1\/2&Prime;][vc_single_image image=\u00a0\u00bb742&Prime; img_size=\u00a0\u00bbfull\u00a0\u00bb][vc_column_text]Adresse : 247 Avenue Abb\u00e9 Edm\u00e9 Mariotte, 33260 La Teste-de-Buch [\/vc_column_text][\/vc_column][vc_column width=\u00a0\u00bb1\/2&Prime;][vc_column_text]\u00a0Le club de padel du Bassin D\u2019Arcachon poss\u00e8de : 5 terrains Full [&hellip;]\" \/>\n<meta property=\"og:url\" content=\"https:\/\/www.padelreference.com\/blog\/club-padel\/padel-touch-arcachon\/\" \/>\n<meta property=\"og:site_name\" content=\"Padel Reference\" \/>\n<meta property=\"article:modified_time\" content=\"2022-04-06T08:21:12+00:00\" \/>\n<meta name=\"twitter:card\" content=\"summary_large_image\" \/>\n<meta name=\"twitter:label1\" content=\"Dur\u00e9e de lecture estim\u00e9e\" \/>\n\t<meta name=\"twitter:data1\" content=\"1 minute\" \/>\n<script type=\"application\/ld+json\" class=\"yoast-schema-graph\">{\"@context\":\"https:\/\/schema.org\",\"@graph\":[{\"@type\":\"WebPage\",\"@id\":\"https:\/\/www.padelreference.com\/blog\/club-padel\/padel-touch-arcachon\/\",\"url\":\"https:\/\/www.padelreference.com\/blog\/club-padel\/padel-touch-arcachon\/\",\"name\":\"Les Clubs de Padel en France : la liste compl\u00e8te - Padel Reference\",\"isPartOf\":{\"@id\":\"https:\/\/www.padelreference.com\/blog\/#website\"},\"datePublished\":\"2022-03-24T14:58:46+00:00\",\"dateModified\":\"2022-04-06T08:21:12+00:00\",\"breadcrumb\":{\"@id\":\"https:\/\/www.padelreference.com\/blog\/club-padel\/padel-touch-arcachon\/#breadcrumb\"},\"inLanguage\":\"fr-FR\",\"potentialAction\":[{\"@type\":\"ReadAction\",\"target\":[\"https:\/\/www.padelreference.com\/blog\/club-padel\/padel-touch-arcachon\/\"]}]},{\"@type\":\"BreadcrumbList\",\"@id\":\"https:\/\/www.padelreference.com\/blog\/club-padel\/padel-touch-arcachon\/#breadcrumb\",\"itemListElement\":[{\"@type\":\"ListItem\",\"position\":1,\"name\":\"Accueil\",\"item\":\"https:\/\/www.padelreference.com\/blog\/\"},{\"@type\":\"ListItem\",\"position\":2,\"name\":\"Club de Padel en France\",\"item\":\"https:\/\/www.padelreference.com\/blog\/club-padel\/\"},{\"@type\":\"ListItem\",\"position\":3,\"name\":\"Padel Touch &#8211; Bassin d&rsquo;Arcachon\"}]},{\"@type\":\"WebSite\",\"@id\":\"https:\/\/www.padelreference.com\/blog\/#website\",\"url\":\"https:\/\/www.padelreference.com\/blog\/\",\"name\":\"Padel Reference\",\"description\":\"Le Blog 100%\",\"potentialAction\":[{\"@type\":\"SearchAction\",\"target\":{\"@type\":\"EntryPoint\",\"urlTemplate\":\"https:\/\/www.padelreference.com\/blog\/?s={search_term_string}\"},\"query-input\":\"required name=search_term_string\"}],\"inLanguage\":\"fr-FR\"}]}<\/script>\n<!-- \/ Yoast SEO plugin. -->","yoast_head_json":{"title":"Les Clubs de Padel en France : la liste compl\u00e8te - Padel Reference","robots":{"index":"index","follow":"follow","max-snippet":"max-snippet:-1","max-image-preview":"max-image-preview:large","max-video-preview":"max-video-preview:-1"},"canonical":"https:\/\/www.padelreference.com\/blog\/club-padel\/padel-touch-arcachon\/","og_locale":"fr_FR","og_type":"article","og_title":"Les Clubs de Padel en France : la liste compl\u00e8te - Padel Reference","og_description":"[vc_row][vc_column][vc_column_text]Le club Padel Touch situ\u00e9 sur le Bassin d\u2019Arcachon vous propose une pratique toute l\u2019ann\u00e9e avec des terrains con\u00e7us avec les meilleurs mat\u00e9riaux pour un confort de jeu optimal. [\/vc_column_text][\/vc_column][\/vc_row][vc_row][vc_column width=\u00a0\u00bb1\/2&Prime;][vc_single_image image=\u00a0\u00bb742&Prime; img_size=\u00a0\u00bbfull\u00a0\u00bb][vc_column_text]Adresse : 247 Avenue Abb\u00e9 Edm\u00e9 Mariotte, 33260 La Teste-de-Buch [\/vc_column_text][\/vc_column][vc_column width=\u00a0\u00bb1\/2&Prime;][vc_column_text]\u00a0Le club de padel du Bassin D\u2019Arcachon poss\u00e8de : 5 terrains Full [&hellip;]","og_url":"https:\/\/www.padelreference.com\/blog\/club-padel\/padel-touch-arcachon\/","og_site_name":"Padel Reference","article_modified_time":"2022-04-06T08:21:12+00:00","twitter_card":"summary_large_image","twitter_misc":{"Dur\u00e9e de lecture estim\u00e9e":"1 minute"},"schema":{"@context":"https:\/\/schema.org","@graph":[{"@type":"WebPage","@id":"https:\/\/www.padelreference.com\/blog\/club-padel\/padel-touch-arcachon\/","url":"https:\/\/www.padelreference.com\/blog\/club-padel\/padel-touch-arcachon\/","name":"Les Clubs de Padel en France : la liste compl\u00e8te - Padel Reference","isPartOf":{"@id":"https:\/\/www.padelreference.com\/blog\/#website"},"datePublished":"2022-03-24T14:58:46+00:00","dateModified":"2022-04-06T08:21:12+00:00","breadcrumb":{"@id":"https:\/\/www.padelreference.com\/blog\/club-padel\/padel-touch-arcachon\/#breadcrumb"},"inLanguage":"fr-FR","potentialAction":[{"@type":"ReadAction","target":["https:\/\/www.padelreference.com\/blog\/club-padel\/padel-touch-arcachon\/"]}]},{"@type":"BreadcrumbList","@id":"https:\/\/www.padelreference.com\/blog\/club-padel\/padel-touch-arcachon\/#breadcrumb","itemListElement":[{"@type":"ListItem","position":1,"name":"Accueil","item":"https:\/\/www.padelreference.com\/blog\/"},{"@type":"ListItem","position":2,"name":"Club de Padel en France","item":"https:\/\/www.padelreference.com\/blog\/club-padel\/"},{"@type":"ListItem","position":3,"name":"Padel Touch &#8211; Bassin d&rsquo;Arcachon"}]},{"@type":"WebSite","@id":"https:\/\/www.padelreference.com\/blog\/#website","url":"https:\/\/www.padelreference.com\/blog\/","name":"Padel Reference","description":"Le Blog 100%","potentialAction":[{"@type":"SearchAction","target":{"@type":"EntryPoint","urlTemplate":"https:\/\/www.padelreference.com\/blog\/?s={search_term_string}"},"query-input":"required name=search_term_string"}],"inLanguage":"fr-FR"}]}},"_links":{"self":[{"href":"https:\/\/www.padelreference.com\/blog\/wp-json\/wp\/v2\/pages\/726"}],"collection":[{"href":"https:\/\/www.padelreference.com\/blog\/wp-json\/wp\/v2\/pages"}],"about":[{"href":"https:\/\/www.padelreference.com\/blog\/wp-json\/wp\/v2\/types\/page"}],"author":[{"embeddable":true,"href":"https:\/\/www.padelreference.com\/blog\/wp-json\/wp\/v2\/users\/1"}],"replies":[{"embeddable":true,"href":"https:\/\/www.padelreference.com\/blog\/wp-json\/wp\/v2\/comments?post=726"}],"version-history":[{"count":0,"href":"https:\/\/www.padelreference.com\/blog\/wp-json\/wp\/v2\/pages\/726\/revisions"}],"up":[{"embeddable":true,"href":"https:\/\/www.padelreference.com\/blog\/wp-json\/wp\/v2\/pages\/722"}],"wp:attachment":[{"href":"https:\/\/www.padelreference.com\/blog\/wp-json\/wp\/v2\/media?parent=726"}],"curies":[{"name":"wp","href":"https:\/\/api.w.org\/{rel}","templated":true}]}}