{"id":739,"date":"2022-04-04T10:45:17","date_gmt":"2022-04-04T08:45:17","guid":{"rendered":"https:\/\/www.padelreference.com\/blog\/?page_id=739"},"modified":"2022-04-06T10:11:08","modified_gmt":"2022-04-06T08:11:08","slug":"mb-padel-bordeaux","status":"publish","type":"page","link":"https:\/\/www.padelreference.com\/blog\/club-padel\/mb-padel-bordeaux\/","title":{"rendered":"MB Padel &#8211; Bordeaux"},"content":{"rendered":"<p>[vc_row][vc_column][vc_column_text]<span style=\"font-weight: 400;\">Situ\u00e9 sur la rive droite de Bordeaux, MB Padel est un complexe sportif qui a \u00e9t\u00e9 con\u00e7u pour les amoureux de padel, qu&rsquo;ils soient amateurs ou confirm\u00e9s.<\/span>[\/vc_column_text][\/vc_column][\/vc_row][vc_row][vc_column width=\u00a0\u00bb1\/2&Prime;][vc_single_image image=\u00a0\u00bb759&Prime; img_size=\u00a0\u00bbfull\u00a0\u00bb][vc_column_text]Adresse : <a href=\"https:\/\/www.google.com\/maps\/place\/18+Rue+Claude+Bernard,+33560+Sainte-Eulalie\/data=!4m2!3m1!1s0xd552ef480fef877:0xec098f76b902fc92?sa=X&amp;ved=2ahUKEwi8geKD-v72AhXI4IUKHTdyD7sQ8gF6BAgLEAE\">18 Rue Claude Bernard<\/a>, 33560 Sainte-Eulalie<\/p>\n<p><a href=\"http:\/\/iframe%20src=https:\/\/www.google.com\/maps\/embed?pb=!1m14!1m8!1m3!1d11303.948968315377!2d-0.492246!3d44.9032554!3m2!1i1024!2i768!4f13.1!3m3!1m2!1s0x0%3A0xa6bffd6a7f4b0033!2sMB%20Padel%20-%20Padel%20Bordeaux!5e0!3m2!1sfr!2sfr!4v1648213834713!5m2!1sfr!2sfr%20width=600%20height=450%20style=border:0;%20allowfullscreen=%20loading=lazy%20referrerpolicy=no-referrer-when-downgrade\/iframe\"><iframe style=\"border: 0;\" src=\"https:\/\/www.google.com\/maps\/embed?pb=!1m14!1m8!1m3!1d11303.948968315377!2d-0.492246!3d44.9032554!3m2!1i1024!2i768!4f13.1!3m3!1m2!1s0x0%3A0xa6bffd6a7f4b0033!2sMB%20Padel%20-%20Padel%20Bordeaux!5e0!3m2!1sfr!2sfr!4v1648213834713!5m2!1sfr!2sfr\" width=\"600\" height=\"450\" allowfullscreen=\"allowfullscreen\"><\/iframe><\/a>[\/vc_column_text][\/vc_column][vc_column width=\u00a0\u00bb1\/2&Prime;][vc_column_text]<span style=\"font-weight: 400;\">Le complexe de padel MB Padel poss\u00e8de :<\/span><\/p>\n<ul>\n<li style=\"font-weight: 400;\" aria-level=\"1\"><span style=\"font-weight: 400;\">2 <strong>terrains int\u00e9rieurs<\/strong><\/span><\/li>\n<li style=\"font-weight: 400;\" aria-level=\"1\"><span style=\"font-weight: 400;\">1 <strong>ext\u00e9rieur<\/strong><\/span><\/li>\n<\/ul>\n<p><span style=\"font-weight: 400;\">Il y a \u00e9galement un boulodrome \u00e0 disposition pour bien finir votre journ\u00e9e. Le complexe MB Padel Bordeaux est dot\u00e9 d\u2019un coin bar pour boire et manger apr\u00e8s les parties. Il organise \u00e9galement des soir\u00e9es : matchs de foot, tennis, padel, etc..<\/span>[\/vc_column_text][\/vc_column][\/vc_row][vc_row][vc_column][vc_column_text]<\/p>\n<h2>Les autres Club de Padel en France :<\/h2>\n<ul>\n<li><a href=\"https:\/\/www.padelreference.com\/blog\/club-padel\/le-tennis-club-bordeaux\/\">Tennis Club<\/a><\/li>\n<li><a href=\"https:\/\/www.padelreference.com\/blog\/club-padel\/padel-touch-arcachon\/\">Padel Touch<\/a><\/li>\n<li><a href=\"https:\/\/www.padelreference.com\/blog\/club-padel\/big-padel-bordeaux\/\">Big Padel<\/a><\/li>\n<li><a href=\"https:\/\/www.padelreference.com\/blog\/club-padel\/us-cenon-tennis-padel-cenon\/\">US Cenon tennis\/padel<\/a><\/li>\n<li>etc&#8230;.<\/li>\n<\/ul>\n<p>[\/vc_column_text][\/vc_column][\/vc_row]<\/p>\n","protected":false},"excerpt":{"rendered":"<p>[vc_row][vc_column][vc_column_text]Situ\u00e9 sur la rive droite de Bordeaux, MB Padel est un complexe sportif qui a \u00e9t\u00e9 con\u00e7u pour les amoureux de padel, qu&rsquo;ils soient amateurs ou confirm\u00e9s.[\/vc_column_text][\/vc_column][\/vc_row][vc_row][vc_column width=\u00a0\u00bb1\/2&Prime;][vc_single_image image=\u00a0\u00bb759&Prime; img_size=\u00a0\u00bbfull\u00a0\u00bb][vc_column_text]Adresse : 18 Rue Claude Bernard, 33560 Sainte-Eulalie [\/vc_column_text][\/vc_column][vc_column width=\u00a0\u00bb1\/2&Prime;][vc_column_text]Le complexe de padel MB Padel poss\u00e8de : 2 terrains int\u00e9rieurs 1 ext\u00e9rieur Il y a \u00e9galement [&hellip;]<\/p>\n","protected":false},"author":2,"featured_media":0,"parent":722,"menu_order":0,"comment_status":"closed","ping_status":"closed","template":"","meta":{"footnotes":""},"class_list":["post-739","page","type-page","status-publish","hentry"],"yoast_head":"<!-- This site is optimized with the Yoast SEO plugin v23.1 - https:\/\/yoast.com\/wordpress\/plugins\/seo\/ -->\n<title>Les Clubs de Padel en France : la liste compl\u00e8te - Padel Reference<\/title>\n<meta name=\"robots\" content=\"index, follow, max-snippet:-1, max-image-preview:large, max-video-preview:-1\" \/>\n<link rel=\"canonical\" href=\"https:\/\/www.padelreference.com\/blog\/club-padel\/mb-padel-bordeaux\/\" \/>\n<meta property=\"og:locale\" content=\"fr_FR\" \/>\n<meta property=\"og:type\" content=\"article\" \/>\n<meta property=\"og:title\" content=\"Les Clubs de Padel en France : la liste compl\u00e8te - Padel Reference\" \/>\n<meta property=\"og:description\" content=\"[vc_row][vc_column][vc_column_text]Situ\u00e9 sur la rive droite de Bordeaux, MB Padel est un complexe sportif qui a \u00e9t\u00e9 con\u00e7u pour les amoureux de padel, qu&rsquo;ils soient amateurs ou confirm\u00e9s.[\/vc_column_text][\/vc_column][\/vc_row][vc_row][vc_column width=\u00a0\u00bb1\/2&Prime;][vc_single_image image=\u00a0\u00bb759&Prime; img_size=\u00a0\u00bbfull\u00a0\u00bb][vc_column_text]Adresse : 18 Rue Claude Bernard, 33560 Sainte-Eulalie [\/vc_column_text][\/vc_column][vc_column width=\u00a0\u00bb1\/2&Prime;][vc_column_text]Le complexe de padel MB Padel poss\u00e8de : 2 terrains int\u00e9rieurs 1 ext\u00e9rieur Il y a \u00e9galement [&hellip;]\" \/>\n<meta property=\"og:url\" content=\"https:\/\/www.padelreference.com\/blog\/club-padel\/mb-padel-bordeaux\/\" \/>\n<meta property=\"og:site_name\" content=\"Padel Reference\" \/>\n<meta property=\"article:modified_time\" content=\"2022-04-06T08:11:08+00:00\" \/>\n<meta name=\"twitter:card\" content=\"summary_large_image\" \/>\n<meta name=\"twitter:label1\" content=\"Dur\u00e9e de lecture estim\u00e9e\" \/>\n\t<meta name=\"twitter:data1\" content=\"1 minute\" \/>\n<script type=\"application\/ld+json\" class=\"yoast-schema-graph\">{\"@context\":\"https:\/\/schema.org\",\"@graph\":[{\"@type\":\"WebPage\",\"@id\":\"https:\/\/www.padelreference.com\/blog\/club-padel\/mb-padel-bordeaux\/\",\"url\":\"https:\/\/www.padelreference.com\/blog\/club-padel\/mb-padel-bordeaux\/\",\"name\":\"Les Clubs de Padel en France : la liste compl\u00e8te - Padel Reference\",\"isPartOf\":{\"@id\":\"https:\/\/www.padelreference.com\/blog\/#website\"},\"datePublished\":\"2022-04-04T08:45:17+00:00\",\"dateModified\":\"2022-04-06T08:11:08+00:00\",\"breadcrumb\":{\"@id\":\"https:\/\/www.padelreference.com\/blog\/club-padel\/mb-padel-bordeaux\/#breadcrumb\"},\"inLanguage\":\"fr-FR\",\"potentialAction\":[{\"@type\":\"ReadAction\",\"target\":[\"https:\/\/www.padelreference.com\/blog\/club-padel\/mb-padel-bordeaux\/\"]}]},{\"@type\":\"BreadcrumbList\",\"@id\":\"https:\/\/www.padelreference.com\/blog\/club-padel\/mb-padel-bordeaux\/#breadcrumb\",\"itemListElement\":[{\"@type\":\"ListItem\",\"position\":1,\"name\":\"Accueil\",\"item\":\"https:\/\/www.padelreference.com\/blog\/\"},{\"@type\":\"ListItem\",\"position\":2,\"name\":\"Club de Padel en France\",\"item\":\"https:\/\/www.padelreference.com\/blog\/club-padel\/\"},{\"@type\":\"ListItem\",\"position\":3,\"name\":\"MB Padel &#8211; Bordeaux\"}]},{\"@type\":\"WebSite\",\"@id\":\"https:\/\/www.padelreference.com\/blog\/#website\",\"url\":\"https:\/\/www.padelreference.com\/blog\/\",\"name\":\"Padel Reference\",\"description\":\"Le Blog 100%\",\"potentialAction\":[{\"@type\":\"SearchAction\",\"target\":{\"@type\":\"EntryPoint\",\"urlTemplate\":\"https:\/\/www.padelreference.com\/blog\/?s={search_term_string}\"},\"query-input\":\"required name=search_term_string\"}],\"inLanguage\":\"fr-FR\"}]}<\/script>\n<!-- \/ Yoast SEO plugin. -->","yoast_head_json":{"title":"Les Clubs de Padel en France : la liste compl\u00e8te - Padel Reference","robots":{"index":"index","follow":"follow","max-snippet":"max-snippet:-1","max-image-preview":"max-image-preview:large","max-video-preview":"max-video-preview:-1"},"canonical":"https:\/\/www.padelreference.com\/blog\/club-padel\/mb-padel-bordeaux\/","og_locale":"fr_FR","og_type":"article","og_title":"Les Clubs de Padel en France : la liste compl\u00e8te - Padel Reference","og_description":"[vc_row][vc_column][vc_column_text]Situ\u00e9 sur la rive droite de Bordeaux, MB Padel est un complexe sportif qui a \u00e9t\u00e9 con\u00e7u pour les amoureux de padel, qu&rsquo;ils soient amateurs ou confirm\u00e9s.[\/vc_column_text][\/vc_column][\/vc_row][vc_row][vc_column width=\u00a0\u00bb1\/2&Prime;][vc_single_image image=\u00a0\u00bb759&Prime; img_size=\u00a0\u00bbfull\u00a0\u00bb][vc_column_text]Adresse : 18 Rue Claude Bernard, 33560 Sainte-Eulalie [\/vc_column_text][\/vc_column][vc_column width=\u00a0\u00bb1\/2&Prime;][vc_column_text]Le complexe de padel MB Padel poss\u00e8de : 2 terrains int\u00e9rieurs 1 ext\u00e9rieur Il y a \u00e9galement [&hellip;]","og_url":"https:\/\/www.padelreference.com\/blog\/club-padel\/mb-padel-bordeaux\/","og_site_name":"Padel Reference","article_modified_time":"2022-04-06T08:11:08+00:00","twitter_card":"summary_large_image","twitter_misc":{"Dur\u00e9e de lecture estim\u00e9e":"1 minute"},"schema":{"@context":"https:\/\/schema.org","@graph":[{"@type":"WebPage","@id":"https:\/\/www.padelreference.com\/blog\/club-padel\/mb-padel-bordeaux\/","url":"https:\/\/www.padelreference.com\/blog\/club-padel\/mb-padel-bordeaux\/","name":"Les Clubs de Padel en France : la liste compl\u00e8te - Padel Reference","isPartOf":{"@id":"https:\/\/www.padelreference.com\/blog\/#website"},"datePublished":"2022-04-04T08:45:17+00:00","dateModified":"2022-04-06T08:11:08+00:00","breadcrumb":{"@id":"https:\/\/www.padelreference.com\/blog\/club-padel\/mb-padel-bordeaux\/#breadcrumb"},"inLanguage":"fr-FR","potentialAction":[{"@type":"ReadAction","target":["https:\/\/www.padelreference.com\/blog\/club-padel\/mb-padel-bordeaux\/"]}]},{"@type":"BreadcrumbList","@id":"https:\/\/www.padelreference.com\/blog\/club-padel\/mb-padel-bordeaux\/#breadcrumb","itemListElement":[{"@type":"ListItem","position":1,"name":"Accueil","item":"https:\/\/www.padelreference.com\/blog\/"},{"@type":"ListItem","position":2,"name":"Club de Padel en France","item":"https:\/\/www.padelreference.com\/blog\/club-padel\/"},{"@type":"ListItem","position":3,"name":"MB Padel &#8211; Bordeaux"}]},{"@type":"WebSite","@id":"https:\/\/www.padelreference.com\/blog\/#website","url":"https:\/\/www.padelreference.com\/blog\/","name":"Padel Reference","description":"Le Blog 100%","potentialAction":[{"@type":"SearchAction","target":{"@type":"EntryPoint","urlTemplate":"https:\/\/www.padelreference.com\/blog\/?s={search_term_string}"},"query-input":"required name=search_term_string"}],"inLanguage":"fr-FR"}]}},"_links":{"self":[{"href":"https:\/\/www.padelreference.com\/blog\/wp-json\/wp\/v2\/pages\/739"}],"collection":[{"href":"https:\/\/www.padelreference.com\/blog\/wp-json\/wp\/v2\/pages"}],"about":[{"href":"https:\/\/www.padelreference.com\/blog\/wp-json\/wp\/v2\/types\/page"}],"author":[{"embeddable":true,"href":"https:\/\/www.padelreference.com\/blog\/wp-json\/wp\/v2\/users\/2"}],"replies":[{"embeddable":true,"href":"https:\/\/www.padelreference.com\/blog\/wp-json\/wp\/v2\/comments?post=739"}],"version-history":[{"count":0,"href":"https:\/\/www.padelreference.com\/blog\/wp-json\/wp\/v2\/pages\/739\/revisions"}],"up":[{"embeddable":true,"href":"https:\/\/www.padelreference.com\/blog\/wp-json\/wp\/v2\/pages\/722"}],"wp:attachment":[{"href":"https:\/\/www.padelreference.com\/blog\/wp-json\/wp\/v2\/media?parent=739"}],"curies":[{"name":"wp","href":"https:\/\/api.w.org\/{rel}","templated":true}]}}