{"id":758,"date":"2022-04-04T10:03:27","date_gmt":"2022-04-04T08:03:27","guid":{"rendered":"https:\/\/www.padelreference.com\/blog\/?page_id=758"},"modified":"2022-04-05T16:32:14","modified_gmt":"2022-04-05T14:32:14","slug":"squashbad33-bordeaux","status":"publish","type":"page","link":"https:\/\/www.padelreference.com\/blog\/club-padel\/squashbad33-bordeaux\/","title":{"rendered":"\u00a0SquashBad33 &#8211; Bordeaux"},"content":{"rendered":"<p>[vc_row][vc_column][vc_column_text]<span style=\"font-weight: 400;\">SquashBad33 poss\u00e8de <strong>3 complexes<\/strong> aux alentours de Bordeaux : M\u00e9rignac, Gradignan et Bordeaux Nord.\u00a0<\/span>[\/vc_column_text][\/vc_column][\/vc_row][vc_row][vc_column width=\u00a0\u00bb1\/2&Prime;][vc_single_image image=\u00a0\u00bb769&Prime; img_size=\u00a0\u00bbfull\u00a0\u00bb][\/vc_column][vc_column width=\u00a0\u00bb1\/2&Prime;][vc_column_text]<span style=\"font-weight: 400;\">Concernant les terrains de padel le complexe met \u00e0 votre disposition :<\/span><\/p>\n<ul>\n<li style=\"font-weight: 400;\" aria-level=\"1\"><span style=\"font-weight: 400;\">3 terrains de padel <strong>ext\u00e9rieurs<\/strong> couverts \u00e0 Bordeaux<\/span><\/li>\n<li style=\"font-weight: 400;\" aria-level=\"1\"><span style=\"font-weight: 400;\">2 terrains de padel <strong>ext\u00e9rieurs<\/strong> couverts \u00e0 M\u00e9rignac<\/span><\/li>\n<li style=\"font-weight: 400;\" aria-level=\"1\"><span style=\"font-weight: 400;\">2 terrains de <strong>padel indoor<\/strong> \u00e0 Gradignan<\/span><\/li>\n<\/ul>\n<p><span style=\"font-weight: 400;\">Chaque <a href=\"https:\/\/www.padelreference.com\/blog\/club-padel\/\">complexe de padel<\/a> poss\u00e8de une brasserie avec un large choix de bi\u00e8res et de tapas. Vous pouvez \u00e9galement pratiquer d\u2019autres activit\u00e9s telles que : le squash et le badminton.<\/span><\/p>\n<p><strong>Infos pratiques<\/strong> :<\/p>\n<p>Bordeaux : <a href=\"https:\/\/www.google.com\/maps\/place\/25+Rue+Ren\u00e9+Magn\u00e9,+33300+Bordeaux\/data=!4m2!3m1!1s0xd552921d5d297cd:0x9c96821940dbb3d3?sa=X&amp;ved=2ahUKEwj6xPfkkP32AhXQxYUKHaqeCiAQ8gF6BAgOEAE\">25 rue Ren\u00e9 Magn\u00e9, 33000 Bordeaux<\/a> &#8211; 05 56 07 09 96<\/p>\n<p>M\u00e9rignac : <a href=\"https:\/\/www.google.com\/maps\/place\/25+Av.+Neil+Armstrong,+33700+M\u00e9rignac\/data=!4m2!3m1!1s0xd54da0dde08227b:0x65714b62c5ef7d1f?sa=X&amp;ved=2ahUKEwion96Fkf32AhUSyIUKHdpVBvIQ8gF6BAgOEAE\">25 Avenue Neil Armstrong<\/a>, 33700 M\u00e9rignac &#8211; 05 56 12 01 96<\/p>\n<p>Gradignan : <a href=\"https:\/\/www.google.com\/maps\/place\/6+Av.+Favard,+33170+Gradignan\/data=!4m2!3m1!1s0xd54d8a799abe09d:0x19526e512e914379?sa=X&amp;ved=2ahUKEwimxquRkf32AhXRzoUKHR4QASQQ8gF6BAgQEAE\">6 avenue Favard<\/a>, 33170 Gradignan &#8211; 05 56 88 83 70<\/p>\n<h2><\/h2>\n<p>[\/vc_column_text][\/vc_column][\/vc_row][vc_row][vc_column][vc_column_text]<\/p>\n<h2>Les autres Club de Padel en France :<\/h2>\n<ul>\n<li><a href=\"https:\/\/www.padelreference.com\/blog\/club-padel\/padel-touch-arcachon\/\">Padel Touch<\/a><\/li>\n<li><a href=\"https:\/\/www.padelreference.com\/blog\/club-padel\/big-padel-bordeaux\/\">Big Padel<\/a><\/li>\n<li><a href=\"https:\/\/www.padelreference.com\/blog\/club-padel\/le-tennis-club-bordeaux\/\">Tennis Club<\/a><\/li>\n<li><a href=\"https:\/\/www.padelreference.com\/blog\/club-padel\/mb-padel-bordeaux\/\">MB PADEL<\/a><\/li>\n<li>etc&#8230;.<\/li>\n<\/ul>\n<p>[\/vc_column_text][\/vc_column][\/vc_row]<\/p>\n","protected":false},"excerpt":{"rendered":"<p>[vc_row][vc_column][vc_column_text]SquashBad33 poss\u00e8de 3 complexes aux alentours de Bordeaux : M\u00e9rignac, Gradignan et Bordeaux Nord.\u00a0[\/vc_column_text][\/vc_column][\/vc_row][vc_row][vc_column width=\u00a0\u00bb1\/2&Prime;][vc_single_image image=\u00a0\u00bb769&Prime; img_size=\u00a0\u00bbfull\u00a0\u00bb][\/vc_column][vc_column width=\u00a0\u00bb1\/2&Prime;][vc_column_text]Concernant les terrains de padel le complexe met \u00e0 votre disposition : 3 terrains de padel ext\u00e9rieurs couverts \u00e0 Bordeaux 2 terrains de padel ext\u00e9rieurs couverts \u00e0 M\u00e9rignac 2 terrains de padel indoor \u00e0 Gradignan Chaque complexe de [&hellip;]<\/p>\n","protected":false},"author":2,"featured_media":0,"parent":722,"menu_order":0,"comment_status":"closed","ping_status":"closed","template":"","meta":{"footnotes":""},"class_list":["post-758","page","type-page","status-publish","hentry"],"yoast_head":"<!-- This site is optimized with the Yoast SEO plugin v23.1 - https:\/\/yoast.com\/wordpress\/plugins\/seo\/ -->\n<title>Les Clubs de Padel en France : la liste compl\u00e8te - Padel Reference<\/title>\n<meta name=\"robots\" content=\"index, follow, max-snippet:-1, max-image-preview:large, max-video-preview:-1\" \/>\n<link rel=\"canonical\" href=\"https:\/\/www.padelreference.com\/blog\/club-padel\/squashbad33-bordeaux\/\" \/>\n<meta property=\"og:locale\" content=\"fr_FR\" \/>\n<meta property=\"og:type\" content=\"article\" \/>\n<meta property=\"og:title\" content=\"Les Clubs de Padel en France : la liste compl\u00e8te - Padel Reference\" \/>\n<meta property=\"og:description\" content=\"[vc_row][vc_column][vc_column_text]SquashBad33 poss\u00e8de 3 complexes aux alentours de Bordeaux : M\u00e9rignac, Gradignan et Bordeaux Nord.\u00a0[\/vc_column_text][\/vc_column][\/vc_row][vc_row][vc_column width=\u00a0\u00bb1\/2&Prime;][vc_single_image image=\u00a0\u00bb769&Prime; img_size=\u00a0\u00bbfull\u00a0\u00bb][\/vc_column][vc_column width=\u00a0\u00bb1\/2&Prime;][vc_column_text]Concernant les terrains de padel le complexe met \u00e0 votre disposition : 3 terrains de padel ext\u00e9rieurs couverts \u00e0 Bordeaux 2 terrains de padel ext\u00e9rieurs couverts \u00e0 M\u00e9rignac 2 terrains de padel indoor \u00e0 Gradignan Chaque complexe de [&hellip;]\" \/>\n<meta property=\"og:url\" content=\"https:\/\/www.padelreference.com\/blog\/club-padel\/squashbad33-bordeaux\/\" \/>\n<meta property=\"og:site_name\" content=\"Padel Reference\" \/>\n<meta property=\"article:modified_time\" content=\"2022-04-05T14:32:14+00:00\" \/>\n<meta name=\"twitter:card\" content=\"summary_large_image\" \/>\n<meta name=\"twitter:label1\" content=\"Dur\u00e9e de lecture estim\u00e9e\" \/>\n\t<meta name=\"twitter:data1\" content=\"1 minute\" \/>\n<script type=\"application\/ld+json\" class=\"yoast-schema-graph\">{\"@context\":\"https:\/\/schema.org\",\"@graph\":[{\"@type\":\"WebPage\",\"@id\":\"https:\/\/www.padelreference.com\/blog\/club-padel\/squashbad33-bordeaux\/\",\"url\":\"https:\/\/www.padelreference.com\/blog\/club-padel\/squashbad33-bordeaux\/\",\"name\":\"Les Clubs de Padel en France : la liste compl\u00e8te - Padel Reference\",\"isPartOf\":{\"@id\":\"https:\/\/www.padelreference.com\/blog\/#website\"},\"datePublished\":\"2022-04-04T08:03:27+00:00\",\"dateModified\":\"2022-04-05T14:32:14+00:00\",\"breadcrumb\":{\"@id\":\"https:\/\/www.padelreference.com\/blog\/club-padel\/squashbad33-bordeaux\/#breadcrumb\"},\"inLanguage\":\"fr-FR\",\"potentialAction\":[{\"@type\":\"ReadAction\",\"target\":[\"https:\/\/www.padelreference.com\/blog\/club-padel\/squashbad33-bordeaux\/\"]}]},{\"@type\":\"BreadcrumbList\",\"@id\":\"https:\/\/www.padelreference.com\/blog\/club-padel\/squashbad33-bordeaux\/#breadcrumb\",\"itemListElement\":[{\"@type\":\"ListItem\",\"position\":1,\"name\":\"Accueil\",\"item\":\"https:\/\/www.padelreference.com\/blog\/\"},{\"@type\":\"ListItem\",\"position\":2,\"name\":\"Club de Padel en France\",\"item\":\"https:\/\/www.padelreference.com\/blog\/club-padel\/\"},{\"@type\":\"ListItem\",\"position\":3,\"name\":\"\u00a0SquashBad33 &#8211; Bordeaux\"}]},{\"@type\":\"WebSite\",\"@id\":\"https:\/\/www.padelreference.com\/blog\/#website\",\"url\":\"https:\/\/www.padelreference.com\/blog\/\",\"name\":\"Padel Reference\",\"description\":\"Le Blog 100%\",\"potentialAction\":[{\"@type\":\"SearchAction\",\"target\":{\"@type\":\"EntryPoint\",\"urlTemplate\":\"https:\/\/www.padelreference.com\/blog\/?s={search_term_string}\"},\"query-input\":\"required name=search_term_string\"}],\"inLanguage\":\"fr-FR\"}]}<\/script>\n<!-- \/ Yoast SEO plugin. -->","yoast_head_json":{"title":"Les Clubs de Padel en France : la liste compl\u00e8te - Padel Reference","robots":{"index":"index","follow":"follow","max-snippet":"max-snippet:-1","max-image-preview":"max-image-preview:large","max-video-preview":"max-video-preview:-1"},"canonical":"https:\/\/www.padelreference.com\/blog\/club-padel\/squashbad33-bordeaux\/","og_locale":"fr_FR","og_type":"article","og_title":"Les Clubs de Padel en France : la liste compl\u00e8te - Padel Reference","og_description":"[vc_row][vc_column][vc_column_text]SquashBad33 poss\u00e8de 3 complexes aux alentours de Bordeaux : M\u00e9rignac, Gradignan et Bordeaux Nord.\u00a0[\/vc_column_text][\/vc_column][\/vc_row][vc_row][vc_column width=\u00a0\u00bb1\/2&Prime;][vc_single_image image=\u00a0\u00bb769&Prime; img_size=\u00a0\u00bbfull\u00a0\u00bb][\/vc_column][vc_column width=\u00a0\u00bb1\/2&Prime;][vc_column_text]Concernant les terrains de padel le complexe met \u00e0 votre disposition : 3 terrains de padel ext\u00e9rieurs couverts \u00e0 Bordeaux 2 terrains de padel ext\u00e9rieurs couverts \u00e0 M\u00e9rignac 2 terrains de padel indoor \u00e0 Gradignan Chaque complexe de [&hellip;]","og_url":"https:\/\/www.padelreference.com\/blog\/club-padel\/squashbad33-bordeaux\/","og_site_name":"Padel Reference","article_modified_time":"2022-04-05T14:32:14+00:00","twitter_card":"summary_large_image","twitter_misc":{"Dur\u00e9e de lecture estim\u00e9e":"1 minute"},"schema":{"@context":"https:\/\/schema.org","@graph":[{"@type":"WebPage","@id":"https:\/\/www.padelreference.com\/blog\/club-padel\/squashbad33-bordeaux\/","url":"https:\/\/www.padelreference.com\/blog\/club-padel\/squashbad33-bordeaux\/","name":"Les Clubs de Padel en France : la liste compl\u00e8te - Padel Reference","isPartOf":{"@id":"https:\/\/www.padelreference.com\/blog\/#website"},"datePublished":"2022-04-04T08:03:27+00:00","dateModified":"2022-04-05T14:32:14+00:00","breadcrumb":{"@id":"https:\/\/www.padelreference.com\/blog\/club-padel\/squashbad33-bordeaux\/#breadcrumb"},"inLanguage":"fr-FR","potentialAction":[{"@type":"ReadAction","target":["https:\/\/www.padelreference.com\/blog\/club-padel\/squashbad33-bordeaux\/"]}]},{"@type":"BreadcrumbList","@id":"https:\/\/www.padelreference.com\/blog\/club-padel\/squashbad33-bordeaux\/#breadcrumb","itemListElement":[{"@type":"ListItem","position":1,"name":"Accueil","item":"https:\/\/www.padelreference.com\/blog\/"},{"@type":"ListItem","position":2,"name":"Club de Padel en France","item":"https:\/\/www.padelreference.com\/blog\/club-padel\/"},{"@type":"ListItem","position":3,"name":"\u00a0SquashBad33 &#8211; Bordeaux"}]},{"@type":"WebSite","@id":"https:\/\/www.padelreference.com\/blog\/#website","url":"https:\/\/www.padelreference.com\/blog\/","name":"Padel Reference","description":"Le Blog 100%","potentialAction":[{"@type":"SearchAction","target":{"@type":"EntryPoint","urlTemplate":"https:\/\/www.padelreference.com\/blog\/?s={search_term_string}"},"query-input":"required name=search_term_string"}],"inLanguage":"fr-FR"}]}},"_links":{"self":[{"href":"https:\/\/www.padelreference.com\/blog\/wp-json\/wp\/v2\/pages\/758"}],"collection":[{"href":"https:\/\/www.padelreference.com\/blog\/wp-json\/wp\/v2\/pages"}],"about":[{"href":"https:\/\/www.padelreference.com\/blog\/wp-json\/wp\/v2\/types\/page"}],"author":[{"embeddable":true,"href":"https:\/\/www.padelreference.com\/blog\/wp-json\/wp\/v2\/users\/2"}],"replies":[{"embeddable":true,"href":"https:\/\/www.padelreference.com\/blog\/wp-json\/wp\/v2\/comments?post=758"}],"version-history":[{"count":0,"href":"https:\/\/www.padelreference.com\/blog\/wp-json\/wp\/v2\/pages\/758\/revisions"}],"up":[{"embeddable":true,"href":"https:\/\/www.padelreference.com\/blog\/wp-json\/wp\/v2\/pages\/722"}],"wp:attachment":[{"href":"https:\/\/www.padelreference.com\/blog\/wp-json\/wp\/v2\/media?parent=758"}],"curies":[{"name":"wp","href":"https:\/\/api.w.org\/{rel}","templated":true}]}}