{"id":766,"date":"2022-04-04T10:31:46","date_gmt":"2022-04-04T08:31:46","guid":{"rendered":"https:\/\/www.padelreference.com\/blog\/?page_id=766"},"modified":"2022-04-06T09:26:43","modified_gmt":"2022-04-06T07:26:43","slug":"big-padel-bordeaux","status":"publish","type":"page","link":"https:\/\/www.padelreference.com\/blog\/club-padel\/big-padel-bordeaux\/","title":{"rendered":"Big Padel &#8211; Bordeaux"},"content":{"rendered":"<p>[vc_row][vc_column][vc_column_text]<span style=\"font-weight: 400;\">Big Padel situ\u00e9 \u00e0 M\u00e9rignac est l\u2019un des premiers <a href=\"https:\/\/www.padelreference.com\/blog\/club-padel\/\">complexes de padel<\/a>\u00a0construit \u00e0 Bordeaux en partenariat avec D\u00e9catlhon.<\/span>[\/vc_column_text][\/vc_column][\/vc_row][vc_row][vc_column width=\u00a0\u00bb1\/2&Prime;][vc_single_image image=\u00a0\u00bb755&Prime; img_size=\u00a0\u00bbfull\u00a0\u00bb][vc_column_text]Adresse : <a href=\"https:\/\/www.google.com\/maps\/place\/Decathlon+Bordeaux+M\u00e9rignac\/@44.8297761,-0.6806105,15z\/data=!4m2!3m1!1s0x0:0xa8fa4fecbfa1f7da?sa=X&amp;ved=2ahUKEwjchPW59P72AhX7gc4BHWCVB7sQ_BJ6BAhUEAU\">D\u00e9cathlon Village, 5 Rue Hipparque<\/a>, 33700 M\u00e9rignac<\/p>\n<p><a href=\"http:\/\/iframe%20src=https:\/\/www.google.com\/maps\/embed?pb=!1m14!1m8!1m3!1d11318.591540278268!2d-0.679984!3d44.8287376!3m2!1i1024!2i768!4f13.1!3m3!1m2!1s0x0%3A0x97df0601b6352c4a!2sBig%20Padel!5e0!3m2!1sfr!2sfr!4v1648201949683!5m2!1sfr!2sfr%20width=600%20height=450%20style=border:0;%20allowfullscreen=%20loading=lazy%20referrerpolicy=no-referrer-when-downgrade\/iframe\"><iframe style=\"border: 0;\" src=\"https:\/\/www.google.com\/maps\/embed?pb=!1m14!1m8!1m3!1d11318.591540278268!2d-0.679984!3d44.8287376!3m2!1i1024!2i768!4f13.1!3m3!1m2!1s0x0%3A0x97df0601b6352c4a!2sBig%20Padel!5e0!3m2!1sfr!2sfr!4v1648201949683!5m2!1sfr!2sfr\" width=\"600\" height=\"450\" allowfullscreen=\"allowfullscreen\"><\/iframe><\/a>[\/vc_column_text][\/vc_column][vc_column width=\u00a0\u00bb1\/2&Prime;][vc_column_text]<span style=\"font-weight: 400;\">Big Padel poss\u00e8de :<\/span><\/p>\n<ul>\n<li style=\"font-weight: 400;\" aria-level=\"1\"><span style=\"font-weight: 400;\">4 <strong>courts int\u00e9rieurs<\/strong> avec 9m sous plafond\u00a0<\/span><\/li>\n<li style=\"font-weight: 400;\" aria-level=\"1\"><span style=\"font-weight: 400;\">2 <strong>courts ext\u00e9rieurs<\/strong> vus sur la prairie\u00a0<\/span><\/li>\n<li style=\"font-weight: 400;\" aria-level=\"1\"><span style=\"font-weight: 400;\">1 <strong>court de simple en int\u00e9rieur<\/strong><\/span><\/li>\n<\/ul>\n<p><span style=\"font-weight: 400;\">L\u2019\u00c9clairage Full LED est int\u00e9gr\u00e9 au terrain indoor, ce qui garantit une excellente visibilit\u00e9 pour les joueurs. Les terrains sont compos\u00e9s de gazon synth\u00e9tique monofilament derni\u00e8re g\u00e9n\u00e9ration sans sable. Les vestiaires sont \u00e9quip\u00e9s de casiers avec des cadenas.<\/span><\/p>\n<p><b>\u00a0<\/b><span style=\"font-weight: 400;\">Un club house avec un service de petite restauration est \u00e0 votre disposition, avec : un m<\/span><span style=\"font-weight: 400;\">ange debout, un c<\/span><span style=\"font-weight: 400;\">oin salon et une\u00a0<\/span><span style=\"font-weight: 400;\">TV afin de regarder vos \u00e9v\u00e9nements sportifs pr\u00e9f\u00e9r\u00e9s.<\/span><\/p>\n<p><span style=\"font-weight: 400;\">2000 personnes suivent leurs actualit\u00e9s sur Facebook.<\/span>[\/vc_column_text][\/vc_column][\/vc_row][vc_row][vc_column][vc_column_text]<\/p>\n<h2>Les autres Club de Padel en France :<\/h2>\n<ul>\n<li><a href=\"https:\/\/www.padelreference.com\/blog\/club-padel\/squashbad33-bordeaux\/\">SquashBad33<\/a><\/li>\n<li><a href=\"https:\/\/www.padelreference.com\/blog\/club-padel\/padel-touch-arcachon\/\">Padel Touch<\/a><\/li>\n<li><a href=\"https:\/\/www.padelreference.com\/blog\/club-padel\/le-tennis-club-bordeaux\/\">Le Tennis Club<\/a><\/li>\n<li><a href=\"https:\/\/www.padelreference.com\/blog\/club-padel\/mb-padel-bordeaux\/\">MB Padel<\/a><\/li>\n<li>etc&#8230;.<\/li>\n<\/ul>\n<p>[\/vc_column_text][\/vc_column][\/vc_row]<\/p>\n","protected":false},"excerpt":{"rendered":"<p>[vc_row][vc_column][vc_column_text]Big Padel situ\u00e9 \u00e0 M\u00e9rignac est l\u2019un des premiers complexes de padel\u00a0construit \u00e0 Bordeaux en partenariat avec D\u00e9catlhon.[\/vc_column_text][\/vc_column][\/vc_row][vc_row][vc_column width=\u00a0\u00bb1\/2&Prime;][vc_single_image image=\u00a0\u00bb755&Prime; img_size=\u00a0\u00bbfull\u00a0\u00bb][vc_column_text]Adresse : D\u00e9cathlon Village, 5 Rue Hipparque, 33700 M\u00e9rignac [\/vc_column_text][\/vc_column][vc_column width=\u00a0\u00bb1\/2&Prime;][vc_column_text]Big Padel poss\u00e8de : 4 courts int\u00e9rieurs avec 9m sous plafond\u00a0 2 courts ext\u00e9rieurs vus sur la prairie\u00a0 1 court de simple en int\u00e9rieur L\u2019\u00c9clairage [&hellip;]<\/p>\n","protected":false},"author":2,"featured_media":0,"parent":722,"menu_order":0,"comment_status":"closed","ping_status":"closed","template":"","meta":{"footnotes":""},"class_list":["post-766","page","type-page","status-publish","hentry"],"yoast_head":"<!-- This site is optimized with the Yoast SEO plugin v23.1 - https:\/\/yoast.com\/wordpress\/plugins\/seo\/ -->\n<title>Les Clubs de Padel en France : la liste compl\u00e8te - Padel Reference<\/title>\n<meta name=\"robots\" content=\"index, follow, max-snippet:-1, max-image-preview:large, max-video-preview:-1\" \/>\n<link rel=\"canonical\" href=\"https:\/\/www.padelreference.com\/blog\/club-padel\/big-padel-bordeaux\/\" \/>\n<meta property=\"og:locale\" content=\"fr_FR\" \/>\n<meta property=\"og:type\" content=\"article\" \/>\n<meta property=\"og:title\" content=\"Les Clubs de Padel en France : la liste compl\u00e8te - Padel Reference\" \/>\n<meta property=\"og:description\" content=\"[vc_row][vc_column][vc_column_text]Big Padel situ\u00e9 \u00e0 M\u00e9rignac est l\u2019un des premiers complexes de padel\u00a0construit \u00e0 Bordeaux en partenariat avec D\u00e9catlhon.[\/vc_column_text][\/vc_column][\/vc_row][vc_row][vc_column width=\u00a0\u00bb1\/2&Prime;][vc_single_image image=\u00a0\u00bb755&Prime; img_size=\u00a0\u00bbfull\u00a0\u00bb][vc_column_text]Adresse : D\u00e9cathlon Village, 5 Rue Hipparque, 33700 M\u00e9rignac [\/vc_column_text][\/vc_column][vc_column width=\u00a0\u00bb1\/2&Prime;][vc_column_text]Big Padel poss\u00e8de : 4 courts int\u00e9rieurs avec 9m sous plafond\u00a0 2 courts ext\u00e9rieurs vus sur la prairie\u00a0 1 court de simple en int\u00e9rieur L\u2019\u00c9clairage [&hellip;]\" \/>\n<meta property=\"og:url\" content=\"https:\/\/www.padelreference.com\/blog\/club-padel\/big-padel-bordeaux\/\" \/>\n<meta property=\"og:site_name\" content=\"Padel Reference\" \/>\n<meta property=\"article:modified_time\" content=\"2022-04-06T07:26:43+00:00\" \/>\n<meta name=\"twitter:card\" content=\"summary_large_image\" \/>\n<meta name=\"twitter:label1\" content=\"Dur\u00e9e de lecture estim\u00e9e\" \/>\n\t<meta name=\"twitter:data1\" content=\"1 minute\" \/>\n<script type=\"application\/ld+json\" class=\"yoast-schema-graph\">{\"@context\":\"https:\/\/schema.org\",\"@graph\":[{\"@type\":\"WebPage\",\"@id\":\"https:\/\/www.padelreference.com\/blog\/club-padel\/big-padel-bordeaux\/\",\"url\":\"https:\/\/www.padelreference.com\/blog\/club-padel\/big-padel-bordeaux\/\",\"name\":\"Les Clubs de Padel en France : la liste compl\u00e8te - Padel Reference\",\"isPartOf\":{\"@id\":\"https:\/\/www.padelreference.com\/blog\/#website\"},\"datePublished\":\"2022-04-04T08:31:46+00:00\",\"dateModified\":\"2022-04-06T07:26:43+00:00\",\"breadcrumb\":{\"@id\":\"https:\/\/www.padelreference.com\/blog\/club-padel\/big-padel-bordeaux\/#breadcrumb\"},\"inLanguage\":\"fr-FR\",\"potentialAction\":[{\"@type\":\"ReadAction\",\"target\":[\"https:\/\/www.padelreference.com\/blog\/club-padel\/big-padel-bordeaux\/\"]}]},{\"@type\":\"BreadcrumbList\",\"@id\":\"https:\/\/www.padelreference.com\/blog\/club-padel\/big-padel-bordeaux\/#breadcrumb\",\"itemListElement\":[{\"@type\":\"ListItem\",\"position\":1,\"name\":\"Accueil\",\"item\":\"https:\/\/www.padelreference.com\/blog\/\"},{\"@type\":\"ListItem\",\"position\":2,\"name\":\"Club de Padel en France\",\"item\":\"https:\/\/www.padelreference.com\/blog\/club-padel\/\"},{\"@type\":\"ListItem\",\"position\":3,\"name\":\"Big Padel &#8211; Bordeaux\"}]},{\"@type\":\"WebSite\",\"@id\":\"https:\/\/www.padelreference.com\/blog\/#website\",\"url\":\"https:\/\/www.padelreference.com\/blog\/\",\"name\":\"Padel Reference\",\"description\":\"Le Blog 100%\",\"potentialAction\":[{\"@type\":\"SearchAction\",\"target\":{\"@type\":\"EntryPoint\",\"urlTemplate\":\"https:\/\/www.padelreference.com\/blog\/?s={search_term_string}\"},\"query-input\":\"required name=search_term_string\"}],\"inLanguage\":\"fr-FR\"}]}<\/script>\n<!-- \/ Yoast SEO plugin. -->","yoast_head_json":{"title":"Les Clubs de Padel en France : la liste compl\u00e8te - Padel Reference","robots":{"index":"index","follow":"follow","max-snippet":"max-snippet:-1","max-image-preview":"max-image-preview:large","max-video-preview":"max-video-preview:-1"},"canonical":"https:\/\/www.padelreference.com\/blog\/club-padel\/big-padel-bordeaux\/","og_locale":"fr_FR","og_type":"article","og_title":"Les Clubs de Padel en France : la liste compl\u00e8te - Padel Reference","og_description":"[vc_row][vc_column][vc_column_text]Big Padel situ\u00e9 \u00e0 M\u00e9rignac est l\u2019un des premiers complexes de padel\u00a0construit \u00e0 Bordeaux en partenariat avec D\u00e9catlhon.[\/vc_column_text][\/vc_column][\/vc_row][vc_row][vc_column width=\u00a0\u00bb1\/2&Prime;][vc_single_image image=\u00a0\u00bb755&Prime; img_size=\u00a0\u00bbfull\u00a0\u00bb][vc_column_text]Adresse : D\u00e9cathlon Village, 5 Rue Hipparque, 33700 M\u00e9rignac [\/vc_column_text][\/vc_column][vc_column width=\u00a0\u00bb1\/2&Prime;][vc_column_text]Big Padel poss\u00e8de : 4 courts int\u00e9rieurs avec 9m sous plafond\u00a0 2 courts ext\u00e9rieurs vus sur la prairie\u00a0 1 court de simple en int\u00e9rieur L\u2019\u00c9clairage [&hellip;]","og_url":"https:\/\/www.padelreference.com\/blog\/club-padel\/big-padel-bordeaux\/","og_site_name":"Padel Reference","article_modified_time":"2022-04-06T07:26:43+00:00","twitter_card":"summary_large_image","twitter_misc":{"Dur\u00e9e de lecture estim\u00e9e":"1 minute"},"schema":{"@context":"https:\/\/schema.org","@graph":[{"@type":"WebPage","@id":"https:\/\/www.padelreference.com\/blog\/club-padel\/big-padel-bordeaux\/","url":"https:\/\/www.padelreference.com\/blog\/club-padel\/big-padel-bordeaux\/","name":"Les Clubs de Padel en France : la liste compl\u00e8te - Padel Reference","isPartOf":{"@id":"https:\/\/www.padelreference.com\/blog\/#website"},"datePublished":"2022-04-04T08:31:46+00:00","dateModified":"2022-04-06T07:26:43+00:00","breadcrumb":{"@id":"https:\/\/www.padelreference.com\/blog\/club-padel\/big-padel-bordeaux\/#breadcrumb"},"inLanguage":"fr-FR","potentialAction":[{"@type":"ReadAction","target":["https:\/\/www.padelreference.com\/blog\/club-padel\/big-padel-bordeaux\/"]}]},{"@type":"BreadcrumbList","@id":"https:\/\/www.padelreference.com\/blog\/club-padel\/big-padel-bordeaux\/#breadcrumb","itemListElement":[{"@type":"ListItem","position":1,"name":"Accueil","item":"https:\/\/www.padelreference.com\/blog\/"},{"@type":"ListItem","position":2,"name":"Club de Padel en France","item":"https:\/\/www.padelreference.com\/blog\/club-padel\/"},{"@type":"ListItem","position":3,"name":"Big Padel &#8211; Bordeaux"}]},{"@type":"WebSite","@id":"https:\/\/www.padelreference.com\/blog\/#website","url":"https:\/\/www.padelreference.com\/blog\/","name":"Padel Reference","description":"Le Blog 100%","potentialAction":[{"@type":"SearchAction","target":{"@type":"EntryPoint","urlTemplate":"https:\/\/www.padelreference.com\/blog\/?s={search_term_string}"},"query-input":"required name=search_term_string"}],"inLanguage":"fr-FR"}]}},"_links":{"self":[{"href":"https:\/\/www.padelreference.com\/blog\/wp-json\/wp\/v2\/pages\/766"}],"collection":[{"href":"https:\/\/www.padelreference.com\/blog\/wp-json\/wp\/v2\/pages"}],"about":[{"href":"https:\/\/www.padelreference.com\/blog\/wp-json\/wp\/v2\/types\/page"}],"author":[{"embeddable":true,"href":"https:\/\/www.padelreference.com\/blog\/wp-json\/wp\/v2\/users\/2"}],"replies":[{"embeddable":true,"href":"https:\/\/www.padelreference.com\/blog\/wp-json\/wp\/v2\/comments?post=766"}],"version-history":[{"count":0,"href":"https:\/\/www.padelreference.com\/blog\/wp-json\/wp\/v2\/pages\/766\/revisions"}],"up":[{"embeddable":true,"href":"https:\/\/www.padelreference.com\/blog\/wp-json\/wp\/v2\/pages\/722"}],"wp:attachment":[{"href":"https:\/\/www.padelreference.com\/blog\/wp-json\/wp\/v2\/media?parent=766"}],"curies":[{"name":"wp","href":"https:\/\/api.w.org\/{rel}","templated":true}]}}