{"id":771,"date":"2022-04-04T10:52:24","date_gmt":"2022-04-04T08:52:24","guid":{"rendered":"https:\/\/www.padelreference.com\/blog\/?page_id=771"},"modified":"2022-04-06T09:33:37","modified_gmt":"2022-04-06T07:33:37","slug":"tennis-club-du-pinsan-eysines","status":"publish","type":"page","link":"https:\/\/www.padelreference.com\/blog\/club-padel\/tennis-club-du-pinsan-eysines\/","title":{"rendered":"Tennis club du Pinsan\u00a0&#8211; Eysines"},"content":{"rendered":"<p>[vc_row][vc_column width=\u00a0\u00bb1\/2&Prime;][vc_single_image image=\u00a0\u00bb780&Prime; img_size=\u00a0\u00bbfull\u00a0\u00bb][vc_column_text]Adresse : <a href=\"https:\/\/www.google.com\/maps\/place\/Rue+du+Pinsan,+33320+Eysines\/@44.8731862,-0.6547121,17z\/data=!3m1!4b1!4m5!3m4!1s0xd54d71153e85d9f:0x291c3c5ece375f33!8m2!3d44.8731862!4d-0.6547121\">Rue du Pinsan<\/a>, 33320 Eysines<\/p>\n<p><a href=\"http:\/\/iframe%20src=https:\/\/www.google.com\/maps\/embed?pb=!1m14!1m8!1m3!1d11310.007385065208!2d-0.654456!3d44.8724352!3m2!1i1024!2i768!4f13.1!3m3!1m2!1s0x0%3A0x73752309cb8c7706!2sTennis%20Club%20du%20Pinsan!5e0!3m2!1sfr!2sfr!4v1648217209814!5m2!1sfr!2sfr%20width=600%20height=450%20style=border:0;%20allowfullscreen=%20loading=lazy%20referrerpolicy=no-referrer-when-downgrade\/iframe\"><iframe style=\"border: 0;\" src=\"https:\/\/www.google.com\/maps\/embed?pb=!1m14!1m8!1m3!1d11310.007385065208!2d-0.654456!3d44.8724352!3m2!1i1024!2i768!4f13.1!3m3!1m2!1s0x0%3A0x73752309cb8c7706!2sTennis%20Club%20du%20Pinsan!5e0!3m2!1sfr!2sfr!4v1648217209814!5m2!1sfr!2sfr\" width=\"600\" height=\"450\" allowfullscreen=\"allowfullscreen\"><\/iframe><\/a>[\/vc_column_text][\/vc_column][vc_column width=\u00a0\u00bb1\/2&Prime;][vc_column_text]<span style=\"font-weight: 400;\">Le tennis club du Pinsan se situe \u00e0 Eysines. C\u2019<\/span><span style=\"font-weight: 400;\">est un complexe sportif principalement de tennis mais il s\u2019est d\u00e9velopp\u00e9 il y a quelques ann\u00e9es pour les amoureux de padel.<\/span><\/p>\n<p><span style=\"font-weight: 400;\">Le <a href=\"https:\/\/www.padelreference.com\/blog\/club-padel\/\">complexe de padel<\/a> est compos\u00e9 de <strong>2 terrains de padel<\/strong> et des terrains de tennis. Il y a \u00e9galement des vestiaires agr\u00e9ment\u00e9s de douche.<\/span>[\/vc_column_text][\/vc_column][\/vc_row][vc_row][vc_column][vc_column_text]<\/p>\n<h2>Les autres Club de Padel en France :<\/h2>\n<ul>\n<li><a href=\"https:\/\/www.padelreference.com\/blog\/club-padel\/us-bouscat-le-bouscat\/\">US Bouscat<\/a><\/li>\n<li><a href=\"https:\/\/www.padelreference.com\/blog\/club-padel\/mb-padel-bordeaux\/\">MB Padel<\/a><\/li>\n<li><a href=\"https:\/\/www.padelreference.com\/blog\/club-padel\/padel-touch-arcachon\/\">Padel Touch<\/a><\/li>\n<li><a href=\"https:\/\/www.padelreference.com\/blog\/club-padel\/big-padel-bordeaux\/\">Big Padel<\/a><\/li>\n<li>etc&#8230;.<\/li>\n<\/ul>\n<p>[\/vc_column_text][\/vc_column][\/vc_row]<\/p>\n","protected":false},"excerpt":{"rendered":"<p>[vc_row][vc_column width=\u00a0\u00bb1\/2&Prime;][vc_single_image image=\u00a0\u00bb780&Prime; img_size=\u00a0\u00bbfull\u00a0\u00bb][vc_column_text]Adresse : Rue du Pinsan, 33320 Eysines [\/vc_column_text][\/vc_column][vc_column width=\u00a0\u00bb1\/2&Prime;][vc_column_text]Le tennis club du Pinsan se situe \u00e0 Eysines. C\u2019est un complexe sportif principalement de tennis mais il s\u2019est d\u00e9velopp\u00e9 il y a quelques ann\u00e9es pour les amoureux de padel. Le complexe de padel est compos\u00e9 de 2 terrains de padel et des terrains [&hellip;]<\/p>\n","protected":false},"author":2,"featured_media":0,"parent":722,"menu_order":0,"comment_status":"closed","ping_status":"closed","template":"","meta":{"footnotes":""},"class_list":["post-771","page","type-page","status-publish","hentry"],"yoast_head":"<!-- This site is optimized with the Yoast SEO plugin v23.1 - https:\/\/yoast.com\/wordpress\/plugins\/seo\/ -->\n<title>Les Clubs de Padel en France : la liste compl\u00e8te - Padel Reference<\/title>\n<meta name=\"robots\" content=\"index, follow, max-snippet:-1, max-image-preview:large, max-video-preview:-1\" \/>\n<link rel=\"canonical\" href=\"https:\/\/www.padelreference.com\/blog\/club-padel\/tennis-club-du-pinsan-eysines\/\" \/>\n<meta property=\"og:locale\" content=\"fr_FR\" \/>\n<meta property=\"og:type\" content=\"article\" \/>\n<meta property=\"og:title\" content=\"Les Clubs de Padel en France : la liste compl\u00e8te - Padel Reference\" \/>\n<meta property=\"og:description\" content=\"[vc_row][vc_column width=\u00a0\u00bb1\/2&Prime;][vc_single_image image=\u00a0\u00bb780&Prime; img_size=\u00a0\u00bbfull\u00a0\u00bb][vc_column_text]Adresse : Rue du Pinsan, 33320 Eysines [\/vc_column_text][\/vc_column][vc_column width=\u00a0\u00bb1\/2&Prime;][vc_column_text]Le tennis club du Pinsan se situe \u00e0 Eysines. C\u2019est un complexe sportif principalement de tennis mais il s\u2019est d\u00e9velopp\u00e9 il y a quelques ann\u00e9es pour les amoureux de padel. Le complexe de padel est compos\u00e9 de 2 terrains de padel et des terrains [&hellip;]\" \/>\n<meta property=\"og:url\" content=\"https:\/\/www.padelreference.com\/blog\/club-padel\/tennis-club-du-pinsan-eysines\/\" \/>\n<meta property=\"og:site_name\" content=\"Padel Reference\" \/>\n<meta property=\"article:modified_time\" content=\"2022-04-06T07:33:37+00:00\" \/>\n<meta name=\"twitter:card\" content=\"summary_large_image\" \/>\n<meta name=\"twitter:label1\" content=\"Dur\u00e9e de lecture estim\u00e9e\" \/>\n\t<meta name=\"twitter:data1\" content=\"1 minute\" \/>\n<script type=\"application\/ld+json\" class=\"yoast-schema-graph\">{\"@context\":\"https:\/\/schema.org\",\"@graph\":[{\"@type\":\"WebPage\",\"@id\":\"https:\/\/www.padelreference.com\/blog\/club-padel\/tennis-club-du-pinsan-eysines\/\",\"url\":\"https:\/\/www.padelreference.com\/blog\/club-padel\/tennis-club-du-pinsan-eysines\/\",\"name\":\"Les Clubs de Padel en France : la liste compl\u00e8te - Padel Reference\",\"isPartOf\":{\"@id\":\"https:\/\/www.padelreference.com\/blog\/#website\"},\"datePublished\":\"2022-04-04T08:52:24+00:00\",\"dateModified\":\"2022-04-06T07:33:37+00:00\",\"breadcrumb\":{\"@id\":\"https:\/\/www.padelreference.com\/blog\/club-padel\/tennis-club-du-pinsan-eysines\/#breadcrumb\"},\"inLanguage\":\"fr-FR\",\"potentialAction\":[{\"@type\":\"ReadAction\",\"target\":[\"https:\/\/www.padelreference.com\/blog\/club-padel\/tennis-club-du-pinsan-eysines\/\"]}]},{\"@type\":\"BreadcrumbList\",\"@id\":\"https:\/\/www.padelreference.com\/blog\/club-padel\/tennis-club-du-pinsan-eysines\/#breadcrumb\",\"itemListElement\":[{\"@type\":\"ListItem\",\"position\":1,\"name\":\"Accueil\",\"item\":\"https:\/\/www.padelreference.com\/blog\/\"},{\"@type\":\"ListItem\",\"position\":2,\"name\":\"Club de Padel en France\",\"item\":\"https:\/\/www.padelreference.com\/blog\/club-padel\/\"},{\"@type\":\"ListItem\",\"position\":3,\"name\":\"Tennis club du Pinsan\u00a0&#8211; Eysines\"}]},{\"@type\":\"WebSite\",\"@id\":\"https:\/\/www.padelreference.com\/blog\/#website\",\"url\":\"https:\/\/www.padelreference.com\/blog\/\",\"name\":\"Padel Reference\",\"description\":\"Le Blog 100%\",\"potentialAction\":[{\"@type\":\"SearchAction\",\"target\":{\"@type\":\"EntryPoint\",\"urlTemplate\":\"https:\/\/www.padelreference.com\/blog\/?s={search_term_string}\"},\"query-input\":\"required name=search_term_string\"}],\"inLanguage\":\"fr-FR\"}]}<\/script>\n<!-- \/ Yoast SEO plugin. -->","yoast_head_json":{"title":"Les Clubs de Padel en France : la liste compl\u00e8te - Padel Reference","robots":{"index":"index","follow":"follow","max-snippet":"max-snippet:-1","max-image-preview":"max-image-preview:large","max-video-preview":"max-video-preview:-1"},"canonical":"https:\/\/www.padelreference.com\/blog\/club-padel\/tennis-club-du-pinsan-eysines\/","og_locale":"fr_FR","og_type":"article","og_title":"Les Clubs de Padel en France : la liste compl\u00e8te - Padel Reference","og_description":"[vc_row][vc_column width=\u00a0\u00bb1\/2&Prime;][vc_single_image image=\u00a0\u00bb780&Prime; img_size=\u00a0\u00bbfull\u00a0\u00bb][vc_column_text]Adresse : Rue du Pinsan, 33320 Eysines [\/vc_column_text][\/vc_column][vc_column width=\u00a0\u00bb1\/2&Prime;][vc_column_text]Le tennis club du Pinsan se situe \u00e0 Eysines. C\u2019est un complexe sportif principalement de tennis mais il s\u2019est d\u00e9velopp\u00e9 il y a quelques ann\u00e9es pour les amoureux de padel. Le complexe de padel est compos\u00e9 de 2 terrains de padel et des terrains [&hellip;]","og_url":"https:\/\/www.padelreference.com\/blog\/club-padel\/tennis-club-du-pinsan-eysines\/","og_site_name":"Padel Reference","article_modified_time":"2022-04-06T07:33:37+00:00","twitter_card":"summary_large_image","twitter_misc":{"Dur\u00e9e de lecture estim\u00e9e":"1 minute"},"schema":{"@context":"https:\/\/schema.org","@graph":[{"@type":"WebPage","@id":"https:\/\/www.padelreference.com\/blog\/club-padel\/tennis-club-du-pinsan-eysines\/","url":"https:\/\/www.padelreference.com\/blog\/club-padel\/tennis-club-du-pinsan-eysines\/","name":"Les Clubs de Padel en France : la liste compl\u00e8te - Padel Reference","isPartOf":{"@id":"https:\/\/www.padelreference.com\/blog\/#website"},"datePublished":"2022-04-04T08:52:24+00:00","dateModified":"2022-04-06T07:33:37+00:00","breadcrumb":{"@id":"https:\/\/www.padelreference.com\/blog\/club-padel\/tennis-club-du-pinsan-eysines\/#breadcrumb"},"inLanguage":"fr-FR","potentialAction":[{"@type":"ReadAction","target":["https:\/\/www.padelreference.com\/blog\/club-padel\/tennis-club-du-pinsan-eysines\/"]}]},{"@type":"BreadcrumbList","@id":"https:\/\/www.padelreference.com\/blog\/club-padel\/tennis-club-du-pinsan-eysines\/#breadcrumb","itemListElement":[{"@type":"ListItem","position":1,"name":"Accueil","item":"https:\/\/www.padelreference.com\/blog\/"},{"@type":"ListItem","position":2,"name":"Club de Padel en France","item":"https:\/\/www.padelreference.com\/blog\/club-padel\/"},{"@type":"ListItem","position":3,"name":"Tennis club du Pinsan\u00a0&#8211; Eysines"}]},{"@type":"WebSite","@id":"https:\/\/www.padelreference.com\/blog\/#website","url":"https:\/\/www.padelreference.com\/blog\/","name":"Padel Reference","description":"Le Blog 100%","potentialAction":[{"@type":"SearchAction","target":{"@type":"EntryPoint","urlTemplate":"https:\/\/www.padelreference.com\/blog\/?s={search_term_string}"},"query-input":"required name=search_term_string"}],"inLanguage":"fr-FR"}]}},"_links":{"self":[{"href":"https:\/\/www.padelreference.com\/blog\/wp-json\/wp\/v2\/pages\/771"}],"collection":[{"href":"https:\/\/www.padelreference.com\/blog\/wp-json\/wp\/v2\/pages"}],"about":[{"href":"https:\/\/www.padelreference.com\/blog\/wp-json\/wp\/v2\/types\/page"}],"author":[{"embeddable":true,"href":"https:\/\/www.padelreference.com\/blog\/wp-json\/wp\/v2\/users\/2"}],"replies":[{"embeddable":true,"href":"https:\/\/www.padelreference.com\/blog\/wp-json\/wp\/v2\/comments?post=771"}],"version-history":[{"count":0,"href":"https:\/\/www.padelreference.com\/blog\/wp-json\/wp\/v2\/pages\/771\/revisions"}],"up":[{"embeddable":true,"href":"https:\/\/www.padelreference.com\/blog\/wp-json\/wp\/v2\/pages\/722"}],"wp:attachment":[{"href":"https:\/\/www.padelreference.com\/blog\/wp-json\/wp\/v2\/media?parent=771"}],"curies":[{"name":"wp","href":"https:\/\/api.w.org\/{rel}","templated":true}]}}