{"id":772,"date":"2022-04-04T11:00:53","date_gmt":"2022-04-04T09:00:53","guid":{"rendered":"https:\/\/www.padelreference.com\/blog\/?page_id=772"},"modified":"2022-04-06T12:00:10","modified_gmt":"2022-04-06T10:00:10","slug":"us-cenon-tennis-padel-cenon","status":"publish","type":"page","link":"https:\/\/www.padelreference.com\/blog\/club-padel\/us-cenon-tennis-padel-cenon\/","title":{"rendered":"US Cenon Tennis\/Padel \u2013 Cenon"},"content":{"rendered":"<p>[vc_row][vc_column][vc_column_text]<span style=\"font-weight: 400;\">L\u2019US Cenon Tennis\/Padel situ\u00e9 \u00e0 Cenon, comme son nom l&rsquo;indique, il est \u00e0 la fois d\u00e9di\u00e9 au tennis et au padel. L\u2019\u00e9tablissement offre tout ce dont vous avez besoin pour passer plusieurs heures de jeux que ce soit en semaine ou le week-end<\/span>[\/vc_column_text][\/vc_column][\/vc_row][vc_row][vc_column width=\u00a0\u00bb1\/2&Prime;][vc_single_image image=\u00a0\u00bb775&Prime; img_size=\u00a0\u00bbfull\u00a0\u00bb][vc_column_text]Adresse : <a href=\"https:\/\/www.google.com\/maps\/place\/3+All.+Simone+Bouluguet,+33150+Cenon\/@44.8589706,-0.5261331,17z\/data=!3m1!4b1!4m5!3m4!1s0xd5528b2a94d5933:0x81a66c2f5d587949!8m2!3d44.8589706!4d-0.5261331\">3 All. Simone Bouluguet<\/a>, 33150 Cenon<\/p>\n<p><a href=\"http:\/\/iframe%20src=https:\/\/www.google.com\/maps\/embed?pb=!1m14!1m8!1m3!1d11312.639341326092!2d-0.5260269!3d44.8590408!3m2!1i1024!2i768!4f13.1!3m3!1m2!1s0x0%3A0x3c29e7827197818a!2sUS%20Cenon%20Tennis%2FPadel%20-%20Complexe%20Francis%20Lafuente!5e0!3m2!1sfr!2sfr!4v1648216724022!5m2!1sfr!2sfr%20width=600%20height=450%20style=border:0;%20allowfullscreen=%20loading=lazy%20referrerpolicy=no-referrer-when-downgrade\/iframe\"><iframe style=\"border: 0;\" src=\"https:\/\/www.google.com\/maps\/embed?pb=!1m14!1m8!1m3!1d11312.639341326092!2d-0.5260269!3d44.8590408!3m2!1i1024!2i768!4f13.1!3m3!1m2!1s0x0%3A0x3c29e7827197818a!2sUS%20Cenon%20Tennis%2FPadel%20-%20Complexe%20Francis%20Lafuente!5e0!3m2!1sfr!2sfr!4v1648216724022!5m2!1sfr!2sfr\" width=\"600\" height=\"450\" allowfullscreen=\"allowfullscreen\"><\/iframe><\/a>[\/vc_column_text][\/vc_column][vc_column width=\u00a0\u00bb1\/2&Prime;][vc_column_text]<span style=\"font-weight: 400;\">Le <a href=\"https:\/\/www.padelreference.com\/blog\/club-padel\/\">complexe de padel<\/a> poss\u00e8de <strong>un seul terrain de padel<\/strong>. Cependant vous pouvez profiter des courts de tennis et de la salle de musculation.<\/span><\/p>\n<p><span style=\"font-weight: 400;\">Pour une <strong>ambiance conviviale<\/strong>, d\u2019autres espaces sont \u00e9galement d\u00e9di\u00e9s au bien-\u00eatre et \u00e0 la d\u00e9tente tels que le club-house, les vestiaires, le bar-restaurant et la boutique. Une salle de r\u00e9union est \u00e9galement mise \u00e0 disposition en cas de besoin.<\/span>[\/vc_column_text][\/vc_column][\/vc_row][vc_row][vc_column][vc_column_text]<\/p>\n<h2>Les autres Club de Padel en France :<\/h2>\n<ul>\n<li><a href=\"https:\/\/www.padelreference.com\/blog\/club-padel\/us-bouscat-le-bouscat\/\">US Bouscat<\/a><\/li>\n<li><a href=\"https:\/\/www.padelreference.com\/blog\/club-padel\/padel-touch-arcachon\/\">Padel Touch<\/a><\/li>\n<li><a href=\"https:\/\/www.padelreference.com\/blog\/club-padel\/big-padel-bordeaux\/\">Big Padel<\/a><\/li>\n<li><a href=\"https:\/\/www.padelreference.com\/blog\/club-padel\/tennis-club-du-pinsan-eysines\/\">Tennis club du Pinsan<\/a><\/li>\n<li>etc&#8230;.<\/li>\n<\/ul>\n<p>[\/vc_column_text][\/vc_column][\/vc_row]<\/p>\n","protected":false},"excerpt":{"rendered":"<p>[vc_row][vc_column][vc_column_text]L\u2019US Cenon Tennis\/Padel situ\u00e9 \u00e0 Cenon, comme son nom l&rsquo;indique, il est \u00e0 la fois d\u00e9di\u00e9 au tennis et au padel. L\u2019\u00e9tablissement offre tout ce dont vous avez besoin pour passer plusieurs heures de jeux que ce soit en semaine ou le week-end[\/vc_column_text][\/vc_column][\/vc_row][vc_row][vc_column width=\u00a0\u00bb1\/2&Prime;][vc_single_image image=\u00a0\u00bb775&Prime; img_size=\u00a0\u00bbfull\u00a0\u00bb][vc_column_text]Adresse : 3 All. Simone Bouluguet, 33150 Cenon [\/vc_column_text][\/vc_column][vc_column width=\u00a0\u00bb1\/2&Prime;][vc_column_text]Le [&hellip;]<\/p>\n","protected":false},"author":2,"featured_media":0,"parent":722,"menu_order":0,"comment_status":"closed","ping_status":"closed","template":"","meta":{"footnotes":""},"class_list":["post-772","page","type-page","status-publish","hentry"],"yoast_head":"<!-- This site is optimized with the Yoast SEO plugin v23.1 - https:\/\/yoast.com\/wordpress\/plugins\/seo\/ -->\n<title>Les Clubs de Padel en France : la liste compl\u00e8te - Padel Reference<\/title>\n<meta name=\"robots\" content=\"index, follow, max-snippet:-1, max-image-preview:large, max-video-preview:-1\" \/>\n<link rel=\"canonical\" href=\"https:\/\/www.padelreference.com\/blog\/club-padel\/us-cenon-tennis-padel-cenon\/\" \/>\n<meta property=\"og:locale\" content=\"fr_FR\" \/>\n<meta property=\"og:type\" content=\"article\" \/>\n<meta property=\"og:title\" content=\"Les Clubs de Padel en France : la liste compl\u00e8te - Padel Reference\" \/>\n<meta property=\"og:description\" content=\"[vc_row][vc_column][vc_column_text]L\u2019US Cenon Tennis\/Padel situ\u00e9 \u00e0 Cenon, comme son nom l&rsquo;indique, il est \u00e0 la fois d\u00e9di\u00e9 au tennis et au padel. L\u2019\u00e9tablissement offre tout ce dont vous avez besoin pour passer plusieurs heures de jeux que ce soit en semaine ou le week-end[\/vc_column_text][\/vc_column][\/vc_row][vc_row][vc_column width=\u00a0\u00bb1\/2&Prime;][vc_single_image image=\u00a0\u00bb775&Prime; img_size=\u00a0\u00bbfull\u00a0\u00bb][vc_column_text]Adresse : 3 All. Simone Bouluguet, 33150 Cenon [\/vc_column_text][\/vc_column][vc_column width=\u00a0\u00bb1\/2&Prime;][vc_column_text]Le [&hellip;]\" \/>\n<meta property=\"og:url\" content=\"https:\/\/www.padelreference.com\/blog\/club-padel\/us-cenon-tennis-padel-cenon\/\" \/>\n<meta property=\"og:site_name\" content=\"Padel Reference\" \/>\n<meta property=\"article:modified_time\" content=\"2022-04-06T10:00:10+00:00\" \/>\n<meta name=\"twitter:card\" content=\"summary_large_image\" \/>\n<meta name=\"twitter:label1\" content=\"Dur\u00e9e de lecture estim\u00e9e\" \/>\n\t<meta name=\"twitter:data1\" content=\"1 minute\" \/>\n<script type=\"application\/ld+json\" class=\"yoast-schema-graph\">{\"@context\":\"https:\/\/schema.org\",\"@graph\":[{\"@type\":\"WebPage\",\"@id\":\"https:\/\/www.padelreference.com\/blog\/club-padel\/us-cenon-tennis-padel-cenon\/\",\"url\":\"https:\/\/www.padelreference.com\/blog\/club-padel\/us-cenon-tennis-padel-cenon\/\",\"name\":\"Les Clubs de Padel en France : la liste compl\u00e8te - Padel Reference\",\"isPartOf\":{\"@id\":\"https:\/\/www.padelreference.com\/blog\/#website\"},\"datePublished\":\"2022-04-04T09:00:53+00:00\",\"dateModified\":\"2022-04-06T10:00:10+00:00\",\"breadcrumb\":{\"@id\":\"https:\/\/www.padelreference.com\/blog\/club-padel\/us-cenon-tennis-padel-cenon\/#breadcrumb\"},\"inLanguage\":\"fr-FR\",\"potentialAction\":[{\"@type\":\"ReadAction\",\"target\":[\"https:\/\/www.padelreference.com\/blog\/club-padel\/us-cenon-tennis-padel-cenon\/\"]}]},{\"@type\":\"BreadcrumbList\",\"@id\":\"https:\/\/www.padelreference.com\/blog\/club-padel\/us-cenon-tennis-padel-cenon\/#breadcrumb\",\"itemListElement\":[{\"@type\":\"ListItem\",\"position\":1,\"name\":\"Accueil\",\"item\":\"https:\/\/www.padelreference.com\/blog\/\"},{\"@type\":\"ListItem\",\"position\":2,\"name\":\"Club de Padel en France\",\"item\":\"https:\/\/www.padelreference.com\/blog\/club-padel\/\"},{\"@type\":\"ListItem\",\"position\":3,\"name\":\"US Cenon Tennis\/Padel \u2013 Cenon\"}]},{\"@type\":\"WebSite\",\"@id\":\"https:\/\/www.padelreference.com\/blog\/#website\",\"url\":\"https:\/\/www.padelreference.com\/blog\/\",\"name\":\"Padel Reference\",\"description\":\"Le Blog 100%\",\"potentialAction\":[{\"@type\":\"SearchAction\",\"target\":{\"@type\":\"EntryPoint\",\"urlTemplate\":\"https:\/\/www.padelreference.com\/blog\/?s={search_term_string}\"},\"query-input\":\"required name=search_term_string\"}],\"inLanguage\":\"fr-FR\"}]}<\/script>\n<!-- \/ Yoast SEO plugin. -->","yoast_head_json":{"title":"Les Clubs de Padel en France : la liste compl\u00e8te - Padel Reference","robots":{"index":"index","follow":"follow","max-snippet":"max-snippet:-1","max-image-preview":"max-image-preview:large","max-video-preview":"max-video-preview:-1"},"canonical":"https:\/\/www.padelreference.com\/blog\/club-padel\/us-cenon-tennis-padel-cenon\/","og_locale":"fr_FR","og_type":"article","og_title":"Les Clubs de Padel en France : la liste compl\u00e8te - Padel Reference","og_description":"[vc_row][vc_column][vc_column_text]L\u2019US Cenon Tennis\/Padel situ\u00e9 \u00e0 Cenon, comme son nom l&rsquo;indique, il est \u00e0 la fois d\u00e9di\u00e9 au tennis et au padel. L\u2019\u00e9tablissement offre tout ce dont vous avez besoin pour passer plusieurs heures de jeux que ce soit en semaine ou le week-end[\/vc_column_text][\/vc_column][\/vc_row][vc_row][vc_column width=\u00a0\u00bb1\/2&Prime;][vc_single_image image=\u00a0\u00bb775&Prime; img_size=\u00a0\u00bbfull\u00a0\u00bb][vc_column_text]Adresse : 3 All. Simone Bouluguet, 33150 Cenon [\/vc_column_text][\/vc_column][vc_column width=\u00a0\u00bb1\/2&Prime;][vc_column_text]Le [&hellip;]","og_url":"https:\/\/www.padelreference.com\/blog\/club-padel\/us-cenon-tennis-padel-cenon\/","og_site_name":"Padel Reference","article_modified_time":"2022-04-06T10:00:10+00:00","twitter_card":"summary_large_image","twitter_misc":{"Dur\u00e9e de lecture estim\u00e9e":"1 minute"},"schema":{"@context":"https:\/\/schema.org","@graph":[{"@type":"WebPage","@id":"https:\/\/www.padelreference.com\/blog\/club-padel\/us-cenon-tennis-padel-cenon\/","url":"https:\/\/www.padelreference.com\/blog\/club-padel\/us-cenon-tennis-padel-cenon\/","name":"Les Clubs de Padel en France : la liste compl\u00e8te - Padel Reference","isPartOf":{"@id":"https:\/\/www.padelreference.com\/blog\/#website"},"datePublished":"2022-04-04T09:00:53+00:00","dateModified":"2022-04-06T10:00:10+00:00","breadcrumb":{"@id":"https:\/\/www.padelreference.com\/blog\/club-padel\/us-cenon-tennis-padel-cenon\/#breadcrumb"},"inLanguage":"fr-FR","potentialAction":[{"@type":"ReadAction","target":["https:\/\/www.padelreference.com\/blog\/club-padel\/us-cenon-tennis-padel-cenon\/"]}]},{"@type":"BreadcrumbList","@id":"https:\/\/www.padelreference.com\/blog\/club-padel\/us-cenon-tennis-padel-cenon\/#breadcrumb","itemListElement":[{"@type":"ListItem","position":1,"name":"Accueil","item":"https:\/\/www.padelreference.com\/blog\/"},{"@type":"ListItem","position":2,"name":"Club de Padel en France","item":"https:\/\/www.padelreference.com\/blog\/club-padel\/"},{"@type":"ListItem","position":3,"name":"US Cenon Tennis\/Padel \u2013 Cenon"}]},{"@type":"WebSite","@id":"https:\/\/www.padelreference.com\/blog\/#website","url":"https:\/\/www.padelreference.com\/blog\/","name":"Padel Reference","description":"Le Blog 100%","potentialAction":[{"@type":"SearchAction","target":{"@type":"EntryPoint","urlTemplate":"https:\/\/www.padelreference.com\/blog\/?s={search_term_string}"},"query-input":"required name=search_term_string"}],"inLanguage":"fr-FR"}]}},"_links":{"self":[{"href":"https:\/\/www.padelreference.com\/blog\/wp-json\/wp\/v2\/pages\/772"}],"collection":[{"href":"https:\/\/www.padelreference.com\/blog\/wp-json\/wp\/v2\/pages"}],"about":[{"href":"https:\/\/www.padelreference.com\/blog\/wp-json\/wp\/v2\/types\/page"}],"author":[{"embeddable":true,"href":"https:\/\/www.padelreference.com\/blog\/wp-json\/wp\/v2\/users\/2"}],"replies":[{"embeddable":true,"href":"https:\/\/www.padelreference.com\/blog\/wp-json\/wp\/v2\/comments?post=772"}],"version-history":[{"count":0,"href":"https:\/\/www.padelreference.com\/blog\/wp-json\/wp\/v2\/pages\/772\/revisions"}],"up":[{"embeddable":true,"href":"https:\/\/www.padelreference.com\/blog\/wp-json\/wp\/v2\/pages\/722"}],"wp:attachment":[{"href":"https:\/\/www.padelreference.com\/blog\/wp-json\/wp\/v2\/media?parent=772"}],"curies":[{"name":"wp","href":"https:\/\/api.w.org\/{rel}","templated":true}]}}