{"id":796,"date":"2022-04-04T12:04:10","date_gmt":"2022-04-04T10:04:10","guid":{"rendered":"https:\/\/www.padelreference.com\/blog\/?page_id=796"},"modified":"2022-04-05T17:02:28","modified_gmt":"2022-04-05T15:02:28","slug":"all-in-badminton-padel-lyon","status":"publish","type":"page","link":"https:\/\/www.padelreference.com\/blog\/club-padel\/all-in-badminton-padel-lyon\/","title":{"rendered":"All In Badminton &#038; Padel &#8211; Lyon"},"content":{"rendered":"<p>[vc_row][vc_column][vc_column_text]<span style=\"font-weight: 400;\">Situ\u00e9 au pied du Groupama Stadium \u00e0 D\u00e9cines (proche de <\/span><i><span style=\"font-weight: 400;\">Lyon<\/span><\/i><span style=\"font-weight: 400;\">), All In Padel se trouve au 1er \u00e9tage du p\u00f4le de loisirs d\u2019OL Vall\u00e9e, un centre de loisirs in\u00e9dit en France, qui propose de nombreuses activit\u00e9s dont le Padel et le Badminton.<\/span>[\/vc_column_text][\/vc_column][\/vc_row][vc_row][vc_column width=\u00a0\u00bb1\/2&Prime;][vc_single_image image=\u00a0\u00bb802&Prime; img_size=\u00a0\u00bbfull\u00a0\u00bb][vc_column_text]Adresse : <a href=\"https:\/\/www.google.com\/maps\/place\/2+Av.+Simone+Veil,+69150+D\u00e9cines-Charpieu\/data=!4m2!3m1!1s0x47f4c71802041ab5:0x182101e0b906026f?sa=X&amp;ved=2ahUKEwiy0pD1l_32AhVEx4UKHckQA2cQ8gF6BAgOEAE\">2 Av. Simone Veil<\/a>, 69150 D\u00e9cines-Charpieu<\/p>\n<p><a href=\"http:\/\/iframe%20src=https:\/\/www.google.com\/maps\/embed?pb=!1m14!1m8!1m3!1d11132.580748189856!2d4.9803532!3d45.7682805!3m2!1i1024!2i768!4f13.1!3m3!1m2!1s0x0%3A0xd9c0e3e8a80b55bd!2sAll%20In%20Badminton%20%26%20Padel%20Lyon!5e0!3m2!1sfr!2sfr!4v1649065404651!5m2!1sfr!2sfr%20width=600%20height=450%20style=border:0;%20allowfullscreen=%20loading=lazy%20referrerpolicy=no-referrer-when-downgrade\/iframebn\"><iframe style=\"border: 0;\" src=\"https:\/\/www.google.com\/maps\/embed?pb=!1m14!1m8!1m3!1d11132.580748189856!2d4.9803532!3d45.7682805!3m2!1i1024!2i768!4f13.1!3m3!1m2!1s0x0%3A0xd9c0e3e8a80b55bd!2sAll%20In%20Badminton%20%26%20Padel%20Lyon!5e0!3m2!1sfr!2sfr!4v1649065404651!5m2!1sfr!2sfr\" width=\"600\" height=\"450\" allowfullscreen=\"allowfullscreen\"><\/iframe><\/a>[\/vc_column_text][\/vc_column][vc_column width=\u00a0\u00bb1\/2&Prime;][vc_column_text]<span style=\"font-weight: 400;\">All in Padel met \u00e0 votre disposition 6 terrains de padel \u00e0 l\u2019int\u00e9rieur avec un proshop, vestiaires et un espace cardio\/training.<\/span><\/p>\n<p><span style=\"font-weight: 400;\">Dans ce <a href=\"https:\/\/www.padelreference.com\/blog\/club-padel\/\">club de padel<\/a> il y a \u00e9galement un bar\/restaurant g\u00e9r\u00e9 par D\u00e9borah et son \u00e9quipe. Ils vous accueilleront dans un espace chaleureux et convivial pour vous d\u00e9tendre et profiter d\u2019une ambiance sportive.<\/span>[\/vc_column_text][\/vc_column][\/vc_row][vc_row][vc_column][vc_column_text]<\/p>\n<h2>Les autres Club de Padel en France :<\/h2>\n<ul>\n<li><a href=\"https:\/\/www.padelreference.com\/blog\/club-padel\/esprit-padel-lyon\/\">Esprit Padel<\/a><\/li>\n<li><a href=\"https:\/\/www.padelreference.com\/blog\/club-padel\/lou-tennis-padel-lyon\/\">Lou Tennis<\/a><\/li>\n<li><a href=\"https:\/\/www.padelreference.com\/blog\/club-padel\/olympia-sports-lyon\/\">Olympia Sports<\/a><\/li>\n<li><a href=\"https:\/\/www.padelreference.com\/blog\/club-padel\/tennis-club-lyon\/\">Tennis Club<\/a><\/li>\n<li>etc&#8230;.<\/li>\n<\/ul>\n<p>[\/vc_column_text][\/vc_column][\/vc_row]<\/p>\n","protected":false},"excerpt":{"rendered":"<p>[vc_row][vc_column][vc_column_text]Situ\u00e9 au pied du Groupama Stadium \u00e0 D\u00e9cines (proche de Lyon), All In Padel se trouve au 1er \u00e9tage du p\u00f4le de loisirs d\u2019OL Vall\u00e9e, un centre de loisirs in\u00e9dit en France, qui propose de nombreuses activit\u00e9s dont le Padel et le Badminton.[\/vc_column_text][\/vc_column][\/vc_row][vc_row][vc_column width=\u00a0\u00bb1\/2&Prime;][vc_single_image image=\u00a0\u00bb802&Prime; img_size=\u00a0\u00bbfull\u00a0\u00bb][vc_column_text]Adresse : 2 Av. Simone Veil, 69150 D\u00e9cines-Charpieu [\/vc_column_text][\/vc_column][vc_column width=\u00a0\u00bb1\/2&Prime;][vc_column_text]All [&hellip;]<\/p>\n","protected":false},"author":2,"featured_media":0,"parent":722,"menu_order":0,"comment_status":"closed","ping_status":"closed","template":"","meta":{"footnotes":""},"class_list":["post-796","page","type-page","status-publish","hentry"],"yoast_head":"<!-- This site is optimized with the Yoast SEO plugin v23.1 - https:\/\/yoast.com\/wordpress\/plugins\/seo\/ -->\n<title>Les Clubs de Padel en France : la liste compl\u00e8te - Padel Reference<\/title>\n<meta name=\"robots\" content=\"index, follow, max-snippet:-1, max-image-preview:large, max-video-preview:-1\" \/>\n<link rel=\"canonical\" href=\"https:\/\/www.padelreference.com\/blog\/club-padel\/all-in-badminton-padel-lyon\/\" \/>\n<meta property=\"og:locale\" content=\"fr_FR\" \/>\n<meta property=\"og:type\" content=\"article\" \/>\n<meta property=\"og:title\" content=\"Les Clubs de Padel en France : la liste compl\u00e8te - Padel Reference\" \/>\n<meta property=\"og:description\" content=\"[vc_row][vc_column][vc_column_text]Situ\u00e9 au pied du Groupama Stadium \u00e0 D\u00e9cines (proche de Lyon), All In Padel se trouve au 1er \u00e9tage du p\u00f4le de loisirs d\u2019OL Vall\u00e9e, un centre de loisirs in\u00e9dit en France, qui propose de nombreuses activit\u00e9s dont le Padel et le Badminton.[\/vc_column_text][\/vc_column][\/vc_row][vc_row][vc_column width=\u00a0\u00bb1\/2&Prime;][vc_single_image image=\u00a0\u00bb802&Prime; img_size=\u00a0\u00bbfull\u00a0\u00bb][vc_column_text]Adresse : 2 Av. Simone Veil, 69150 D\u00e9cines-Charpieu [\/vc_column_text][\/vc_column][vc_column width=\u00a0\u00bb1\/2&Prime;][vc_column_text]All [&hellip;]\" \/>\n<meta property=\"og:url\" content=\"https:\/\/www.padelreference.com\/blog\/club-padel\/all-in-badminton-padel-lyon\/\" \/>\n<meta property=\"og:site_name\" content=\"Padel Reference\" \/>\n<meta property=\"article:modified_time\" content=\"2022-04-05T15:02:28+00:00\" \/>\n<meta name=\"twitter:card\" content=\"summary_large_image\" \/>\n<meta name=\"twitter:label1\" content=\"Dur\u00e9e de lecture estim\u00e9e\" \/>\n\t<meta name=\"twitter:data1\" content=\"1 minute\" \/>\n<script type=\"application\/ld+json\" class=\"yoast-schema-graph\">{\"@context\":\"https:\/\/schema.org\",\"@graph\":[{\"@type\":\"WebPage\",\"@id\":\"https:\/\/www.padelreference.com\/blog\/club-padel\/all-in-badminton-padel-lyon\/\",\"url\":\"https:\/\/www.padelreference.com\/blog\/club-padel\/all-in-badminton-padel-lyon\/\",\"name\":\"Les Clubs de Padel en France : la liste compl\u00e8te - Padel Reference\",\"isPartOf\":{\"@id\":\"https:\/\/www.padelreference.com\/blog\/#website\"},\"datePublished\":\"2022-04-04T10:04:10+00:00\",\"dateModified\":\"2022-04-05T15:02:28+00:00\",\"breadcrumb\":{\"@id\":\"https:\/\/www.padelreference.com\/blog\/club-padel\/all-in-badminton-padel-lyon\/#breadcrumb\"},\"inLanguage\":\"fr-FR\",\"potentialAction\":[{\"@type\":\"ReadAction\",\"target\":[\"https:\/\/www.padelreference.com\/blog\/club-padel\/all-in-badminton-padel-lyon\/\"]}]},{\"@type\":\"BreadcrumbList\",\"@id\":\"https:\/\/www.padelreference.com\/blog\/club-padel\/all-in-badminton-padel-lyon\/#breadcrumb\",\"itemListElement\":[{\"@type\":\"ListItem\",\"position\":1,\"name\":\"Accueil\",\"item\":\"https:\/\/www.padelreference.com\/blog\/\"},{\"@type\":\"ListItem\",\"position\":2,\"name\":\"Club de Padel en France\",\"item\":\"https:\/\/www.padelreference.com\/blog\/club-padel\/\"},{\"@type\":\"ListItem\",\"position\":3,\"name\":\"All In Badminton &#038; Padel &#8211; Lyon\"}]},{\"@type\":\"WebSite\",\"@id\":\"https:\/\/www.padelreference.com\/blog\/#website\",\"url\":\"https:\/\/www.padelreference.com\/blog\/\",\"name\":\"Padel Reference\",\"description\":\"Le Blog 100%\",\"potentialAction\":[{\"@type\":\"SearchAction\",\"target\":{\"@type\":\"EntryPoint\",\"urlTemplate\":\"https:\/\/www.padelreference.com\/blog\/?s={search_term_string}\"},\"query-input\":\"required name=search_term_string\"}],\"inLanguage\":\"fr-FR\"}]}<\/script>\n<!-- \/ Yoast SEO plugin. -->","yoast_head_json":{"title":"Les Clubs de Padel en France : la liste compl\u00e8te - Padel Reference","robots":{"index":"index","follow":"follow","max-snippet":"max-snippet:-1","max-image-preview":"max-image-preview:large","max-video-preview":"max-video-preview:-1"},"canonical":"https:\/\/www.padelreference.com\/blog\/club-padel\/all-in-badminton-padel-lyon\/","og_locale":"fr_FR","og_type":"article","og_title":"Les Clubs de Padel en France : la liste compl\u00e8te - Padel Reference","og_description":"[vc_row][vc_column][vc_column_text]Situ\u00e9 au pied du Groupama Stadium \u00e0 D\u00e9cines (proche de Lyon), All In Padel se trouve au 1er \u00e9tage du p\u00f4le de loisirs d\u2019OL Vall\u00e9e, un centre de loisirs in\u00e9dit en France, qui propose de nombreuses activit\u00e9s dont le Padel et le Badminton.[\/vc_column_text][\/vc_column][\/vc_row][vc_row][vc_column width=\u00a0\u00bb1\/2&Prime;][vc_single_image image=\u00a0\u00bb802&Prime; img_size=\u00a0\u00bbfull\u00a0\u00bb][vc_column_text]Adresse : 2 Av. Simone Veil, 69150 D\u00e9cines-Charpieu [\/vc_column_text][\/vc_column][vc_column width=\u00a0\u00bb1\/2&Prime;][vc_column_text]All [&hellip;]","og_url":"https:\/\/www.padelreference.com\/blog\/club-padel\/all-in-badminton-padel-lyon\/","og_site_name":"Padel Reference","article_modified_time":"2022-04-05T15:02:28+00:00","twitter_card":"summary_large_image","twitter_misc":{"Dur\u00e9e de lecture estim\u00e9e":"1 minute"},"schema":{"@context":"https:\/\/schema.org","@graph":[{"@type":"WebPage","@id":"https:\/\/www.padelreference.com\/blog\/club-padel\/all-in-badminton-padel-lyon\/","url":"https:\/\/www.padelreference.com\/blog\/club-padel\/all-in-badminton-padel-lyon\/","name":"Les Clubs de Padel en France : la liste compl\u00e8te - Padel Reference","isPartOf":{"@id":"https:\/\/www.padelreference.com\/blog\/#website"},"datePublished":"2022-04-04T10:04:10+00:00","dateModified":"2022-04-05T15:02:28+00:00","breadcrumb":{"@id":"https:\/\/www.padelreference.com\/blog\/club-padel\/all-in-badminton-padel-lyon\/#breadcrumb"},"inLanguage":"fr-FR","potentialAction":[{"@type":"ReadAction","target":["https:\/\/www.padelreference.com\/blog\/club-padel\/all-in-badminton-padel-lyon\/"]}]},{"@type":"BreadcrumbList","@id":"https:\/\/www.padelreference.com\/blog\/club-padel\/all-in-badminton-padel-lyon\/#breadcrumb","itemListElement":[{"@type":"ListItem","position":1,"name":"Accueil","item":"https:\/\/www.padelreference.com\/blog\/"},{"@type":"ListItem","position":2,"name":"Club de Padel en France","item":"https:\/\/www.padelreference.com\/blog\/club-padel\/"},{"@type":"ListItem","position":3,"name":"All In Badminton &#038; Padel &#8211; Lyon"}]},{"@type":"WebSite","@id":"https:\/\/www.padelreference.com\/blog\/#website","url":"https:\/\/www.padelreference.com\/blog\/","name":"Padel Reference","description":"Le Blog 100%","potentialAction":[{"@type":"SearchAction","target":{"@type":"EntryPoint","urlTemplate":"https:\/\/www.padelreference.com\/blog\/?s={search_term_string}"},"query-input":"required name=search_term_string"}],"inLanguage":"fr-FR"}]}},"_links":{"self":[{"href":"https:\/\/www.padelreference.com\/blog\/wp-json\/wp\/v2\/pages\/796"}],"collection":[{"href":"https:\/\/www.padelreference.com\/blog\/wp-json\/wp\/v2\/pages"}],"about":[{"href":"https:\/\/www.padelreference.com\/blog\/wp-json\/wp\/v2\/types\/page"}],"author":[{"embeddable":true,"href":"https:\/\/www.padelreference.com\/blog\/wp-json\/wp\/v2\/users\/2"}],"replies":[{"embeddable":true,"href":"https:\/\/www.padelreference.com\/blog\/wp-json\/wp\/v2\/comments?post=796"}],"version-history":[{"count":0,"href":"https:\/\/www.padelreference.com\/blog\/wp-json\/wp\/v2\/pages\/796\/revisions"}],"up":[{"embeddable":true,"href":"https:\/\/www.padelreference.com\/blog\/wp-json\/wp\/v2\/pages\/722"}],"wp:attachment":[{"href":"https:\/\/www.padelreference.com\/blog\/wp-json\/wp\/v2\/media?parent=796"}],"curies":[{"name":"wp","href":"https:\/\/api.w.org\/{rel}","templated":true}]}}