{"id":799,"date":"2022-04-04T12:35:11","date_gmt":"2022-04-04T10:35:11","guid":{"rendered":"https:\/\/www.padelreference.com\/blog\/?page_id=799"},"modified":"2022-04-06T09:29:56","modified_gmt":"2022-04-06T07:29:56","slug":"esprit-padel-lyon","status":"publish","type":"page","link":"https:\/\/www.padelreference.com\/blog\/club-padel\/esprit-padel-lyon\/","title":{"rendered":"Esprit Padel &#8211; Lyon"},"content":{"rendered":"<p>[vc_row][vc_column][vc_column_text]<span style=\"font-weight: 400;\">Esprit Padel est situ\u00e9 \u00e0 Saint-Priest, c\u2019est le premier club 100% padel. La premi\u00e8re partie de padel vous est offerte en installant l\u2019application Esprit Padel.<\/span>[\/vc_column_text][\/vc_column][\/vc_row][vc_row][vc_column width=\u00a0\u00bb1\/2&Prime;][vc_single_image image=\u00a0\u00bb808&Prime; img_size=\u00a0\u00bbfull\u00a0\u00bb][vc_column_text]Adresse : <a href=\"https:\/\/www.google.com\/maps\/place\/155+Rte+de+Grenoble,+69800+Saint-Priest\/data=!4m2!3m1!1s0x47f4c423380c9813:0xcf2fa4dd5ea454ec?sa=X&amp;ved=2ahUKEwjg-93c9P72AhWJ4IUKHfBaALwQ8gF6BAgWEAE\">155 Rte de Grenoble<\/a>, 69800 Saint-Priest<\/p>\n<p><a href=\"http:\/\/iframe%20src=https:\/\/www.google.com\/maps\/embed?pb=!1m14!1m8!1m3!1d11144.068855354955!2d4.9743781!3d45.7106915!3m2!1i1024!2i768!4f13.1!3m3!1m2!1s0x0%3A0x987b2db1f5e38f2e!2sEsprit%20Padel!5e0!3m2!1sfr!2sfr!4v1649068108984!5m2!1sfr!2sfr%20width=600%20height=450%20style=border:0;%20allowfullscreen=%20loading=lazy%20referrerpolicy=no-referrer-when-downgrade\/iframe\"><iframe style=\"border: 0;\" src=\"https:\/\/www.google.com\/maps\/embed?pb=!1m14!1m8!1m3!1d11144.068855354955!2d4.9743781!3d45.7106915!3m2!1i1024!2i768!4f13.1!3m3!1m2!1s0x0%3A0x987b2db1f5e38f2e!2sEsprit%20Padel!5e0!3m2!1sfr!2sfr!4v1649068108984!5m2!1sfr!2sfr\" width=\"600\" height=\"450\" allowfullscreen=\"allowfullscreen\"><\/iframe><\/a>[\/vc_column_text][\/vc_column][vc_column width=\u00a0\u00bb1\/2&Prime;][vc_column_text]<span style=\"font-weight: 400;\">Le <a href=\"https:\/\/www.padelreference.com\/blog\/club-padel\/\">club de padel<\/a> int\u00e8gre un \u00e9quipement nouvelle g\u00e9n\u00e9ration pour plus de confort, avec :<\/span><\/p>\n<p><span style=\"font-weight: 400;\">&#8211; \u00a0 <\/span> <span style=\"font-weight: 400;\">6 terrains couverts et climatis\u00e9s<\/span><\/p>\n<p><span style=\"font-weight: 400;\">&#8211; \u00a0 <\/span> <span style=\"font-weight: 400;\">1 terrain outdoor<\/span><\/p>\n<p><span style=\"font-weight: 400;\">3 de ses terrains sont connect\u00e9s pour vous permettre de vous filmez vous et vos amis. Au sein du complexe vous retrouvez un proshop ainsi qu\u2019un restaurant.<\/span><\/p>\n<p><span style=\"font-weight: 400;\">2 000 personnes sont abonn\u00e9es \u00e0 leur compte facebook.<\/span>[\/vc_column_text][\/vc_column][\/vc_row][vc_row][vc_column][vc_column_text]<\/p>\n<h2>Les autres Club de Padel en France :<\/h2>\n<ul>\n<li><a href=\"https:\/\/www.padelreference.com\/blog\/club-padel\/all-in-badminton-padel-lyon\/\">All in Badminton &amp; Padel<\/a><\/li>\n<li><a href=\"https:\/\/www.padelreference.com\/blog\/club-padel\/lou-tennis-padel-lyon\/\">Lou Tennis Padel<\/a><\/li>\n<li><a href=\"https:\/\/www.padelreference.com\/blog\/club-padel\/olympia-sports-lyon\/\">Olympia Sports<\/a><\/li>\n<li><a href=\"https:\/\/www.padelreference.com\/blog\/club-padel\/tennis-club-lyon\/\">Tennis Club<\/a><\/li>\n<li>etc&#8230;.<\/li>\n<\/ul>\n<p>[\/vc_column_text][\/vc_column][\/vc_row]<\/p>\n","protected":false},"excerpt":{"rendered":"<p>[vc_row][vc_column][vc_column_text]Esprit Padel est situ\u00e9 \u00e0 Saint-Priest, c\u2019est le premier club 100% padel. La premi\u00e8re partie de padel vous est offerte en installant l\u2019application Esprit Padel.[\/vc_column_text][\/vc_column][\/vc_row][vc_row][vc_column width=\u00a0\u00bb1\/2&Prime;][vc_single_image image=\u00a0\u00bb808&Prime; img_size=\u00a0\u00bbfull\u00a0\u00bb][vc_column_text]Adresse : 155 Rte de Grenoble, 69800 Saint-Priest [\/vc_column_text][\/vc_column][vc_column width=\u00a0\u00bb1\/2&Prime;][vc_column_text]Le club de padel int\u00e8gre un \u00e9quipement nouvelle g\u00e9n\u00e9ration pour plus de confort, avec : &#8211; \u00a0 6 terrains [&hellip;]<\/p>\n","protected":false},"author":2,"featured_media":0,"parent":722,"menu_order":0,"comment_status":"closed","ping_status":"closed","template":"","meta":{"footnotes":""},"class_list":["post-799","page","type-page","status-publish","hentry"],"yoast_head":"<!-- This site is optimized with the Yoast SEO plugin v23.1 - https:\/\/yoast.com\/wordpress\/plugins\/seo\/ -->\n<title>Les Clubs de Padel en France : la liste compl\u00e8te - Padel Reference<\/title>\n<meta name=\"robots\" content=\"index, follow, max-snippet:-1, max-image-preview:large, max-video-preview:-1\" \/>\n<link rel=\"canonical\" href=\"https:\/\/www.padelreference.com\/blog\/club-padel\/esprit-padel-lyon\/\" \/>\n<meta property=\"og:locale\" content=\"fr_FR\" \/>\n<meta property=\"og:type\" content=\"article\" \/>\n<meta property=\"og:title\" content=\"Les Clubs de Padel en France : la liste compl\u00e8te - Padel Reference\" \/>\n<meta property=\"og:description\" content=\"[vc_row][vc_column][vc_column_text]Esprit Padel est situ\u00e9 \u00e0 Saint-Priest, c\u2019est le premier club 100% padel. La premi\u00e8re partie de padel vous est offerte en installant l\u2019application Esprit Padel.[\/vc_column_text][\/vc_column][\/vc_row][vc_row][vc_column width=\u00a0\u00bb1\/2&Prime;][vc_single_image image=\u00a0\u00bb808&Prime; img_size=\u00a0\u00bbfull\u00a0\u00bb][vc_column_text]Adresse : 155 Rte de Grenoble, 69800 Saint-Priest [\/vc_column_text][\/vc_column][vc_column width=\u00a0\u00bb1\/2&Prime;][vc_column_text]Le club de padel int\u00e8gre un \u00e9quipement nouvelle g\u00e9n\u00e9ration pour plus de confort, avec : &#8211; \u00a0 6 terrains [&hellip;]\" \/>\n<meta property=\"og:url\" content=\"https:\/\/www.padelreference.com\/blog\/club-padel\/esprit-padel-lyon\/\" \/>\n<meta property=\"og:site_name\" content=\"Padel Reference\" \/>\n<meta property=\"article:modified_time\" content=\"2022-04-06T07:29:56+00:00\" \/>\n<meta name=\"twitter:card\" content=\"summary_large_image\" \/>\n<meta name=\"twitter:label1\" content=\"Dur\u00e9e de lecture estim\u00e9e\" \/>\n\t<meta name=\"twitter:data1\" content=\"1 minute\" \/>\n<script type=\"application\/ld+json\" class=\"yoast-schema-graph\">{\"@context\":\"https:\/\/schema.org\",\"@graph\":[{\"@type\":\"WebPage\",\"@id\":\"https:\/\/www.padelreference.com\/blog\/club-padel\/esprit-padel-lyon\/\",\"url\":\"https:\/\/www.padelreference.com\/blog\/club-padel\/esprit-padel-lyon\/\",\"name\":\"Les Clubs de Padel en France : la liste compl\u00e8te - Padel Reference\",\"isPartOf\":{\"@id\":\"https:\/\/www.padelreference.com\/blog\/#website\"},\"datePublished\":\"2022-04-04T10:35:11+00:00\",\"dateModified\":\"2022-04-06T07:29:56+00:00\",\"breadcrumb\":{\"@id\":\"https:\/\/www.padelreference.com\/blog\/club-padel\/esprit-padel-lyon\/#breadcrumb\"},\"inLanguage\":\"fr-FR\",\"potentialAction\":[{\"@type\":\"ReadAction\",\"target\":[\"https:\/\/www.padelreference.com\/blog\/club-padel\/esprit-padel-lyon\/\"]}]},{\"@type\":\"BreadcrumbList\",\"@id\":\"https:\/\/www.padelreference.com\/blog\/club-padel\/esprit-padel-lyon\/#breadcrumb\",\"itemListElement\":[{\"@type\":\"ListItem\",\"position\":1,\"name\":\"Accueil\",\"item\":\"https:\/\/www.padelreference.com\/blog\/\"},{\"@type\":\"ListItem\",\"position\":2,\"name\":\"Club de Padel en France\",\"item\":\"https:\/\/www.padelreference.com\/blog\/club-padel\/\"},{\"@type\":\"ListItem\",\"position\":3,\"name\":\"Esprit Padel &#8211; Lyon\"}]},{\"@type\":\"WebSite\",\"@id\":\"https:\/\/www.padelreference.com\/blog\/#website\",\"url\":\"https:\/\/www.padelreference.com\/blog\/\",\"name\":\"Padel Reference\",\"description\":\"Le Blog 100%\",\"potentialAction\":[{\"@type\":\"SearchAction\",\"target\":{\"@type\":\"EntryPoint\",\"urlTemplate\":\"https:\/\/www.padelreference.com\/blog\/?s={search_term_string}\"},\"query-input\":\"required name=search_term_string\"}],\"inLanguage\":\"fr-FR\"}]}<\/script>\n<!-- \/ Yoast SEO plugin. -->","yoast_head_json":{"title":"Les Clubs de Padel en France : la liste compl\u00e8te - Padel Reference","robots":{"index":"index","follow":"follow","max-snippet":"max-snippet:-1","max-image-preview":"max-image-preview:large","max-video-preview":"max-video-preview:-1"},"canonical":"https:\/\/www.padelreference.com\/blog\/club-padel\/esprit-padel-lyon\/","og_locale":"fr_FR","og_type":"article","og_title":"Les Clubs de Padel en France : la liste compl\u00e8te - Padel Reference","og_description":"[vc_row][vc_column][vc_column_text]Esprit Padel est situ\u00e9 \u00e0 Saint-Priest, c\u2019est le premier club 100% padel. La premi\u00e8re partie de padel vous est offerte en installant l\u2019application Esprit Padel.[\/vc_column_text][\/vc_column][\/vc_row][vc_row][vc_column width=\u00a0\u00bb1\/2&Prime;][vc_single_image image=\u00a0\u00bb808&Prime; img_size=\u00a0\u00bbfull\u00a0\u00bb][vc_column_text]Adresse : 155 Rte de Grenoble, 69800 Saint-Priest [\/vc_column_text][\/vc_column][vc_column width=\u00a0\u00bb1\/2&Prime;][vc_column_text]Le club de padel int\u00e8gre un \u00e9quipement nouvelle g\u00e9n\u00e9ration pour plus de confort, avec : &#8211; \u00a0 6 terrains [&hellip;]","og_url":"https:\/\/www.padelreference.com\/blog\/club-padel\/esprit-padel-lyon\/","og_site_name":"Padel Reference","article_modified_time":"2022-04-06T07:29:56+00:00","twitter_card":"summary_large_image","twitter_misc":{"Dur\u00e9e de lecture estim\u00e9e":"1 minute"},"schema":{"@context":"https:\/\/schema.org","@graph":[{"@type":"WebPage","@id":"https:\/\/www.padelreference.com\/blog\/club-padel\/esprit-padel-lyon\/","url":"https:\/\/www.padelreference.com\/blog\/club-padel\/esprit-padel-lyon\/","name":"Les Clubs de Padel en France : la liste compl\u00e8te - Padel Reference","isPartOf":{"@id":"https:\/\/www.padelreference.com\/blog\/#website"},"datePublished":"2022-04-04T10:35:11+00:00","dateModified":"2022-04-06T07:29:56+00:00","breadcrumb":{"@id":"https:\/\/www.padelreference.com\/blog\/club-padel\/esprit-padel-lyon\/#breadcrumb"},"inLanguage":"fr-FR","potentialAction":[{"@type":"ReadAction","target":["https:\/\/www.padelreference.com\/blog\/club-padel\/esprit-padel-lyon\/"]}]},{"@type":"BreadcrumbList","@id":"https:\/\/www.padelreference.com\/blog\/club-padel\/esprit-padel-lyon\/#breadcrumb","itemListElement":[{"@type":"ListItem","position":1,"name":"Accueil","item":"https:\/\/www.padelreference.com\/blog\/"},{"@type":"ListItem","position":2,"name":"Club de Padel en France","item":"https:\/\/www.padelreference.com\/blog\/club-padel\/"},{"@type":"ListItem","position":3,"name":"Esprit Padel &#8211; Lyon"}]},{"@type":"WebSite","@id":"https:\/\/www.padelreference.com\/blog\/#website","url":"https:\/\/www.padelreference.com\/blog\/","name":"Padel Reference","description":"Le Blog 100%","potentialAction":[{"@type":"SearchAction","target":{"@type":"EntryPoint","urlTemplate":"https:\/\/www.padelreference.com\/blog\/?s={search_term_string}"},"query-input":"required name=search_term_string"}],"inLanguage":"fr-FR"}]}},"_links":{"self":[{"href":"https:\/\/www.padelreference.com\/blog\/wp-json\/wp\/v2\/pages\/799"}],"collection":[{"href":"https:\/\/www.padelreference.com\/blog\/wp-json\/wp\/v2\/pages"}],"about":[{"href":"https:\/\/www.padelreference.com\/blog\/wp-json\/wp\/v2\/types\/page"}],"author":[{"embeddable":true,"href":"https:\/\/www.padelreference.com\/blog\/wp-json\/wp\/v2\/users\/2"}],"replies":[{"embeddable":true,"href":"https:\/\/www.padelreference.com\/blog\/wp-json\/wp\/v2\/comments?post=799"}],"version-history":[{"count":0,"href":"https:\/\/www.padelreference.com\/blog\/wp-json\/wp\/v2\/pages\/799\/revisions"}],"up":[{"embeddable":true,"href":"https:\/\/www.padelreference.com\/blog\/wp-json\/wp\/v2\/pages\/722"}],"wp:attachment":[{"href":"https:\/\/www.padelreference.com\/blog\/wp-json\/wp\/v2\/media?parent=799"}],"curies":[{"name":"wp","href":"https:\/\/api.w.org\/{rel}","templated":true}]}}