{"id":816,"date":"2022-04-04T12:48:30","date_gmt":"2022-04-04T10:48:30","guid":{"rendered":"https:\/\/www.padelreference.com\/blog\/?page_id=816"},"modified":"2022-04-06T09:50:07","modified_gmt":"2022-04-06T07:50:07","slug":"lou-tennis-padel-lyon","status":"publish","type":"page","link":"https:\/\/www.padelreference.com\/blog\/club-padel\/lou-tennis-padel-lyon\/","title":{"rendered":"Lou Tennis Padel &#8211; Lyon"},"content":{"rendered":"<p>[vc_row][vc_column][vc_column_text]<span style=\"font-weight: 400;\">Le Lou Tennis est une association sportive cr\u00e9\u00e9e en 1986. Il figure parmi le plus ancien club de tennis Lyonnais. C\u2019est un <a href=\"https:\/\/www.padelreference.com\/blog\/club-padel\/\">club de padel<\/a> &amp; tennis de passionn\u00e9s qui sait \u00e9quilibrer entre loisirs et comp\u00e9titions.<\/span>[\/vc_column_text][\/vc_column][\/vc_row][vc_row][vc_column width=\u00a0\u00bb1\/2&Prime;][vc_single_image image=\u00a0\u00bb818&Prime; img_size=\u00a0\u00bbfull\u00a0\u00bb][vc_column_text]Adresse : <a href=\"https:\/\/www.google.com\/maps\/place\/1+Quai+Fillon,+69007+Lyon\/@45.7220348,4.8220783,17z\/data=!3m1!4b1!4m5!3m4!1s0x47f4e97f514f2071:0x610a8b47aa900c3d!8m2!3d45.7220348!4d4.8220783\">1 Quai Fillon<\/a>, 69007 Lyon<\/p>\n<p><a href=\"http:\/\/iframe%20src=https:\/\/www.google.com\/maps\/embed?pb=!1m14!1m8!1m3!1d11142.242490432685!2d4.8251725!3d45.7198507!3m2!1i1024!2i768!4f13.1!3m3!1m2!1s0x0%3A0x8bb2945e50ec1d06!2sClub%20Lou%20Tennis!5e0!3m2!1sfr!2sfr!4v1649069195584!5m2!1sfr!2sfr%20width=600%20height=450%20style=border:0;%20allowfullscreen=%20loading=lazy%20referrerpolicy=no-referrer-when-downgrade\/iframe\"><iframe style=\"border: 0;\" src=\"https:\/\/www.google.com\/maps\/embed?pb=!1m14!1m8!1m3!1d11142.242490432685!2d4.8251725!3d45.7198507!3m2!1i1024!2i768!4f13.1!3m3!1m2!1s0x0%3A0x8bb2945e50ec1d06!2sClub%20Lou%20Tennis!5e0!3m2!1sfr!2sfr!4v1649069195584!5m2!1sfr!2sfr\" width=\"600\" height=\"450\" allowfullscreen=\"allowfullscreen\"><\/iframe><\/a>[\/vc_column_text][\/vc_column][vc_column width=\u00a0\u00bb1\/2&Prime;][vc_column_text]<span style=\"font-weight: 400;\">Situ\u00e9 en plein c\u0153ur de Lyon contre la plaine des jeux \u00e0 Gerland, dans un cadre tranquille et reposant.\u00a0<\/span><\/p>\n<p><span style=\"font-weight: 400;\">Le club Lou Tennis poss\u00e8de 2 terrains de padel int\u00e9rieur, mais \u00e9galement des terrains de tennis.<\/span><\/p>\n<p><span style=\"font-weight: 400;\">Pour compl\u00e9ter l\u2019offre, vous retrouverez une guinguette avec une agr\u00e9able terrasse !<\/span><\/p>\n<p>[\/vc_column_text][\/vc_column][\/vc_row][vc_row][vc_column][vc_column_text]<\/p>\n<h2>Les autres Club de Padel en France :<\/h2>\n<ul>\n<li><a href=\"https:\/\/www.padelreference.com\/blog\/club-padel\/esprit-padel-lyon\/\">Esprit Padel<\/a><\/li>\n<li><a href=\"https:\/\/www.padelreference.com\/blog\/club-padel\/tennis-padel-club-dardilly-champagne-lyon\/\">Tennis Club Dardilly Champagne<\/a><\/li>\n<li><a href=\"https:\/\/www.padelreference.com\/blog\/club-padel\/tennis-club-la-pape-lyon\/\">Tennis Club la Pape<\/a><\/li>\n<li><a href=\"https:\/\/www.padelreference.com\/blog\/club-padel\/tennis-club-lyon\/\">Tennis Club<\/a><\/li>\n<li>etc&#8230;.<\/li>\n<\/ul>\n<p>[\/vc_column_text][\/vc_column][\/vc_row]<\/p>\n","protected":false},"excerpt":{"rendered":"<p>[vc_row][vc_column][vc_column_text]Le Lou Tennis est une association sportive cr\u00e9\u00e9e en 1986. Il figure parmi le plus ancien club de tennis Lyonnais. C\u2019est un club de padel &amp; tennis de passionn\u00e9s qui sait \u00e9quilibrer entre loisirs et comp\u00e9titions.[\/vc_column_text][\/vc_column][\/vc_row][vc_row][vc_column width=\u00a0\u00bb1\/2&Prime;][vc_single_image image=\u00a0\u00bb818&Prime; img_size=\u00a0\u00bbfull\u00a0\u00bb][vc_column_text]Adresse : 1 Quai Fillon, 69007 Lyon [\/vc_column_text][\/vc_column][vc_column width=\u00a0\u00bb1\/2&Prime;][vc_column_text]Situ\u00e9 en plein c\u0153ur de Lyon contre la plaine [&hellip;]<\/p>\n","protected":false},"author":2,"featured_media":0,"parent":722,"menu_order":0,"comment_status":"closed","ping_status":"closed","template":"","meta":{"footnotes":""},"class_list":["post-816","page","type-page","status-publish","hentry"],"yoast_head":"<!-- This site is optimized with the Yoast SEO plugin v23.1 - https:\/\/yoast.com\/wordpress\/plugins\/seo\/ -->\n<title>Les Clubs de Padel en France : la liste compl\u00e8te - Padel Reference<\/title>\n<meta name=\"robots\" content=\"index, follow, max-snippet:-1, max-image-preview:large, max-video-preview:-1\" \/>\n<link rel=\"canonical\" href=\"https:\/\/www.padelreference.com\/blog\/club-padel\/lou-tennis-padel-lyon\/\" \/>\n<meta property=\"og:locale\" content=\"fr_FR\" \/>\n<meta property=\"og:type\" content=\"article\" \/>\n<meta property=\"og:title\" content=\"Les Clubs de Padel en France : la liste compl\u00e8te - Padel Reference\" \/>\n<meta property=\"og:description\" content=\"[vc_row][vc_column][vc_column_text]Le Lou Tennis est une association sportive cr\u00e9\u00e9e en 1986. Il figure parmi le plus ancien club de tennis Lyonnais. C\u2019est un club de padel &amp; tennis de passionn\u00e9s qui sait \u00e9quilibrer entre loisirs et comp\u00e9titions.[\/vc_column_text][\/vc_column][\/vc_row][vc_row][vc_column width=\u00a0\u00bb1\/2&Prime;][vc_single_image image=\u00a0\u00bb818&Prime; img_size=\u00a0\u00bbfull\u00a0\u00bb][vc_column_text]Adresse : 1 Quai Fillon, 69007 Lyon [\/vc_column_text][\/vc_column][vc_column width=\u00a0\u00bb1\/2&Prime;][vc_column_text]Situ\u00e9 en plein c\u0153ur de Lyon contre la plaine [&hellip;]\" \/>\n<meta property=\"og:url\" content=\"https:\/\/www.padelreference.com\/blog\/club-padel\/lou-tennis-padel-lyon\/\" \/>\n<meta property=\"og:site_name\" content=\"Padel Reference\" \/>\n<meta property=\"article:modified_time\" content=\"2022-04-06T07:50:07+00:00\" \/>\n<meta name=\"twitter:card\" content=\"summary_large_image\" \/>\n<meta name=\"twitter:label1\" content=\"Dur\u00e9e de lecture estim\u00e9e\" \/>\n\t<meta name=\"twitter:data1\" content=\"1 minute\" \/>\n<script type=\"application\/ld+json\" class=\"yoast-schema-graph\">{\"@context\":\"https:\/\/schema.org\",\"@graph\":[{\"@type\":\"WebPage\",\"@id\":\"https:\/\/www.padelreference.com\/blog\/club-padel\/lou-tennis-padel-lyon\/\",\"url\":\"https:\/\/www.padelreference.com\/blog\/club-padel\/lou-tennis-padel-lyon\/\",\"name\":\"Les Clubs de Padel en France : la liste compl\u00e8te - Padel Reference\",\"isPartOf\":{\"@id\":\"https:\/\/www.padelreference.com\/blog\/#website\"},\"datePublished\":\"2022-04-04T10:48:30+00:00\",\"dateModified\":\"2022-04-06T07:50:07+00:00\",\"breadcrumb\":{\"@id\":\"https:\/\/www.padelreference.com\/blog\/club-padel\/lou-tennis-padel-lyon\/#breadcrumb\"},\"inLanguage\":\"fr-FR\",\"potentialAction\":[{\"@type\":\"ReadAction\",\"target\":[\"https:\/\/www.padelreference.com\/blog\/club-padel\/lou-tennis-padel-lyon\/\"]}]},{\"@type\":\"BreadcrumbList\",\"@id\":\"https:\/\/www.padelreference.com\/blog\/club-padel\/lou-tennis-padel-lyon\/#breadcrumb\",\"itemListElement\":[{\"@type\":\"ListItem\",\"position\":1,\"name\":\"Accueil\",\"item\":\"https:\/\/www.padelreference.com\/blog\/\"},{\"@type\":\"ListItem\",\"position\":2,\"name\":\"Club de Padel en France\",\"item\":\"https:\/\/www.padelreference.com\/blog\/club-padel\/\"},{\"@type\":\"ListItem\",\"position\":3,\"name\":\"Lou Tennis Padel &#8211; Lyon\"}]},{\"@type\":\"WebSite\",\"@id\":\"https:\/\/www.padelreference.com\/blog\/#website\",\"url\":\"https:\/\/www.padelreference.com\/blog\/\",\"name\":\"Padel Reference\",\"description\":\"Le Blog 100%\",\"potentialAction\":[{\"@type\":\"SearchAction\",\"target\":{\"@type\":\"EntryPoint\",\"urlTemplate\":\"https:\/\/www.padelreference.com\/blog\/?s={search_term_string}\"},\"query-input\":\"required name=search_term_string\"}],\"inLanguage\":\"fr-FR\"}]}<\/script>\n<!-- \/ Yoast SEO plugin. -->","yoast_head_json":{"title":"Les Clubs de Padel en France : la liste compl\u00e8te - Padel Reference","robots":{"index":"index","follow":"follow","max-snippet":"max-snippet:-1","max-image-preview":"max-image-preview:large","max-video-preview":"max-video-preview:-1"},"canonical":"https:\/\/www.padelreference.com\/blog\/club-padel\/lou-tennis-padel-lyon\/","og_locale":"fr_FR","og_type":"article","og_title":"Les Clubs de Padel en France : la liste compl\u00e8te - Padel Reference","og_description":"[vc_row][vc_column][vc_column_text]Le Lou Tennis est une association sportive cr\u00e9\u00e9e en 1986. Il figure parmi le plus ancien club de tennis Lyonnais. C\u2019est un club de padel &amp; tennis de passionn\u00e9s qui sait \u00e9quilibrer entre loisirs et comp\u00e9titions.[\/vc_column_text][\/vc_column][\/vc_row][vc_row][vc_column width=\u00a0\u00bb1\/2&Prime;][vc_single_image image=\u00a0\u00bb818&Prime; img_size=\u00a0\u00bbfull\u00a0\u00bb][vc_column_text]Adresse : 1 Quai Fillon, 69007 Lyon [\/vc_column_text][\/vc_column][vc_column width=\u00a0\u00bb1\/2&Prime;][vc_column_text]Situ\u00e9 en plein c\u0153ur de Lyon contre la plaine [&hellip;]","og_url":"https:\/\/www.padelreference.com\/blog\/club-padel\/lou-tennis-padel-lyon\/","og_site_name":"Padel Reference","article_modified_time":"2022-04-06T07:50:07+00:00","twitter_card":"summary_large_image","twitter_misc":{"Dur\u00e9e de lecture estim\u00e9e":"1 minute"},"schema":{"@context":"https:\/\/schema.org","@graph":[{"@type":"WebPage","@id":"https:\/\/www.padelreference.com\/blog\/club-padel\/lou-tennis-padel-lyon\/","url":"https:\/\/www.padelreference.com\/blog\/club-padel\/lou-tennis-padel-lyon\/","name":"Les Clubs de Padel en France : la liste compl\u00e8te - Padel Reference","isPartOf":{"@id":"https:\/\/www.padelreference.com\/blog\/#website"},"datePublished":"2022-04-04T10:48:30+00:00","dateModified":"2022-04-06T07:50:07+00:00","breadcrumb":{"@id":"https:\/\/www.padelreference.com\/blog\/club-padel\/lou-tennis-padel-lyon\/#breadcrumb"},"inLanguage":"fr-FR","potentialAction":[{"@type":"ReadAction","target":["https:\/\/www.padelreference.com\/blog\/club-padel\/lou-tennis-padel-lyon\/"]}]},{"@type":"BreadcrumbList","@id":"https:\/\/www.padelreference.com\/blog\/club-padel\/lou-tennis-padel-lyon\/#breadcrumb","itemListElement":[{"@type":"ListItem","position":1,"name":"Accueil","item":"https:\/\/www.padelreference.com\/blog\/"},{"@type":"ListItem","position":2,"name":"Club de Padel en France","item":"https:\/\/www.padelreference.com\/blog\/club-padel\/"},{"@type":"ListItem","position":3,"name":"Lou Tennis Padel &#8211; Lyon"}]},{"@type":"WebSite","@id":"https:\/\/www.padelreference.com\/blog\/#website","url":"https:\/\/www.padelreference.com\/blog\/","name":"Padel Reference","description":"Le Blog 100%","potentialAction":[{"@type":"SearchAction","target":{"@type":"EntryPoint","urlTemplate":"https:\/\/www.padelreference.com\/blog\/?s={search_term_string}"},"query-input":"required name=search_term_string"}],"inLanguage":"fr-FR"}]}},"_links":{"self":[{"href":"https:\/\/www.padelreference.com\/blog\/wp-json\/wp\/v2\/pages\/816"}],"collection":[{"href":"https:\/\/www.padelreference.com\/blog\/wp-json\/wp\/v2\/pages"}],"about":[{"href":"https:\/\/www.padelreference.com\/blog\/wp-json\/wp\/v2\/types\/page"}],"author":[{"embeddable":true,"href":"https:\/\/www.padelreference.com\/blog\/wp-json\/wp\/v2\/users\/2"}],"replies":[{"embeddable":true,"href":"https:\/\/www.padelreference.com\/blog\/wp-json\/wp\/v2\/comments?post=816"}],"version-history":[{"count":0,"href":"https:\/\/www.padelreference.com\/blog\/wp-json\/wp\/v2\/pages\/816\/revisions"}],"up":[{"embeddable":true,"href":"https:\/\/www.padelreference.com\/blog\/wp-json\/wp\/v2\/pages\/722"}],"wp:attachment":[{"href":"https:\/\/www.padelreference.com\/blog\/wp-json\/wp\/v2\/media?parent=816"}],"curies":[{"name":"wp","href":"https:\/\/api.w.org\/{rel}","templated":true}]}}