{"id":926,"date":"2022-04-06T12:17:24","date_gmt":"2022-04-06T10:17:24","guid":{"rendered":"https:\/\/www.padelreference.com\/blog\/?page_id=926"},"modified":"2022-04-06T15:20:10","modified_gmt":"2022-04-06T13:20:10","slug":"les-pyramides-paris","status":"publish","type":"page","link":"https:\/\/www.padelreference.com\/blog\/club-padel\/les-pyramides-paris\/","title":{"rendered":"Les Pyramides &#8211; Paris"},"content":{"rendered":"<p>[vc_row][vc_column][vc_column_text]<span style=\"font-weight: 400;\">Les Pyramides situ\u00e9 \u00e0 Le Port-Marly vous propose d\u2019entretenir votre forme, vous d\u00e9tendre au bord de la piscine ou d\u00e9jeuner en terrasse, en se ressour\u00e7ant sur l\u2019essentiel en famille ou entre amis. Des espaces pens\u00e9s pour les envies de chacun qui allient authenticit\u00e9 et \u00e9l\u00e9gance. Bienvenue dans ce club de prestige.<\/span>[\/vc_column_text][\/vc_column][\/vc_row][vc_row][vc_column width=\u00a0\u00bb1\/2&Prime;][vc_single_image image=\u00a0\u00bb971&Prime; img_size=\u00a0\u00bbfull\u00a0\u00bb][vc_column_text]Adresse : <a href=\"https:\/\/www.google.com\/maps\/place\/Les+Pyramides\/@48.8882962,2.1067678,15z\/data=!4m2!3m1!1s0x0:0xe2f6d81162a19cd9?sa=X&amp;ved=2ahUKEwiGp-Gjmf_2AhV_hv0HHdD9AWkQ_BJ6BAhEEAU\">16 Av. de Saint-Germain<\/a>, 78560 Le Port-Marly<\/p>\n<p><a href=\"http:\/\/iframe%20src=https:\/\/www.google.com\/maps\/embed?pb=!1m14!1m8!1m3!1d10493.687592503262!2d2.1067678!3d48.8882962!3m2!1i1024!2i768!4f13.1!3m3!1m2!1s0x0%3A0xe2f6d81162a19cd9!2sLes%20Pyramides!5e0!3m2!1sfr!2sfr!4v1649240064400!5m2!1sfr!2sfr%20width=600%20height=450%20style=border:0;%20allowfullscreen=%20loading=lazy%20referrerpolicy=no-referrer-when-downgrade\/iframe\"><iframe style=\"border: 0;\" src=\"https:\/\/www.google.com\/maps\/embed?pb=!1m14!1m8!1m3!1d10493.687592503262!2d2.1067678!3d48.8882962!3m2!1i1024!2i768!4f13.1!3m3!1m2!1s0x0%3A0xe2f6d81162a19cd9!2sLes%20Pyramides!5e0!3m2!1sfr!2sfr!4v1649240064400!5m2!1sfr!2sfr\" width=\"600\" height=\"450\" allowfullscreen=\"allowfullscreen\"><\/iframe><\/a>[\/vc_column_text][\/vc_column][vc_column width=\u00a0\u00bb1\/2&Prime;][vc_column_text]<span style=\"font-weight: 400;\">Le <a href=\"https:\/\/www.padelreference.com\/blog\/club-padel\/\">complexe de padel<\/a> est compos\u00e9\u00a0de\u00a0:<\/span><\/p>\n<ul>\n<li style=\"font-weight: 400;\" aria-level=\"1\"><span style=\"font-weight: 400;\">7 terrains ext\u00e9rieurs<\/span><span style=\"font-weight: 400;\"><br \/>\n<\/span><span style=\"font-weight: 400;\">2 terrains couverts<\/span><\/li>\n<li style=\"font-weight: 400;\" aria-level=\"1\"><span style=\"font-weight: 400;\">5 terrains d\u00e9couverts dont 1 panoramique dit \u00ab central \u00bb<\/span><\/li>\n<\/ul>\n<p><span style=\"font-weight: 400;\">Pour compl\u00e9ter ce complexe vous pouvez \u00e9galement pratiquer du tennis, du squash, du golf, etc..<\/span>[\/vc_column_text][\/vc_column][\/vc_row][vc_row][vc_column][vc_column_text]<\/p>\n<h2>Les autres Club de Padel en France :<\/h2>\n<ul>\n<li><a href=\"https:\/\/www.padelreference.com\/blog\/club-padel\/padel-horizon-paris\/\">Padel Horizon<\/a><\/li>\n<li><a href=\"https:\/\/www.padelreference.com\/blog\/club-padel\/planete-raquette-paris\/\">Plan\u00e8te Raquettes<\/a><\/li>\n<li><a href=\"https:\/\/www.padelreference.com\/blog\/club-padel\/b-14-paris\/\">B14<\/a><\/li>\n<li><a href=\"https:\/\/www.padelreference.com\/blog\/club-padel\/4padel-paris\/\">4Padel<\/a><\/li>\n<li>etc&#8230;.<\/li>\n<\/ul>\n<p>[\/vc_column_text][\/vc_column][\/vc_row]<\/p>\n","protected":false},"excerpt":{"rendered":"<p>[vc_row][vc_column][vc_column_text]Les Pyramides situ\u00e9 \u00e0 Le Port-Marly vous propose d\u2019entretenir votre forme, vous d\u00e9tendre au bord de la piscine ou d\u00e9jeuner en terrasse, en se ressour\u00e7ant sur l\u2019essentiel en famille ou entre amis. Des espaces pens\u00e9s pour les envies de chacun qui allient authenticit\u00e9 et \u00e9l\u00e9gance. Bienvenue dans ce club de prestige.[\/vc_column_text][\/vc_column][\/vc_row][vc_row][vc_column width=\u00a0\u00bb1\/2&Prime;][vc_single_image image=\u00a0\u00bb971&Prime; img_size=\u00a0\u00bbfull\u00a0\u00bb][vc_column_text]Adresse : [&hellip;]<\/p>\n","protected":false},"author":2,"featured_media":0,"parent":722,"menu_order":0,"comment_status":"closed","ping_status":"closed","template":"","meta":{"footnotes":""},"class_list":["post-926","page","type-page","status-publish","hentry"],"yoast_head":"<!-- This site is optimized with the Yoast SEO plugin v23.1 - https:\/\/yoast.com\/wordpress\/plugins\/seo\/ -->\n<title>Les Clubs de Padel en France : la liste compl\u00e8te - Padel Reference<\/title>\n<meta name=\"robots\" content=\"index, follow, max-snippet:-1, max-image-preview:large, max-video-preview:-1\" \/>\n<link rel=\"canonical\" href=\"https:\/\/www.padelreference.com\/blog\/club-padel\/les-pyramides-paris\/\" \/>\n<meta property=\"og:locale\" content=\"fr_FR\" \/>\n<meta property=\"og:type\" content=\"article\" \/>\n<meta property=\"og:title\" content=\"Les Clubs de Padel en France : la liste compl\u00e8te - Padel Reference\" \/>\n<meta property=\"og:description\" content=\"[vc_row][vc_column][vc_column_text]Les Pyramides situ\u00e9 \u00e0 Le Port-Marly vous propose d\u2019entretenir votre forme, vous d\u00e9tendre au bord de la piscine ou d\u00e9jeuner en terrasse, en se ressour\u00e7ant sur l\u2019essentiel en famille ou entre amis. Des espaces pens\u00e9s pour les envies de chacun qui allient authenticit\u00e9 et \u00e9l\u00e9gance. Bienvenue dans ce club de prestige.[\/vc_column_text][\/vc_column][\/vc_row][vc_row][vc_column width=\u00a0\u00bb1\/2&Prime;][vc_single_image image=\u00a0\u00bb971&Prime; img_size=\u00a0\u00bbfull\u00a0\u00bb][vc_column_text]Adresse : [&hellip;]\" \/>\n<meta property=\"og:url\" content=\"https:\/\/www.padelreference.com\/blog\/club-padel\/les-pyramides-paris\/\" \/>\n<meta property=\"og:site_name\" content=\"Padel Reference\" \/>\n<meta property=\"article:modified_time\" content=\"2022-04-06T13:20:10+00:00\" \/>\n<meta name=\"twitter:card\" content=\"summary_large_image\" \/>\n<meta name=\"twitter:label1\" content=\"Dur\u00e9e de lecture estim\u00e9e\" \/>\n\t<meta name=\"twitter:data1\" content=\"1 minute\" \/>\n<script type=\"application\/ld+json\" class=\"yoast-schema-graph\">{\"@context\":\"https:\/\/schema.org\",\"@graph\":[{\"@type\":\"WebPage\",\"@id\":\"https:\/\/www.padelreference.com\/blog\/club-padel\/les-pyramides-paris\/\",\"url\":\"https:\/\/www.padelreference.com\/blog\/club-padel\/les-pyramides-paris\/\",\"name\":\"Les Clubs de Padel en France : la liste compl\u00e8te - Padel Reference\",\"isPartOf\":{\"@id\":\"https:\/\/www.padelreference.com\/blog\/#website\"},\"datePublished\":\"2022-04-06T10:17:24+00:00\",\"dateModified\":\"2022-04-06T13:20:10+00:00\",\"breadcrumb\":{\"@id\":\"https:\/\/www.padelreference.com\/blog\/club-padel\/les-pyramides-paris\/#breadcrumb\"},\"inLanguage\":\"fr-FR\",\"potentialAction\":[{\"@type\":\"ReadAction\",\"target\":[\"https:\/\/www.padelreference.com\/blog\/club-padel\/les-pyramides-paris\/\"]}]},{\"@type\":\"BreadcrumbList\",\"@id\":\"https:\/\/www.padelreference.com\/blog\/club-padel\/les-pyramides-paris\/#breadcrumb\",\"itemListElement\":[{\"@type\":\"ListItem\",\"position\":1,\"name\":\"Accueil\",\"item\":\"https:\/\/www.padelreference.com\/blog\/\"},{\"@type\":\"ListItem\",\"position\":2,\"name\":\"Club de Padel en France\",\"item\":\"https:\/\/www.padelreference.com\/blog\/club-padel\/\"},{\"@type\":\"ListItem\",\"position\":3,\"name\":\"Les Pyramides &#8211; Paris\"}]},{\"@type\":\"WebSite\",\"@id\":\"https:\/\/www.padelreference.com\/blog\/#website\",\"url\":\"https:\/\/www.padelreference.com\/blog\/\",\"name\":\"Padel Reference\",\"description\":\"Le Blog 100%\",\"potentialAction\":[{\"@type\":\"SearchAction\",\"target\":{\"@type\":\"EntryPoint\",\"urlTemplate\":\"https:\/\/www.padelreference.com\/blog\/?s={search_term_string}\"},\"query-input\":\"required name=search_term_string\"}],\"inLanguage\":\"fr-FR\"}]}<\/script>\n<!-- \/ Yoast SEO plugin. -->","yoast_head_json":{"title":"Les Clubs de Padel en France : la liste compl\u00e8te - Padel Reference","robots":{"index":"index","follow":"follow","max-snippet":"max-snippet:-1","max-image-preview":"max-image-preview:large","max-video-preview":"max-video-preview:-1"},"canonical":"https:\/\/www.padelreference.com\/blog\/club-padel\/les-pyramides-paris\/","og_locale":"fr_FR","og_type":"article","og_title":"Les Clubs de Padel en France : la liste compl\u00e8te - Padel Reference","og_description":"[vc_row][vc_column][vc_column_text]Les Pyramides situ\u00e9 \u00e0 Le Port-Marly vous propose d\u2019entretenir votre forme, vous d\u00e9tendre au bord de la piscine ou d\u00e9jeuner en terrasse, en se ressour\u00e7ant sur l\u2019essentiel en famille ou entre amis. Des espaces pens\u00e9s pour les envies de chacun qui allient authenticit\u00e9 et \u00e9l\u00e9gance. Bienvenue dans ce club de prestige.[\/vc_column_text][\/vc_column][\/vc_row][vc_row][vc_column width=\u00a0\u00bb1\/2&Prime;][vc_single_image image=\u00a0\u00bb971&Prime; img_size=\u00a0\u00bbfull\u00a0\u00bb][vc_column_text]Adresse : [&hellip;]","og_url":"https:\/\/www.padelreference.com\/blog\/club-padel\/les-pyramides-paris\/","og_site_name":"Padel Reference","article_modified_time":"2022-04-06T13:20:10+00:00","twitter_card":"summary_large_image","twitter_misc":{"Dur\u00e9e de lecture estim\u00e9e":"1 minute"},"schema":{"@context":"https:\/\/schema.org","@graph":[{"@type":"WebPage","@id":"https:\/\/www.padelreference.com\/blog\/club-padel\/les-pyramides-paris\/","url":"https:\/\/www.padelreference.com\/blog\/club-padel\/les-pyramides-paris\/","name":"Les Clubs de Padel en France : la liste compl\u00e8te - Padel Reference","isPartOf":{"@id":"https:\/\/www.padelreference.com\/blog\/#website"},"datePublished":"2022-04-06T10:17:24+00:00","dateModified":"2022-04-06T13:20:10+00:00","breadcrumb":{"@id":"https:\/\/www.padelreference.com\/blog\/club-padel\/les-pyramides-paris\/#breadcrumb"},"inLanguage":"fr-FR","potentialAction":[{"@type":"ReadAction","target":["https:\/\/www.padelreference.com\/blog\/club-padel\/les-pyramides-paris\/"]}]},{"@type":"BreadcrumbList","@id":"https:\/\/www.padelreference.com\/blog\/club-padel\/les-pyramides-paris\/#breadcrumb","itemListElement":[{"@type":"ListItem","position":1,"name":"Accueil","item":"https:\/\/www.padelreference.com\/blog\/"},{"@type":"ListItem","position":2,"name":"Club de Padel en France","item":"https:\/\/www.padelreference.com\/blog\/club-padel\/"},{"@type":"ListItem","position":3,"name":"Les Pyramides &#8211; Paris"}]},{"@type":"WebSite","@id":"https:\/\/www.padelreference.com\/blog\/#website","url":"https:\/\/www.padelreference.com\/blog\/","name":"Padel Reference","description":"Le Blog 100%","potentialAction":[{"@type":"SearchAction","target":{"@type":"EntryPoint","urlTemplate":"https:\/\/www.padelreference.com\/blog\/?s={search_term_string}"},"query-input":"required name=search_term_string"}],"inLanguage":"fr-FR"}]}},"_links":{"self":[{"href":"https:\/\/www.padelreference.com\/blog\/wp-json\/wp\/v2\/pages\/926"}],"collection":[{"href":"https:\/\/www.padelreference.com\/blog\/wp-json\/wp\/v2\/pages"}],"about":[{"href":"https:\/\/www.padelreference.com\/blog\/wp-json\/wp\/v2\/types\/page"}],"author":[{"embeddable":true,"href":"https:\/\/www.padelreference.com\/blog\/wp-json\/wp\/v2\/users\/2"}],"replies":[{"embeddable":true,"href":"https:\/\/www.padelreference.com\/blog\/wp-json\/wp\/v2\/comments?post=926"}],"version-history":[{"count":0,"href":"https:\/\/www.padelreference.com\/blog\/wp-json\/wp\/v2\/pages\/926\/revisions"}],"up":[{"embeddable":true,"href":"https:\/\/www.padelreference.com\/blog\/wp-json\/wp\/v2\/pages\/722"}],"wp:attachment":[{"href":"https:\/\/www.padelreference.com\/blog\/wp-json\/wp\/v2\/media?parent=926"}],"curies":[{"name":"wp","href":"https:\/\/api.w.org\/{rel}","templated":true}]}}