{"id":931,"date":"2022-04-06T12:29:40","date_gmt":"2022-04-06T10:29:40","guid":{"rendered":"https:\/\/www.padelreference.com\/blog\/?page_id=931"},"modified":"2022-04-06T15:12:56","modified_gmt":"2022-04-06T13:12:56","slug":"4padel-paris","status":"publish","type":"page","link":"https:\/\/www.padelreference.com\/blog\/club-padel\/4padel-paris\/","title":{"rendered":"4Padel &#8211; Paris"},"content":{"rendered":"<p>[vc_row][vc_column][vc_column_text]<span style=\"font-weight: 400;\">Il y a 17 clubs 4Padel en France dont 3 aux alentours de Paris\u00a0: Cr\u00e9teil, Champigny et Marville.\u00a0<\/span>[\/vc_column_text][\/vc_column][\/vc_row][vc_row][vc_column width=\u00a0\u00bb1\/2&Prime;][vc_single_image image=\u00a0\u00bb968&Prime; img_size=\u00a0\u00bbfull\u00a0\u00bb][vc_column_text]<\/p>\n<p>[\/vc_column_text][\/vc_column][vc_column width=\u00a0\u00bb1\/2&Prime;][vc_column_text]<span style=\"font-weight: 400;\">Les <a href=\"https:\/\/www.padelreference.com\/blog\/club-padel\/\">complexes de padel<\/a> sont compos\u00e9s de terrains de padel indoor et de five. Celui de Marvile vous propose \u00e9galement 4 terrains de padel outdoor.<\/span><\/p>\n<p><span style=\"font-weight: 400;\">Les club 4Padel sont agr\u00e9ment\u00e9s d\u2019un vestiaire et d\u2019un bar o\u00f9 vous pouvez d\u00e9briefer tranquillement de votre match autour d\u2019un verre. Vous trouverez \u00e9galement \u00e0 votre disposition une boutique.<\/span><\/p>\n<p>Infos pratique :<\/p>\n<p>Cr\u00e9teil : <a href=\"https:\/\/www.google.com\/maps\/place\/4PADEL+Cr\u00e9teil\/@48.7641541,2.4684395,15z\/data=!4m5!3m4!1s0x0:0x2609b1ad97849711!8m2!3d48.7641541!4d2.4684395?hl=fr\">1 Rue le Corbusier<\/a>, 94000 Cr\u00e9teil &#8211; <span aria-label=\"Appeler le 06 98 62 81 63\">06 98 62 81 63<\/span><\/p>\n<p><span style=\"font-weight: 400;\">Champigny : <a href=\"https:\/\/www.google.com\/maps\/place\/LE+FIVE+Champigny\/@48.8194084,2.5251846,15z\/data=!4m2!3m1!1s0x0:0x6b4be0ccb943554d?sa=X&amp;hl=fr&amp;ved=2ahUKEwjy5vK_nP_2AhUSRuUKHQffDZ8Q_BJ6BAhSEAU\">111 Rue Alexandre Fourny, <\/a>94500 Champigny-sur-Marne &#8211; <span aria-label=\"Appeler le 01 47 06 64 85\">01 47 06 64 85<\/span><\/span><\/p>\n<p><span style=\"font-weight: 400;\">Marville : <a href=\"https:\/\/www.google.com\/maps\/place\/4PADEL+Marville+-+La+Courneuve\/@48.9365158,2.3866021,15z\/data=!4m5!3m4!1s0x0:0x784b07c370487942!8m2!3d48.9365158!4d2.3866021?hl=fr\">51 Av. Roger Salengro<\/a>, 93120 La Courneuve &#8211; <span aria-label=\"Appeler le 01 70 24 94 15\">01 70 24 94 15<\/span><\/span><\/p>\n<p>&nbsp;<\/p>\n<p>[\/vc_column_text][\/vc_column][\/vc_row][vc_row][vc_column][vc_column_text]<\/p>\n<h2>Les autres Club de Padel en France :<\/h2>\n<ul>\n<li><a href=\"https:\/\/www.padelreference.com\/blog\/club-padel\/b-14-paris\/\">B14<\/a><\/li>\n<li><a href=\"https:\/\/www.padelreference.com\/blog\/club-padel\/casa-padel-paris\/\">Casa Padel<\/a><\/li>\n<li><a href=\"https:\/\/www.padelreference.com\/blog\/club-padel\/planete-raquette-paris\/\">Plan\u00e8te Raquettes<\/a><\/li>\n<li><a href=\"https:\/\/www.padelreference.com\/blog\/club-padel\/les-pyramides-paris\/\">Les Pyramides<\/a><\/li>\n<li>etc&#8230;.<\/li>\n<\/ul>\n<p>[\/vc_column_text][\/vc_column][\/vc_row]<\/p>\n","protected":false},"excerpt":{"rendered":"<p>[vc_row][vc_column][vc_column_text]Il y a 17 clubs 4Padel en France dont 3 aux alentours de Paris\u00a0: Cr\u00e9teil, Champigny et Marville.\u00a0[\/vc_column_text][\/vc_column][\/vc_row][vc_row][vc_column width=\u00a0\u00bb1\/2&Prime;][vc_single_image image=\u00a0\u00bb968&Prime; img_size=\u00a0\u00bbfull\u00a0\u00bb][vc_column_text] [\/vc_column_text][\/vc_column][vc_column width=\u00a0\u00bb1\/2&Prime;][vc_column_text]Les complexes de padel sont compos\u00e9s de terrains de padel indoor et de five. Celui de Marvile vous propose \u00e9galement 4 terrains de padel outdoor. Les club 4Padel sont agr\u00e9ment\u00e9s d\u2019un vestiaire et [&hellip;]<\/p>\n","protected":false},"author":2,"featured_media":0,"parent":722,"menu_order":0,"comment_status":"closed","ping_status":"closed","template":"","meta":{"footnotes":""},"class_list":["post-931","page","type-page","status-publish","hentry"],"yoast_head":"<!-- This site is optimized with the Yoast SEO plugin v23.1 - https:\/\/yoast.com\/wordpress\/plugins\/seo\/ -->\n<title>Les Clubs de Padel en France : la liste compl\u00e8te - Padel Reference<\/title>\n<meta name=\"robots\" content=\"index, follow, max-snippet:-1, max-image-preview:large, max-video-preview:-1\" \/>\n<link rel=\"canonical\" href=\"https:\/\/www.padelreference.com\/blog\/club-padel\/4padel-paris\/\" \/>\n<meta property=\"og:locale\" content=\"fr_FR\" \/>\n<meta property=\"og:type\" content=\"article\" \/>\n<meta property=\"og:title\" content=\"Les Clubs de Padel en France : la liste compl\u00e8te - Padel Reference\" \/>\n<meta property=\"og:description\" content=\"[vc_row][vc_column][vc_column_text]Il y a 17 clubs 4Padel en France dont 3 aux alentours de Paris\u00a0: Cr\u00e9teil, Champigny et Marville.\u00a0[\/vc_column_text][\/vc_column][\/vc_row][vc_row][vc_column width=\u00a0\u00bb1\/2&Prime;][vc_single_image image=\u00a0\u00bb968&Prime; img_size=\u00a0\u00bbfull\u00a0\u00bb][vc_column_text] [\/vc_column_text][\/vc_column][vc_column width=\u00a0\u00bb1\/2&Prime;][vc_column_text]Les complexes de padel sont compos\u00e9s de terrains de padel indoor et de five. Celui de Marvile vous propose \u00e9galement 4 terrains de padel outdoor. Les club 4Padel sont agr\u00e9ment\u00e9s d\u2019un vestiaire et [&hellip;]\" \/>\n<meta property=\"og:url\" content=\"https:\/\/www.padelreference.com\/blog\/club-padel\/4padel-paris\/\" \/>\n<meta property=\"og:site_name\" content=\"Padel Reference\" \/>\n<meta property=\"article:modified_time\" content=\"2022-04-06T13:12:56+00:00\" \/>\n<meta name=\"twitter:card\" content=\"summary_large_image\" \/>\n<meta name=\"twitter:label1\" content=\"Dur\u00e9e de lecture estim\u00e9e\" \/>\n\t<meta name=\"twitter:data1\" content=\"1 minute\" \/>\n<script type=\"application\/ld+json\" class=\"yoast-schema-graph\">{\"@context\":\"https:\/\/schema.org\",\"@graph\":[{\"@type\":\"WebPage\",\"@id\":\"https:\/\/www.padelreference.com\/blog\/club-padel\/4padel-paris\/\",\"url\":\"https:\/\/www.padelreference.com\/blog\/club-padel\/4padel-paris\/\",\"name\":\"Les Clubs de Padel en France : la liste compl\u00e8te - Padel Reference\",\"isPartOf\":{\"@id\":\"https:\/\/www.padelreference.com\/blog\/#website\"},\"datePublished\":\"2022-04-06T10:29:40+00:00\",\"dateModified\":\"2022-04-06T13:12:56+00:00\",\"breadcrumb\":{\"@id\":\"https:\/\/www.padelreference.com\/blog\/club-padel\/4padel-paris\/#breadcrumb\"},\"inLanguage\":\"fr-FR\",\"potentialAction\":[{\"@type\":\"ReadAction\",\"target\":[\"https:\/\/www.padelreference.com\/blog\/club-padel\/4padel-paris\/\"]}]},{\"@type\":\"BreadcrumbList\",\"@id\":\"https:\/\/www.padelreference.com\/blog\/club-padel\/4padel-paris\/#breadcrumb\",\"itemListElement\":[{\"@type\":\"ListItem\",\"position\":1,\"name\":\"Accueil\",\"item\":\"https:\/\/www.padelreference.com\/blog\/\"},{\"@type\":\"ListItem\",\"position\":2,\"name\":\"Club de Padel en France\",\"item\":\"https:\/\/www.padelreference.com\/blog\/club-padel\/\"},{\"@type\":\"ListItem\",\"position\":3,\"name\":\"4Padel &#8211; Paris\"}]},{\"@type\":\"WebSite\",\"@id\":\"https:\/\/www.padelreference.com\/blog\/#website\",\"url\":\"https:\/\/www.padelreference.com\/blog\/\",\"name\":\"Padel Reference\",\"description\":\"Le Blog 100%\",\"potentialAction\":[{\"@type\":\"SearchAction\",\"target\":{\"@type\":\"EntryPoint\",\"urlTemplate\":\"https:\/\/www.padelreference.com\/blog\/?s={search_term_string}\"},\"query-input\":\"required name=search_term_string\"}],\"inLanguage\":\"fr-FR\"}]}<\/script>\n<!-- \/ Yoast SEO plugin. -->","yoast_head_json":{"title":"Les Clubs de Padel en France : la liste compl\u00e8te - Padel Reference","robots":{"index":"index","follow":"follow","max-snippet":"max-snippet:-1","max-image-preview":"max-image-preview:large","max-video-preview":"max-video-preview:-1"},"canonical":"https:\/\/www.padelreference.com\/blog\/club-padel\/4padel-paris\/","og_locale":"fr_FR","og_type":"article","og_title":"Les Clubs de Padel en France : la liste compl\u00e8te - Padel Reference","og_description":"[vc_row][vc_column][vc_column_text]Il y a 17 clubs 4Padel en France dont 3 aux alentours de Paris\u00a0: Cr\u00e9teil, Champigny et Marville.\u00a0[\/vc_column_text][\/vc_column][\/vc_row][vc_row][vc_column width=\u00a0\u00bb1\/2&Prime;][vc_single_image image=\u00a0\u00bb968&Prime; img_size=\u00a0\u00bbfull\u00a0\u00bb][vc_column_text] [\/vc_column_text][\/vc_column][vc_column width=\u00a0\u00bb1\/2&Prime;][vc_column_text]Les complexes de padel sont compos\u00e9s de terrains de padel indoor et de five. Celui de Marvile vous propose \u00e9galement 4 terrains de padel outdoor. Les club 4Padel sont agr\u00e9ment\u00e9s d\u2019un vestiaire et [&hellip;]","og_url":"https:\/\/www.padelreference.com\/blog\/club-padel\/4padel-paris\/","og_site_name":"Padel Reference","article_modified_time":"2022-04-06T13:12:56+00:00","twitter_card":"summary_large_image","twitter_misc":{"Dur\u00e9e de lecture estim\u00e9e":"1 minute"},"schema":{"@context":"https:\/\/schema.org","@graph":[{"@type":"WebPage","@id":"https:\/\/www.padelreference.com\/blog\/club-padel\/4padel-paris\/","url":"https:\/\/www.padelreference.com\/blog\/club-padel\/4padel-paris\/","name":"Les Clubs de Padel en France : la liste compl\u00e8te - Padel Reference","isPartOf":{"@id":"https:\/\/www.padelreference.com\/blog\/#website"},"datePublished":"2022-04-06T10:29:40+00:00","dateModified":"2022-04-06T13:12:56+00:00","breadcrumb":{"@id":"https:\/\/www.padelreference.com\/blog\/club-padel\/4padel-paris\/#breadcrumb"},"inLanguage":"fr-FR","potentialAction":[{"@type":"ReadAction","target":["https:\/\/www.padelreference.com\/blog\/club-padel\/4padel-paris\/"]}]},{"@type":"BreadcrumbList","@id":"https:\/\/www.padelreference.com\/blog\/club-padel\/4padel-paris\/#breadcrumb","itemListElement":[{"@type":"ListItem","position":1,"name":"Accueil","item":"https:\/\/www.padelreference.com\/blog\/"},{"@type":"ListItem","position":2,"name":"Club de Padel en France","item":"https:\/\/www.padelreference.com\/blog\/club-padel\/"},{"@type":"ListItem","position":3,"name":"4Padel &#8211; Paris"}]},{"@type":"WebSite","@id":"https:\/\/www.padelreference.com\/blog\/#website","url":"https:\/\/www.padelreference.com\/blog\/","name":"Padel Reference","description":"Le Blog 100%","potentialAction":[{"@type":"SearchAction","target":{"@type":"EntryPoint","urlTemplate":"https:\/\/www.padelreference.com\/blog\/?s={search_term_string}"},"query-input":"required name=search_term_string"}],"inLanguage":"fr-FR"}]}},"_links":{"self":[{"href":"https:\/\/www.padelreference.com\/blog\/wp-json\/wp\/v2\/pages\/931"}],"collection":[{"href":"https:\/\/www.padelreference.com\/blog\/wp-json\/wp\/v2\/pages"}],"about":[{"href":"https:\/\/www.padelreference.com\/blog\/wp-json\/wp\/v2\/types\/page"}],"author":[{"embeddable":true,"href":"https:\/\/www.padelreference.com\/blog\/wp-json\/wp\/v2\/users\/2"}],"replies":[{"embeddable":true,"href":"https:\/\/www.padelreference.com\/blog\/wp-json\/wp\/v2\/comments?post=931"}],"version-history":[{"count":0,"href":"https:\/\/www.padelreference.com\/blog\/wp-json\/wp\/v2\/pages\/931\/revisions"}],"up":[{"embeddable":true,"href":"https:\/\/www.padelreference.com\/blog\/wp-json\/wp\/v2\/pages\/722"}],"wp:attachment":[{"href":"https:\/\/www.padelreference.com\/blog\/wp-json\/wp\/v2\/media?parent=931"}],"curies":[{"name":"wp","href":"https:\/\/api.w.org\/{rel}","templated":true}]}}