{"id":937,"date":"2022-04-06T12:42:35","date_gmt":"2022-04-06T10:42:35","guid":{"rendered":"https:\/\/www.padelreference.com\/blog\/?page_id=937"},"modified":"2022-04-06T15:16:35","modified_gmt":"2022-04-06T13:16:35","slug":"b-14-paris","status":"publish","type":"page","link":"https:\/\/www.padelreference.com\/blog\/club-padel\/b-14-paris\/","title":{"rendered":"B-14 &#8211; Paris"},"content":{"rendered":"<p>[vc_row][vc_column][vc_column_text]<span style=\"font-weight: 400;\">B14 est un nouveau concept innovant en Ile-de-France regroupant une multitude d\u2019activit\u00e9s.<\/span>[\/vc_column_text][\/vc_column][\/vc_row][vc_row][vc_column width=\u00a0\u00bb1\/2&Prime;][vc_single_image image=\u00a0\u00bb953&Prime; img_size=\u00a0\u00bbfull\u00a0\u00bb][vc_column_text]Adresse : <a href=\"https:\/\/www.google.com\/maps\/place\/B14+-+Sports+et+Loisirs+Indoor\/@48.62229,2.3800445,15z\/data=!4m2!3m1!1s0x0:0xf068057ff189251f?sa=X&amp;ved=2ahUKEwiz6sXUn__2AhWyi_0HHesNAegQ_BJ6BAhlEAU\">ZI la marini\u00e8re, 14 Rue Gustave Eiffel<\/a>, 91070 Bondoufle<\/p>\n<p><a href=\"http:\/\/iframe%20src=https:\/\/www.google.com\/maps\/embed?pb=!1m14!1m8!1m3!1d10549.398771141854!2d2.3800445!3d48.62229!3m2!1i1024!2i768!4f13.1!3m3!1m2!1s0x0%3A0xf068057ff189251f!2sB14%20-%20Sports%20et%20Loisirs%20Indoor!5e0!3m2!1sfr!2sfr!4v1649241615333!5m2!1sfr!2sfr%20width=600%20height=450%20style=border:0;%20allowfullscreen=%20loading=lazy%20referrerpolicy=no-referrer-when-downgrade\/iframe\"><iframe style=\"border: 0;\" src=\"https:\/\/www.google.com\/maps\/embed?pb=!1m14!1m8!1m3!1d10549.398771141854!2d2.3800445!3d48.62229!3m2!1i1024!2i768!4f13.1!3m3!1m2!1s0x0%3A0xf068057ff189251f!2sB14%20-%20Sports%20et%20Loisirs%20Indoor!5e0!3m2!1sfr!2sfr!4v1649241615333!5m2!1sfr!2sfr\" width=\"600\" height=\"450\" allowfullscreen=\"allowfullscreen\"><\/iframe><\/a>[\/vc_column_text][\/vc_column][vc_column width=\u00a0\u00bb1\/2&Prime;][vc_column_text]<span style=\"font-weight: 400;\"><a href=\"https:\/\/www.padelreference.com\/blog\/club-padel\/\">Le club de padel<\/a> met plusieurs terrains de padel indoor \u00e0 votre disposition. Pour r\u00e9server un terrain il suffit d\u2019aller sur le site\u00a0: <\/span><a href=\"https:\/\/www.b-14.fr\/padel\"><span style=\"font-weight: 400;\">https:\/\/www.b-14.fr\/padel<\/span><\/a><\/p>\n<p><span style=\"font-weight: 400;\">B-14 vous propose d\u2019autres activit\u00e9s telles que\u00a0le\u00a0: squash, football\u00a0et le badminton.<\/span><\/p>\n<p><span style=\"font-weight: 400;\">Apr\u00e8s votre sport venez profiter du bar\/snack en regardant les \u00e9v\u00e9nements sportifs populaires sur grand \u00e9cran.\u00a0<\/span>[\/vc_column_text][\/vc_column][\/vc_row][vc_row][vc_column][vc_column_text]<\/p>\n<h2>Les autres Club de Padel en France :<\/h2>\n<ul>\n<li><a href=\"https:\/\/www.padelreference.com\/blog\/club-padel\/b-14-paris\/\">4Padel<\/a><\/li>\n<li><a href=\"https:\/\/www.padelreference.com\/blog\/club-padel\/casa-padel-paris\/\">Casa Padel<\/a><\/li>\n<li><a href=\"https:\/\/www.padelreference.com\/blog\/club-padel\/planete-raquette-paris\/\">Plan\u00e8te Raquettes<\/a><\/li>\n<li><a href=\"https:\/\/www.padelreference.com\/blog\/club-padel\/les-pyramides-paris\/\">Les Pyramides<\/a><\/li>\n<li><\/li>\n<li>etc&#8230;.<\/li>\n<\/ul>\n<p>[\/vc_column_text][\/vc_column][\/vc_row]<\/p>\n","protected":false},"excerpt":{"rendered":"<p>[vc_row][vc_column][vc_column_text]B14 est un nouveau concept innovant en Ile-de-France regroupant une multitude d\u2019activit\u00e9s.[\/vc_column_text][\/vc_column][\/vc_row][vc_row][vc_column width=\u00a0\u00bb1\/2&Prime;][vc_single_image image=\u00a0\u00bb953&Prime; img_size=\u00a0\u00bbfull\u00a0\u00bb][vc_column_text]Adresse : ZI la marini\u00e8re, 14 Rue Gustave Eiffel, 91070 Bondoufle [\/vc_column_text][\/vc_column][vc_column width=\u00a0\u00bb1\/2&Prime;][vc_column_text]Le club de padel met plusieurs terrains de padel indoor \u00e0 votre disposition. Pour r\u00e9server un terrain il suffit d\u2019aller sur le site\u00a0: https:\/\/www.b-14.fr\/padel B-14 vous propose d\u2019autres activit\u00e9s [&hellip;]<\/p>\n","protected":false},"author":2,"featured_media":0,"parent":722,"menu_order":0,"comment_status":"closed","ping_status":"closed","template":"","meta":{"footnotes":""},"class_list":["post-937","page","type-page","status-publish","hentry"],"yoast_head":"<!-- This site is optimized with the Yoast SEO plugin v23.1 - https:\/\/yoast.com\/wordpress\/plugins\/seo\/ -->\n<title>Les Clubs de Padel en France : la liste compl\u00e8te - Padel Reference<\/title>\n<meta name=\"robots\" content=\"index, follow, max-snippet:-1, max-image-preview:large, max-video-preview:-1\" \/>\n<link rel=\"canonical\" href=\"https:\/\/www.padelreference.com\/blog\/club-padel\/b-14-paris\/\" \/>\n<meta property=\"og:locale\" content=\"fr_FR\" \/>\n<meta property=\"og:type\" content=\"article\" \/>\n<meta property=\"og:title\" content=\"Les Clubs de Padel en France : la liste compl\u00e8te - Padel Reference\" \/>\n<meta property=\"og:description\" content=\"[vc_row][vc_column][vc_column_text]B14 est un nouveau concept innovant en Ile-de-France regroupant une multitude d\u2019activit\u00e9s.[\/vc_column_text][\/vc_column][\/vc_row][vc_row][vc_column width=\u00a0\u00bb1\/2&Prime;][vc_single_image image=\u00a0\u00bb953&Prime; img_size=\u00a0\u00bbfull\u00a0\u00bb][vc_column_text]Adresse : ZI la marini\u00e8re, 14 Rue Gustave Eiffel, 91070 Bondoufle [\/vc_column_text][\/vc_column][vc_column width=\u00a0\u00bb1\/2&Prime;][vc_column_text]Le club de padel met plusieurs terrains de padel indoor \u00e0 votre disposition. Pour r\u00e9server un terrain il suffit d\u2019aller sur le site\u00a0: https:\/\/www.b-14.fr\/padel B-14 vous propose d\u2019autres activit\u00e9s [&hellip;]\" \/>\n<meta property=\"og:url\" content=\"https:\/\/www.padelreference.com\/blog\/club-padel\/b-14-paris\/\" \/>\n<meta property=\"og:site_name\" content=\"Padel Reference\" \/>\n<meta property=\"article:modified_time\" content=\"2022-04-06T13:16:35+00:00\" \/>\n<meta name=\"twitter:card\" content=\"summary_large_image\" \/>\n<meta name=\"twitter:label1\" content=\"Dur\u00e9e de lecture estim\u00e9e\" \/>\n\t<meta name=\"twitter:data1\" content=\"1 minute\" \/>\n<script type=\"application\/ld+json\" class=\"yoast-schema-graph\">{\"@context\":\"https:\/\/schema.org\",\"@graph\":[{\"@type\":\"WebPage\",\"@id\":\"https:\/\/www.padelreference.com\/blog\/club-padel\/b-14-paris\/\",\"url\":\"https:\/\/www.padelreference.com\/blog\/club-padel\/b-14-paris\/\",\"name\":\"Les Clubs de Padel en France : la liste compl\u00e8te - Padel Reference\",\"isPartOf\":{\"@id\":\"https:\/\/www.padelreference.com\/blog\/#website\"},\"datePublished\":\"2022-04-06T10:42:35+00:00\",\"dateModified\":\"2022-04-06T13:16:35+00:00\",\"breadcrumb\":{\"@id\":\"https:\/\/www.padelreference.com\/blog\/club-padel\/b-14-paris\/#breadcrumb\"},\"inLanguage\":\"fr-FR\",\"potentialAction\":[{\"@type\":\"ReadAction\",\"target\":[\"https:\/\/www.padelreference.com\/blog\/club-padel\/b-14-paris\/\"]}]},{\"@type\":\"BreadcrumbList\",\"@id\":\"https:\/\/www.padelreference.com\/blog\/club-padel\/b-14-paris\/#breadcrumb\",\"itemListElement\":[{\"@type\":\"ListItem\",\"position\":1,\"name\":\"Accueil\",\"item\":\"https:\/\/www.padelreference.com\/blog\/\"},{\"@type\":\"ListItem\",\"position\":2,\"name\":\"Club de Padel en France\",\"item\":\"https:\/\/www.padelreference.com\/blog\/club-padel\/\"},{\"@type\":\"ListItem\",\"position\":3,\"name\":\"B-14 &#8211; Paris\"}]},{\"@type\":\"WebSite\",\"@id\":\"https:\/\/www.padelreference.com\/blog\/#website\",\"url\":\"https:\/\/www.padelreference.com\/blog\/\",\"name\":\"Padel Reference\",\"description\":\"Le Blog 100%\",\"potentialAction\":[{\"@type\":\"SearchAction\",\"target\":{\"@type\":\"EntryPoint\",\"urlTemplate\":\"https:\/\/www.padelreference.com\/blog\/?s={search_term_string}\"},\"query-input\":\"required name=search_term_string\"}],\"inLanguage\":\"fr-FR\"}]}<\/script>\n<!-- \/ Yoast SEO plugin. -->","yoast_head_json":{"title":"Les Clubs de Padel en France : la liste compl\u00e8te - Padel Reference","robots":{"index":"index","follow":"follow","max-snippet":"max-snippet:-1","max-image-preview":"max-image-preview:large","max-video-preview":"max-video-preview:-1"},"canonical":"https:\/\/www.padelreference.com\/blog\/club-padel\/b-14-paris\/","og_locale":"fr_FR","og_type":"article","og_title":"Les Clubs de Padel en France : la liste compl\u00e8te - Padel Reference","og_description":"[vc_row][vc_column][vc_column_text]B14 est un nouveau concept innovant en Ile-de-France regroupant une multitude d\u2019activit\u00e9s.[\/vc_column_text][\/vc_column][\/vc_row][vc_row][vc_column width=\u00a0\u00bb1\/2&Prime;][vc_single_image image=\u00a0\u00bb953&Prime; img_size=\u00a0\u00bbfull\u00a0\u00bb][vc_column_text]Adresse : ZI la marini\u00e8re, 14 Rue Gustave Eiffel, 91070 Bondoufle [\/vc_column_text][\/vc_column][vc_column width=\u00a0\u00bb1\/2&Prime;][vc_column_text]Le club de padel met plusieurs terrains de padel indoor \u00e0 votre disposition. Pour r\u00e9server un terrain il suffit d\u2019aller sur le site\u00a0: https:\/\/www.b-14.fr\/padel B-14 vous propose d\u2019autres activit\u00e9s [&hellip;]","og_url":"https:\/\/www.padelreference.com\/blog\/club-padel\/b-14-paris\/","og_site_name":"Padel Reference","article_modified_time":"2022-04-06T13:16:35+00:00","twitter_card":"summary_large_image","twitter_misc":{"Dur\u00e9e de lecture estim\u00e9e":"1 minute"},"schema":{"@context":"https:\/\/schema.org","@graph":[{"@type":"WebPage","@id":"https:\/\/www.padelreference.com\/blog\/club-padel\/b-14-paris\/","url":"https:\/\/www.padelreference.com\/blog\/club-padel\/b-14-paris\/","name":"Les Clubs de Padel en France : la liste compl\u00e8te - Padel Reference","isPartOf":{"@id":"https:\/\/www.padelreference.com\/blog\/#website"},"datePublished":"2022-04-06T10:42:35+00:00","dateModified":"2022-04-06T13:16:35+00:00","breadcrumb":{"@id":"https:\/\/www.padelreference.com\/blog\/club-padel\/b-14-paris\/#breadcrumb"},"inLanguage":"fr-FR","potentialAction":[{"@type":"ReadAction","target":["https:\/\/www.padelreference.com\/blog\/club-padel\/b-14-paris\/"]}]},{"@type":"BreadcrumbList","@id":"https:\/\/www.padelreference.com\/blog\/club-padel\/b-14-paris\/#breadcrumb","itemListElement":[{"@type":"ListItem","position":1,"name":"Accueil","item":"https:\/\/www.padelreference.com\/blog\/"},{"@type":"ListItem","position":2,"name":"Club de Padel en France","item":"https:\/\/www.padelreference.com\/blog\/club-padel\/"},{"@type":"ListItem","position":3,"name":"B-14 &#8211; Paris"}]},{"@type":"WebSite","@id":"https:\/\/www.padelreference.com\/blog\/#website","url":"https:\/\/www.padelreference.com\/blog\/","name":"Padel Reference","description":"Le Blog 100%","potentialAction":[{"@type":"SearchAction","target":{"@type":"EntryPoint","urlTemplate":"https:\/\/www.padelreference.com\/blog\/?s={search_term_string}"},"query-input":"required name=search_term_string"}],"inLanguage":"fr-FR"}]}},"_links":{"self":[{"href":"https:\/\/www.padelreference.com\/blog\/wp-json\/wp\/v2\/pages\/937"}],"collection":[{"href":"https:\/\/www.padelreference.com\/blog\/wp-json\/wp\/v2\/pages"}],"about":[{"href":"https:\/\/www.padelreference.com\/blog\/wp-json\/wp\/v2\/types\/page"}],"author":[{"embeddable":true,"href":"https:\/\/www.padelreference.com\/blog\/wp-json\/wp\/v2\/users\/2"}],"replies":[{"embeddable":true,"href":"https:\/\/www.padelreference.com\/blog\/wp-json\/wp\/v2\/comments?post=937"}],"version-history":[{"count":0,"href":"https:\/\/www.padelreference.com\/blog\/wp-json\/wp\/v2\/pages\/937\/revisions"}],"up":[{"embeddable":true,"href":"https:\/\/www.padelreference.com\/blog\/wp-json\/wp\/v2\/pages\/722"}],"wp:attachment":[{"href":"https:\/\/www.padelreference.com\/blog\/wp-json\/wp\/v2\/media?parent=937"}],"curies":[{"name":"wp","href":"https:\/\/api.w.org\/{rel}","templated":true}]}}