{"id":940,"date":"2022-04-06T12:49:08","date_gmt":"2022-04-06T10:49:08","guid":{"rendered":"https:\/\/www.padelreference.com\/blog\/?page_id=940"},"modified":"2022-04-06T15:22:57","modified_gmt":"2022-04-06T13:22:57","slug":"planete-raquette-paris","status":"publish","type":"page","link":"https:\/\/www.padelreference.com\/blog\/club-padel\/planete-raquette-paris\/","title":{"rendered":"Plan\u00e8te Raquettes &#8211; Paris"},"content":{"rendered":"<p>[vc_row][vc_column][vc_column_text]<span style=\"font-weight: 400;\">Le club Plan\u00e8te Raquettes est ouvert depuis le 11 mai 2019 et se situe \u00e0 Vulaines\/Seine. Plus de 300 joueurs ont d\u00e9j\u00e0 essay\u00e9 ce club\u00a0!<\/span>[\/vc_column_text][\/vc_column][\/vc_row][vc_row][vc_column width=\u00a0\u00bb1\/2&Prime;][vc_single_image image=\u00a0\u00bb970&Prime; img_size=\u00a0\u00bbfull\u00a0\u00bb][vc_column_text]Adresse : <a href=\"https:\/\/www.google.com\/maps\/place\/Plan\u00e8te+Raquettes\/@48.4247443,2.76892,17z\/data=!4m18!1m12!4m11!1m3!2m2!1d2.7689307!2d48.4249009!1m6!1m2!1s0x47e5f5a4f348f3c7:0xbbdb1c1f4268112d!2sPlan\u00e8te+Raquettes+21+Rue+Gambetta+77870+Vulaines-sur-Seine!2m2!1d2.76892!2d48.4247443!3m4!1s0x47e5f5a4f348f3c7:0xbbdb1c1f4268112d!8m2!3d48.4247443!4d2.76892\">21 Rue Gambetta<\/a>, 77870 Vulaines-sur-Seine<\/p>\n<p><a href=\"http:\/\/iframe%20src=https:\/\/www.google.com\/maps\/embed?pb=!1m14!1m8!1m3!1d2647.656203024521!2d2.76892!3d48.4247443!3m2!1i1024!2i768!4f13.1!3m3!1m2!1s0x47e5f5a4f348f3c7%3A0xbbdb1c1f4268112d!2sPlan%C3%A8te%20Raquettes!5e0!3m2!1sfr!2sfr!4v1649241977023!5m2!1sfr!2sfr%20width=600%20height=450%20style=border:0;%20allowfullscreen=%20loading=lazy%20referrerpolicy=no-referrer-when-downgrade\/iframe\"><iframe style=\"border: 0;\" src=\"https:\/\/www.google.com\/maps\/embed?pb=!1m14!1m8!1m3!1d2647.656203024521!2d2.76892!3d48.4247443!3m2!1i1024!2i768!4f13.1!3m3!1m2!1s0x47e5f5a4f348f3c7%3A0xbbdb1c1f4268112d!2sPlan%C3%A8te%20Raquettes!5e0!3m2!1sfr!2sfr!4v1649241977023!5m2!1sfr!2sfr\" width=\"600\" height=\"450\" allowfullscreen=\"allowfullscreen\"><\/iframe><\/a>[\/vc_column_text][\/vc_column][vc_column width=\u00a0\u00bb1\/2&Prime;][vc_column_text]<span style=\"font-weight: 400;\">Le <a href=\"https:\/\/www.padelreference.com\/blog\/club-padel\/\">complexe de padel<\/a> met \u00e0 votre disposition des terrains de padel indoor ainsi qu\u2019une boutique proposant les produits Babolat Head Yonex Tecnifibre Wilson Luxilon et Bullpadel. Il y a \u00e9galement un club house.<\/span>[\/vc_column_text][\/vc_column][\/vc_row][vc_row][vc_column][vc_column_text]<\/p>\n<h2>Les autres Club de Padel en France :<\/h2>\n<ul>\n<li><a href=\"https:\/\/www.padelreference.com\/blog\/club-padel\/padel-horizon-paris\/\">Padel Horizon<\/a><\/li>\n<li><a href=\"https:\/\/www.padelreference.com\/blog\/club-padel\/casa-padel-paris\/\">Casa Padel<\/a><\/li>\n<li><a href=\"https:\/\/www.padelreference.com\/blog\/club-padel\/b-14-paris\/\">B14<\/a><\/li>\n<li><a href=\"https:\/\/www.padelreference.com\/blog\/club-padel\/4padel-paris\/\">4Padel<\/a><\/li>\n<li>etc&#8230;.<\/li>\n<\/ul>\n<p>[\/vc_column_text][\/vc_column][\/vc_row]<\/p>\n","protected":false},"excerpt":{"rendered":"<p>[vc_row][vc_column][vc_column_text]Le club Plan\u00e8te Raquettes est ouvert depuis le 11 mai 2019 et se situe \u00e0 Vulaines\/Seine. Plus de 300 joueurs ont d\u00e9j\u00e0 essay\u00e9 ce club\u00a0![\/vc_column_text][\/vc_column][\/vc_row][vc_row][vc_column width=\u00a0\u00bb1\/2&Prime;][vc_single_image image=\u00a0\u00bb970&Prime; img_size=\u00a0\u00bbfull\u00a0\u00bb][vc_column_text]Adresse : 21 Rue Gambetta, 77870 Vulaines-sur-Seine [\/vc_column_text][\/vc_column][vc_column width=\u00a0\u00bb1\/2&Prime;][vc_column_text]Le complexe de padel met \u00e0 votre disposition des terrains de padel indoor ainsi qu\u2019une boutique proposant les produits Babolat [&hellip;]<\/p>\n","protected":false},"author":2,"featured_media":0,"parent":722,"menu_order":0,"comment_status":"closed","ping_status":"closed","template":"","meta":{"footnotes":""},"class_list":["post-940","page","type-page","status-publish","hentry"],"yoast_head":"<!-- This site is optimized with the Yoast SEO plugin v23.1 - https:\/\/yoast.com\/wordpress\/plugins\/seo\/ -->\n<title>Les Clubs de Padel en France : la liste compl\u00e8te - Padel Reference<\/title>\n<meta name=\"robots\" content=\"index, follow, max-snippet:-1, max-image-preview:large, max-video-preview:-1\" \/>\n<link rel=\"canonical\" href=\"https:\/\/www.padelreference.com\/blog\/club-padel\/planete-raquette-paris\/\" \/>\n<meta property=\"og:locale\" content=\"fr_FR\" \/>\n<meta property=\"og:type\" content=\"article\" \/>\n<meta property=\"og:title\" content=\"Les Clubs de Padel en France : la liste compl\u00e8te - Padel Reference\" \/>\n<meta property=\"og:description\" content=\"[vc_row][vc_column][vc_column_text]Le club Plan\u00e8te Raquettes est ouvert depuis le 11 mai 2019 et se situe \u00e0 Vulaines\/Seine. Plus de 300 joueurs ont d\u00e9j\u00e0 essay\u00e9 ce club\u00a0![\/vc_column_text][\/vc_column][\/vc_row][vc_row][vc_column width=\u00a0\u00bb1\/2&Prime;][vc_single_image image=\u00a0\u00bb970&Prime; img_size=\u00a0\u00bbfull\u00a0\u00bb][vc_column_text]Adresse : 21 Rue Gambetta, 77870 Vulaines-sur-Seine [\/vc_column_text][\/vc_column][vc_column width=\u00a0\u00bb1\/2&Prime;][vc_column_text]Le complexe de padel met \u00e0 votre disposition des terrains de padel indoor ainsi qu\u2019une boutique proposant les produits Babolat [&hellip;]\" \/>\n<meta property=\"og:url\" content=\"https:\/\/www.padelreference.com\/blog\/club-padel\/planete-raquette-paris\/\" \/>\n<meta property=\"og:site_name\" content=\"Padel Reference\" \/>\n<meta property=\"article:modified_time\" content=\"2022-04-06T13:22:57+00:00\" \/>\n<meta name=\"twitter:card\" content=\"summary_large_image\" \/>\n<meta name=\"twitter:label1\" content=\"Dur\u00e9e de lecture estim\u00e9e\" \/>\n\t<meta name=\"twitter:data1\" content=\"1 minute\" \/>\n<script type=\"application\/ld+json\" class=\"yoast-schema-graph\">{\"@context\":\"https:\/\/schema.org\",\"@graph\":[{\"@type\":\"WebPage\",\"@id\":\"https:\/\/www.padelreference.com\/blog\/club-padel\/planete-raquette-paris\/\",\"url\":\"https:\/\/www.padelreference.com\/blog\/club-padel\/planete-raquette-paris\/\",\"name\":\"Les Clubs de Padel en France : la liste compl\u00e8te - Padel Reference\",\"isPartOf\":{\"@id\":\"https:\/\/www.padelreference.com\/blog\/#website\"},\"datePublished\":\"2022-04-06T10:49:08+00:00\",\"dateModified\":\"2022-04-06T13:22:57+00:00\",\"breadcrumb\":{\"@id\":\"https:\/\/www.padelreference.com\/blog\/club-padel\/planete-raquette-paris\/#breadcrumb\"},\"inLanguage\":\"fr-FR\",\"potentialAction\":[{\"@type\":\"ReadAction\",\"target\":[\"https:\/\/www.padelreference.com\/blog\/club-padel\/planete-raquette-paris\/\"]}]},{\"@type\":\"BreadcrumbList\",\"@id\":\"https:\/\/www.padelreference.com\/blog\/club-padel\/planete-raquette-paris\/#breadcrumb\",\"itemListElement\":[{\"@type\":\"ListItem\",\"position\":1,\"name\":\"Accueil\",\"item\":\"https:\/\/www.padelreference.com\/blog\/\"},{\"@type\":\"ListItem\",\"position\":2,\"name\":\"Club de Padel en France\",\"item\":\"https:\/\/www.padelreference.com\/blog\/club-padel\/\"},{\"@type\":\"ListItem\",\"position\":3,\"name\":\"Plan\u00e8te Raquettes &#8211; Paris\"}]},{\"@type\":\"WebSite\",\"@id\":\"https:\/\/www.padelreference.com\/blog\/#website\",\"url\":\"https:\/\/www.padelreference.com\/blog\/\",\"name\":\"Padel Reference\",\"description\":\"Le Blog 100%\",\"potentialAction\":[{\"@type\":\"SearchAction\",\"target\":{\"@type\":\"EntryPoint\",\"urlTemplate\":\"https:\/\/www.padelreference.com\/blog\/?s={search_term_string}\"},\"query-input\":\"required name=search_term_string\"}],\"inLanguage\":\"fr-FR\"}]}<\/script>\n<!-- \/ Yoast SEO plugin. -->","yoast_head_json":{"title":"Les Clubs de Padel en France : la liste compl\u00e8te - Padel Reference","robots":{"index":"index","follow":"follow","max-snippet":"max-snippet:-1","max-image-preview":"max-image-preview:large","max-video-preview":"max-video-preview:-1"},"canonical":"https:\/\/www.padelreference.com\/blog\/club-padel\/planete-raquette-paris\/","og_locale":"fr_FR","og_type":"article","og_title":"Les Clubs de Padel en France : la liste compl\u00e8te - Padel Reference","og_description":"[vc_row][vc_column][vc_column_text]Le club Plan\u00e8te Raquettes est ouvert depuis le 11 mai 2019 et se situe \u00e0 Vulaines\/Seine. Plus de 300 joueurs ont d\u00e9j\u00e0 essay\u00e9 ce club\u00a0![\/vc_column_text][\/vc_column][\/vc_row][vc_row][vc_column width=\u00a0\u00bb1\/2&Prime;][vc_single_image image=\u00a0\u00bb970&Prime; img_size=\u00a0\u00bbfull\u00a0\u00bb][vc_column_text]Adresse : 21 Rue Gambetta, 77870 Vulaines-sur-Seine [\/vc_column_text][\/vc_column][vc_column width=\u00a0\u00bb1\/2&Prime;][vc_column_text]Le complexe de padel met \u00e0 votre disposition des terrains de padel indoor ainsi qu\u2019une boutique proposant les produits Babolat [&hellip;]","og_url":"https:\/\/www.padelreference.com\/blog\/club-padel\/planete-raquette-paris\/","og_site_name":"Padel Reference","article_modified_time":"2022-04-06T13:22:57+00:00","twitter_card":"summary_large_image","twitter_misc":{"Dur\u00e9e de lecture estim\u00e9e":"1 minute"},"schema":{"@context":"https:\/\/schema.org","@graph":[{"@type":"WebPage","@id":"https:\/\/www.padelreference.com\/blog\/club-padel\/planete-raquette-paris\/","url":"https:\/\/www.padelreference.com\/blog\/club-padel\/planete-raquette-paris\/","name":"Les Clubs de Padel en France : la liste compl\u00e8te - Padel Reference","isPartOf":{"@id":"https:\/\/www.padelreference.com\/blog\/#website"},"datePublished":"2022-04-06T10:49:08+00:00","dateModified":"2022-04-06T13:22:57+00:00","breadcrumb":{"@id":"https:\/\/www.padelreference.com\/blog\/club-padel\/planete-raquette-paris\/#breadcrumb"},"inLanguage":"fr-FR","potentialAction":[{"@type":"ReadAction","target":["https:\/\/www.padelreference.com\/blog\/club-padel\/planete-raquette-paris\/"]}]},{"@type":"BreadcrumbList","@id":"https:\/\/www.padelreference.com\/blog\/club-padel\/planete-raquette-paris\/#breadcrumb","itemListElement":[{"@type":"ListItem","position":1,"name":"Accueil","item":"https:\/\/www.padelreference.com\/blog\/"},{"@type":"ListItem","position":2,"name":"Club de Padel en France","item":"https:\/\/www.padelreference.com\/blog\/club-padel\/"},{"@type":"ListItem","position":3,"name":"Plan\u00e8te Raquettes &#8211; Paris"}]},{"@type":"WebSite","@id":"https:\/\/www.padelreference.com\/blog\/#website","url":"https:\/\/www.padelreference.com\/blog\/","name":"Padel Reference","description":"Le Blog 100%","potentialAction":[{"@type":"SearchAction","target":{"@type":"EntryPoint","urlTemplate":"https:\/\/www.padelreference.com\/blog\/?s={search_term_string}"},"query-input":"required name=search_term_string"}],"inLanguage":"fr-FR"}]}},"_links":{"self":[{"href":"https:\/\/www.padelreference.com\/blog\/wp-json\/wp\/v2\/pages\/940"}],"collection":[{"href":"https:\/\/www.padelreference.com\/blog\/wp-json\/wp\/v2\/pages"}],"about":[{"href":"https:\/\/www.padelreference.com\/blog\/wp-json\/wp\/v2\/types\/page"}],"author":[{"embeddable":true,"href":"https:\/\/www.padelreference.com\/blog\/wp-json\/wp\/v2\/users\/2"}],"replies":[{"embeddable":true,"href":"https:\/\/www.padelreference.com\/blog\/wp-json\/wp\/v2\/comments?post=940"}],"version-history":[{"count":0,"href":"https:\/\/www.padelreference.com\/blog\/wp-json\/wp\/v2\/pages\/940\/revisions"}],"up":[{"embeddable":true,"href":"https:\/\/www.padelreference.com\/blog\/wp-json\/wp\/v2\/pages\/722"}],"wp:attachment":[{"href":"https:\/\/www.padelreference.com\/blog\/wp-json\/wp\/v2\/media?parent=940"}],"curies":[{"name":"wp","href":"https:\/\/api.w.org\/{rel}","templated":true}]}}