{"id":995,"date":"2022-04-06T15:56:40","date_gmt":"2022-04-06T13:56:40","guid":{"rendered":"https:\/\/www.padelreference.com\/blog\/?page_id=995"},"modified":"2022-04-07T09:40:13","modified_gmt":"2022-04-07T07:40:13","slug":"toulouse-padel-club-toulouse-2","status":"publish","type":"page","link":"https:\/\/www.padelreference.com\/blog\/club-padel\/toulouse-padel-club-toulouse-2\/","title":{"rendered":"Toulouse Padel Club &#8211; Toulouse"},"content":{"rendered":"<p>[vc_row][vc_column][vc_column_text]<span style=\"font-weight: 400;\">Le Toulouse Padel Club, plus connu sous le nom de \u00ab Toulouse Padel Club &amp; Squash \u00bb, est le plus grand <a href=\"https:\/\/www.padelreference.com\/blog\/club-padel\/\">complexe sportif de padel<\/a> au niveau Fran\u00e7ais. Ouvert depuis le mois d\u2019avril 2016, il est situ\u00e9 dans la rue Marie-Louise Dissard.<\/span><\/p>\n<p><span style=\"font-weight: 400;\">\u00a0<\/span><\/p>\n<p>[\/vc_column_text][\/vc_column][\/vc_row][vc_row][vc_column width=\u00a0\u00bb1\/2&Prime;][vc_single_image image=\u00a0\u00bb990&Prime; img_size=\u00a0\u00bbfull\u00a0\u00bb][vc_column_text]Adresse : <span style=\"font-weight: 400;\"><a href=\"https:\/\/www.google.com\/maps\/place\/Toulouse+Padel+Club+%26+Squash\/@43.6017574,1.3667053,15z\/data=!4m5!3m4!1s0x0:0x49f8443477fc88d2!8m2!3d43.6017574!4d1.3667053\">11 Rue Marie Louise Dissard<\/a>, 31300 Toulouse<\/span><\/p>\n<p><a href=\"http:\/\/iframe%20src=https:\/\/www.google.com\/maps\/embed?pb=!1m14!1m8!1m3!1d11556.919058624584!2d1.3667053!3d43.6017574!3m2!1i1024!2i768!4f13.1!3m3!1m2!1s0x0%3A0x49f8443477fc88d2!2sToulouse%20Padel%20Club%20%26%20Squash!5e0!3m2!1sfr!2sfr!4v1649253361664!5m2!1sfr!2sfr%20width=600%20height=450%20style=border:0;%20allowfullscreen=%20loading=lazy%20referrerpolicy=no-referrer-when-downgrade\/iframe\"><iframe style=\"border: 0;\" src=\"https:\/\/www.google.com\/maps\/embed?pb=!1m14!1m8!1m3!1d11556.919058624584!2d1.3667053!3d43.6017574!3m2!1i1024!2i768!4f13.1!3m3!1m2!1s0x0%3A0x49f8443477fc88d2!2sToulouse%20Padel%20Club%20%26%20Squash!5e0!3m2!1sfr!2sfr!4v1649253361664!5m2!1sfr!2sfr\" width=\"600\" height=\"450\" allowfullscreen=\"allowfullscreen\"><\/iframe><\/a>[\/vc_column_text][\/vc_column][vc_column width=\u00a0\u00bb1\/2&Prime;][vc_column_text]<span style=\"font-weight: 400;\">Concernant les terrains de padel \u00e0 Toulouse, \u00ab Toulouse Padel Club &amp; Squash \u00bb vous propose :\u00a0<\/span><span style=\"font-weight: 400;\">7 courts de padel (<\/span><span style=\"font-weight: 400;\">2 terrains outdoor et 5 courts indoor),\u00a0<\/span><span style=\"font-weight: 400;\">4 terrains de squash, un s<\/span><span style=\"font-weight: 400;\">ervice de r\u00e9servation en ligne.<\/span><\/p>\n<p><span style=\"font-weight: 400;\">Le tout est compl\u00e9t\u00e9 par des vestiaires soigneusement am\u00e9nag\u00e9s ainsi que par un espace bar et un lieu de restaurant qui donnent une vue panoramique imprenable sur les terrains.<\/span><\/p>\n<p><span style=\"font-weight: 400;\">Sachez que le complexe met \u00e0 votre disposition des professeurs au sein du club ainsi que tout le meilleur mat\u00e9riel n\u00e9cessaire si vous souhaitez d\u00e9buter le padel dans les meilleures conditions, pour ensuite pouvoir briller en \u00e9quipe dans cette discipline.<\/span><\/p>\n<p><span style=\"font-weight: 400;\">Pour faire une r\u00e9servation, vous pouvez vous diriger directement aupr\u00e8s du club ou consulter son site internet.<\/span><\/p>\n<h2><\/h2>\n<p>[\/vc_column_text][\/vc_column][\/vc_row][vc_row][vc_column][vc_column_text]<\/p>\n<h2>Les autres Club de Padel en France :<\/h2>\n<ul>\n<li><a href=\"https:\/\/www.padelreference.com\/blog\/club-padel\/4-padel-toulouse\/\">4Padel<\/a><\/li>\n<li><a href=\"https:\/\/www.padelreference.com\/blog\/club-padel\/padel-tolosa-toulouse\/\">Tolosa<\/a><\/li>\n<li><a href=\"https:\/\/www.padelreference.com\/blog\/club-padel\/club-de-lhers-toulouse\/\">Club de l&rsquo;Hers<\/a><\/li>\n<li><a href=\"https:\/\/www.padelreference.com\/blog\/club-padel\/stade-toulousain-tennis-club-toulouse\/\">Stade Toulousain Tennis Club<\/a><\/li>\n<li><\/li>\n<li>etc&#8230;.<\/li>\n<\/ul>\n<p>[\/vc_column_text][\/vc_column][\/vc_row]<\/p>\n","protected":false},"excerpt":{"rendered":"<p>[vc_row][vc_column][vc_column_text]Le Toulouse Padel Club, plus connu sous le nom de \u00ab Toulouse Padel Club &amp; Squash \u00bb, est le plus grand complexe sportif de padel au niveau Fran\u00e7ais. Ouvert depuis le mois d\u2019avril 2016, il est situ\u00e9 dans la rue Marie-Louise Dissard. \u00a0 [\/vc_column_text][\/vc_column][\/vc_row][vc_row][vc_column width=\u00a0\u00bb1\/2&Prime;][vc_single_image image=\u00a0\u00bb990&Prime; img_size=\u00a0\u00bbfull\u00a0\u00bb][vc_column_text]Adresse : 11 Rue Marie Louise Dissard, 31300 Toulouse [&hellip;]<\/p>\n","protected":false},"author":2,"featured_media":0,"parent":722,"menu_order":0,"comment_status":"closed","ping_status":"closed","template":"","meta":{"footnotes":""},"class_list":["post-995","page","type-page","status-publish","hentry"],"yoast_head":"<!-- This site is optimized with the Yoast SEO plugin v23.1 - https:\/\/yoast.com\/wordpress\/plugins\/seo\/ -->\n<title>Les Clubs de Padel en France : la liste compl\u00e8te - Padel Reference<\/title>\n<meta name=\"robots\" content=\"index, follow, max-snippet:-1, max-image-preview:large, max-video-preview:-1\" \/>\n<link rel=\"canonical\" href=\"https:\/\/www.padelreference.com\/blog\/club-padel\/toulouse-padel-club-toulouse-2\/\" \/>\n<meta property=\"og:locale\" content=\"fr_FR\" \/>\n<meta property=\"og:type\" content=\"article\" \/>\n<meta property=\"og:title\" content=\"Les Clubs de Padel en France : la liste compl\u00e8te - Padel Reference\" \/>\n<meta property=\"og:description\" content=\"[vc_row][vc_column][vc_column_text]Le Toulouse Padel Club, plus connu sous le nom de \u00ab Toulouse Padel Club &amp; Squash \u00bb, est le plus grand complexe sportif de padel au niveau Fran\u00e7ais. Ouvert depuis le mois d\u2019avril 2016, il est situ\u00e9 dans la rue Marie-Louise Dissard. \u00a0 [\/vc_column_text][\/vc_column][\/vc_row][vc_row][vc_column width=\u00a0\u00bb1\/2&Prime;][vc_single_image image=\u00a0\u00bb990&Prime; img_size=\u00a0\u00bbfull\u00a0\u00bb][vc_column_text]Adresse : 11 Rue Marie Louise Dissard, 31300 Toulouse [&hellip;]\" \/>\n<meta property=\"og:url\" content=\"https:\/\/www.padelreference.com\/blog\/club-padel\/toulouse-padel-club-toulouse-2\/\" \/>\n<meta property=\"og:site_name\" content=\"Padel Reference\" \/>\n<meta property=\"article:modified_time\" content=\"2022-04-07T07:40:13+00:00\" \/>\n<meta name=\"twitter:card\" content=\"summary_large_image\" \/>\n<meta name=\"twitter:label1\" content=\"Dur\u00e9e de lecture estim\u00e9e\" \/>\n\t<meta name=\"twitter:data1\" content=\"2 minutes\" \/>\n<script type=\"application\/ld+json\" class=\"yoast-schema-graph\">{\"@context\":\"https:\/\/schema.org\",\"@graph\":[{\"@type\":\"WebPage\",\"@id\":\"https:\/\/www.padelreference.com\/blog\/club-padel\/toulouse-padel-club-toulouse-2\/\",\"url\":\"https:\/\/www.padelreference.com\/blog\/club-padel\/toulouse-padel-club-toulouse-2\/\",\"name\":\"Les Clubs de Padel en France : la liste compl\u00e8te - Padel Reference\",\"isPartOf\":{\"@id\":\"https:\/\/www.padelreference.com\/blog\/#website\"},\"datePublished\":\"2022-04-06T13:56:40+00:00\",\"dateModified\":\"2022-04-07T07:40:13+00:00\",\"breadcrumb\":{\"@id\":\"https:\/\/www.padelreference.com\/blog\/club-padel\/toulouse-padel-club-toulouse-2\/#breadcrumb\"},\"inLanguage\":\"fr-FR\",\"potentialAction\":[{\"@type\":\"ReadAction\",\"target\":[\"https:\/\/www.padelreference.com\/blog\/club-padel\/toulouse-padel-club-toulouse-2\/\"]}]},{\"@type\":\"BreadcrumbList\",\"@id\":\"https:\/\/www.padelreference.com\/blog\/club-padel\/toulouse-padel-club-toulouse-2\/#breadcrumb\",\"itemListElement\":[{\"@type\":\"ListItem\",\"position\":1,\"name\":\"Accueil\",\"item\":\"https:\/\/www.padelreference.com\/blog\/\"},{\"@type\":\"ListItem\",\"position\":2,\"name\":\"Club de Padel en France\",\"item\":\"https:\/\/www.padelreference.com\/blog\/club-padel\/\"},{\"@type\":\"ListItem\",\"position\":3,\"name\":\"Toulouse Padel Club &#8211; Toulouse\"}]},{\"@type\":\"WebSite\",\"@id\":\"https:\/\/www.padelreference.com\/blog\/#website\",\"url\":\"https:\/\/www.padelreference.com\/blog\/\",\"name\":\"Padel Reference\",\"description\":\"Le Blog 100%\",\"potentialAction\":[{\"@type\":\"SearchAction\",\"target\":{\"@type\":\"EntryPoint\",\"urlTemplate\":\"https:\/\/www.padelreference.com\/blog\/?s={search_term_string}\"},\"query-input\":\"required name=search_term_string\"}],\"inLanguage\":\"fr-FR\"}]}<\/script>\n<!-- \/ Yoast SEO plugin. -->","yoast_head_json":{"title":"Les Clubs de Padel en France : la liste compl\u00e8te - Padel Reference","robots":{"index":"index","follow":"follow","max-snippet":"max-snippet:-1","max-image-preview":"max-image-preview:large","max-video-preview":"max-video-preview:-1"},"canonical":"https:\/\/www.padelreference.com\/blog\/club-padel\/toulouse-padel-club-toulouse-2\/","og_locale":"fr_FR","og_type":"article","og_title":"Les Clubs de Padel en France : la liste compl\u00e8te - Padel Reference","og_description":"[vc_row][vc_column][vc_column_text]Le Toulouse Padel Club, plus connu sous le nom de \u00ab Toulouse Padel Club &amp; Squash \u00bb, est le plus grand complexe sportif de padel au niveau Fran\u00e7ais. Ouvert depuis le mois d\u2019avril 2016, il est situ\u00e9 dans la rue Marie-Louise Dissard. \u00a0 [\/vc_column_text][\/vc_column][\/vc_row][vc_row][vc_column width=\u00a0\u00bb1\/2&Prime;][vc_single_image image=\u00a0\u00bb990&Prime; img_size=\u00a0\u00bbfull\u00a0\u00bb][vc_column_text]Adresse : 11 Rue Marie Louise Dissard, 31300 Toulouse [&hellip;]","og_url":"https:\/\/www.padelreference.com\/blog\/club-padel\/toulouse-padel-club-toulouse-2\/","og_site_name":"Padel Reference","article_modified_time":"2022-04-07T07:40:13+00:00","twitter_card":"summary_large_image","twitter_misc":{"Dur\u00e9e de lecture estim\u00e9e":"2 minutes"},"schema":{"@context":"https:\/\/schema.org","@graph":[{"@type":"WebPage","@id":"https:\/\/www.padelreference.com\/blog\/club-padel\/toulouse-padel-club-toulouse-2\/","url":"https:\/\/www.padelreference.com\/blog\/club-padel\/toulouse-padel-club-toulouse-2\/","name":"Les Clubs de Padel en France : la liste compl\u00e8te - Padel Reference","isPartOf":{"@id":"https:\/\/www.padelreference.com\/blog\/#website"},"datePublished":"2022-04-06T13:56:40+00:00","dateModified":"2022-04-07T07:40:13+00:00","breadcrumb":{"@id":"https:\/\/www.padelreference.com\/blog\/club-padel\/toulouse-padel-club-toulouse-2\/#breadcrumb"},"inLanguage":"fr-FR","potentialAction":[{"@type":"ReadAction","target":["https:\/\/www.padelreference.com\/blog\/club-padel\/toulouse-padel-club-toulouse-2\/"]}]},{"@type":"BreadcrumbList","@id":"https:\/\/www.padelreference.com\/blog\/club-padel\/toulouse-padel-club-toulouse-2\/#breadcrumb","itemListElement":[{"@type":"ListItem","position":1,"name":"Accueil","item":"https:\/\/www.padelreference.com\/blog\/"},{"@type":"ListItem","position":2,"name":"Club de Padel en France","item":"https:\/\/www.padelreference.com\/blog\/club-padel\/"},{"@type":"ListItem","position":3,"name":"Toulouse Padel Club &#8211; Toulouse"}]},{"@type":"WebSite","@id":"https:\/\/www.padelreference.com\/blog\/#website","url":"https:\/\/www.padelreference.com\/blog\/","name":"Padel Reference","description":"Le Blog 100%","potentialAction":[{"@type":"SearchAction","target":{"@type":"EntryPoint","urlTemplate":"https:\/\/www.padelreference.com\/blog\/?s={search_term_string}"},"query-input":"required name=search_term_string"}],"inLanguage":"fr-FR"}]}},"_links":{"self":[{"href":"https:\/\/www.padelreference.com\/blog\/wp-json\/wp\/v2\/pages\/995"}],"collection":[{"href":"https:\/\/www.padelreference.com\/blog\/wp-json\/wp\/v2\/pages"}],"about":[{"href":"https:\/\/www.padelreference.com\/blog\/wp-json\/wp\/v2\/types\/page"}],"author":[{"embeddable":true,"href":"https:\/\/www.padelreference.com\/blog\/wp-json\/wp\/v2\/users\/2"}],"replies":[{"embeddable":true,"href":"https:\/\/www.padelreference.com\/blog\/wp-json\/wp\/v2\/comments?post=995"}],"version-history":[{"count":0,"href":"https:\/\/www.padelreference.com\/blog\/wp-json\/wp\/v2\/pages\/995\/revisions"}],"up":[{"embeddable":true,"href":"https:\/\/www.padelreference.com\/blog\/wp-json\/wp\/v2\/pages\/722"}],"wp:attachment":[{"href":"https:\/\/www.padelreference.com\/blog\/wp-json\/wp\/v2\/media?parent=995"}],"curies":[{"name":"wp","href":"https:\/\/api.w.org\/{rel}","templated":true}]}}