{"id":999,"date":"2022-04-06T16:02:34","date_gmt":"2022-04-06T14:02:34","guid":{"rendered":"https:\/\/www.padelreference.com\/blog\/?page_id=999"},"modified":"2022-04-07T09:33:20","modified_gmt":"2022-04-07T07:33:20","slug":"padel-tolosa-toulouse","status":"publish","type":"page","link":"https:\/\/www.padelreference.com\/blog\/club-padel\/padel-tolosa-toulouse\/","title":{"rendered":"Padel Tolosa &#8211; Toulouse"},"content":{"rendered":"<p>[vc_row][vc_column][vc_column_text]<span style=\"font-weight: 400;\">Situ\u00e9 sur l\u2019avenue Louis Breguet, le club Padel Tolosa a ouvert ses portes en d\u00e9but d\u2019ann\u00e9e 2018. <\/span>[\/vc_column_text][\/vc_column][\/vc_row][vc_row][vc_column width=\u00a0\u00bb1\/2&Prime;][vc_single_image image=\u00a0\u00bb1000&Prime; img_size=\u00a0\u00bbfull\u00a0\u00bb][vc_column_text]Adresse : <span style=\"font-weight: 400;\"><a href=\"https:\/\/www.google.com\/maps\/place\/Padel+tolosa\/@43.5781553,1.4761802,15z\/data=!4m5!3m4!1s0x0:0x51e4e2fc1eeb7999!8m2!3d43.5781553!4d1.4761802\">55 Avenue Louis Breguet<\/a>, 31400 Toulouse<\/span><\/p>\n<p><a href=\"http:\/\/iframe%20src=https:\/\/www.google.com\/maps\/embed?pb=!1m14!1m8!1m3!1d11561.45190212544!2d1.4761802!3d43.5781553!3m2!1i1024!2i768!4f13.1!3m3!1m2!1s0x0%3A0x51e4e2fc1eeb7999!2sPadel%20tolosa!5e0!3m2!1sfr!2sfr!4v1649253681609!5m2!1sfr!2sfr%20width=600%20height=450%20style=border:0;%20allowfullscreen=%20loading=lazy%20referrerpolicy=no-referrer-when-downgrade\/iframe\"><iframe style=\"border: 0;\" src=\"https:\/\/www.google.com\/maps\/embed?pb=!1m14!1m8!1m3!1d11561.45190212544!2d1.4761802!3d43.5781553!3m2!1i1024!2i768!4f13.1!3m3!1m2!1s0x0%3A0x51e4e2fc1eeb7999!2sPadel%20tolosa!5e0!3m2!1sfr!2sfr!4v1649253681609!5m2!1sfr!2sfr\" width=\"600\" height=\"450\" allowfullscreen=\"allowfullscreen\"><\/iframe><\/a>[\/vc_column_text][\/vc_column][vc_column width=\u00a0\u00bb1\/2&Prime;][vc_column_text]<span style=\"font-weight: 400;\">Ce <a href=\"https:\/\/www.padelreference.com\/blog\/club-padel\/\">club de padel<\/a> situ\u00e9 \u00e0 Toulouse Montaudran propose :<\/span><\/p>\n<p><span style=\"font-weight: 400;\">&#8211;\u00a0 \u00a0 <\/span> <span style=\"font-weight: 400;\">4 terrains de padel, dont 1 outdoor et 3 indoor\u00a0<\/span><\/p>\n<p><span style=\"font-weight: 400;\">&#8211; \u00a0 \u00a01 terrain de badminton et 1 table de ping-pong<\/span><\/p>\n<p><span style=\"font-weight: 400;\">&#8211;\u00a0 \u00a0 <\/span> <span style=\"font-weight: 400;\">Espace restauration et d\u00e9tente<\/span><\/p>\n<p><span style=\"font-weight: 400;\">&#8211;\u00a0 \u00a0 <\/span> <span style=\"font-weight: 400;\">Des cours de Padel<\/span><\/p>\n<p><span style=\"font-weight: 400;\">&#8211;\u00a0 \u00a0 <\/span> <span style=\"font-weight: 400;\">R\u00e9servation en ligne<\/span><\/p>\n<p><span style=\"font-weight: 400;\">Pour les personnes qui commencent le padel, ce club de Toulouse propose des cours avec des professeurs dipl\u00f4m\u00e9s. La r\u00e9servation de terrains se fait par t\u00e9l\u00e9phone ou directement via le site internet du club.<\/span><\/p>\n<p><span style=\"font-weight: 400;\">Le complexe est bien am\u00e9nag\u00e9 et dispose d\u2019un espace de restauration (bar, snacking, tapas\u2026) ainsi que de vestiaires comprenant des douches individuelles.<\/span><\/p>\n<p><span style=\"font-weight: 400;\">Le club est ouvert \u00e0 toutes et tous, et ce, tous les jours de la semaine, m\u00eame les jours f\u00e9ri\u00e9s. Padel Tolosa vous propose des terrains avec tous les \u00e9quipements n\u00e9cessaires pour jouer vos matchs dans les meilleures conditions.<\/span><\/p>\n<p><span style=\"font-weight: 400;\">\u00a0<\/span><\/p>\n<p>&nbsp;<\/p>\n<p><span style=\"font-weight: 400;\">\u00a0<\/span><\/p>\n<p>[\/vc_column_text][\/vc_column][\/vc_row][vc_row][vc_column][vc_column_text]<\/p>\n<h2>Les autres Club de Padel en France :<\/h2>\n<ul>\n<li><a href=\"https:\/\/www.padelreference.com\/blog\/club-padel\/stade-toulousain-tennis-club-toulouse\/\">Stade Toulousain Tennis Club<\/a><\/li>\n<li><a href=\"https:\/\/www.padelreference.com\/blog\/club-padel\/padel-plus-toulouse\/\">Padel Plus<\/a><\/li>\n<li><a href=\"https:\/\/www.padelreference.com\/blog\/club-padel\/toulouse-padel-club-toulouse-2\/\">Toulouse Padel Club<\/a><\/li>\n<li><a href=\"https:\/\/www.padelreference.com\/blog\/club-padel\/club-de-lhers-toulouse\/\">Club de l&rsquo;Hers<\/a><\/li>\n<li>etc&#8230;.<\/li>\n<\/ul>\n<p>[\/vc_column_text][\/vc_column][\/vc_row]<\/p>\n","protected":false},"excerpt":{"rendered":"<p>[vc_row][vc_column][vc_column_text]Situ\u00e9 sur l\u2019avenue Louis Breguet, le club Padel Tolosa a ouvert ses portes en d\u00e9but d\u2019ann\u00e9e 2018. [\/vc_column_text][\/vc_column][\/vc_row][vc_row][vc_column width=\u00a0\u00bb1\/2&Prime;][vc_single_image image=\u00a0\u00bb1000&Prime; img_size=\u00a0\u00bbfull\u00a0\u00bb][vc_column_text]Adresse : 55 Avenue Louis Breguet, 31400 Toulouse [\/vc_column_text][\/vc_column][vc_column width=\u00a0\u00bb1\/2&Prime;][vc_column_text]Ce club de padel situ\u00e9 \u00e0 Toulouse Montaudran propose : &#8211;\u00a0 \u00a0 4 terrains de padel, dont 1 outdoor et 3 indoor\u00a0 &#8211; \u00a0 \u00a01 terrain [&hellip;]<\/p>\n","protected":false},"author":2,"featured_media":0,"parent":722,"menu_order":0,"comment_status":"closed","ping_status":"closed","template":"","meta":{"footnotes":""},"class_list":["post-999","page","type-page","status-publish","hentry"],"yoast_head":"<!-- This site is optimized with the Yoast SEO plugin v23.1 - https:\/\/yoast.com\/wordpress\/plugins\/seo\/ -->\n<title>Les Clubs de Padel en France : la liste compl\u00e8te - Padel Reference<\/title>\n<meta name=\"robots\" content=\"index, follow, max-snippet:-1, max-image-preview:large, max-video-preview:-1\" \/>\n<link rel=\"canonical\" href=\"https:\/\/www.padelreference.com\/blog\/club-padel\/padel-tolosa-toulouse\/\" \/>\n<meta property=\"og:locale\" content=\"fr_FR\" \/>\n<meta property=\"og:type\" content=\"article\" \/>\n<meta property=\"og:title\" content=\"Les Clubs de Padel en France : la liste compl\u00e8te - Padel Reference\" \/>\n<meta property=\"og:description\" content=\"[vc_row][vc_column][vc_column_text]Situ\u00e9 sur l\u2019avenue Louis Breguet, le club Padel Tolosa a ouvert ses portes en d\u00e9but d\u2019ann\u00e9e 2018. [\/vc_column_text][\/vc_column][\/vc_row][vc_row][vc_column width=\u00a0\u00bb1\/2&Prime;][vc_single_image image=\u00a0\u00bb1000&Prime; img_size=\u00a0\u00bbfull\u00a0\u00bb][vc_column_text]Adresse : 55 Avenue Louis Breguet, 31400 Toulouse [\/vc_column_text][\/vc_column][vc_column width=\u00a0\u00bb1\/2&Prime;][vc_column_text]Ce club de padel situ\u00e9 \u00e0 Toulouse Montaudran propose : &#8211;\u00a0 \u00a0 4 terrains de padel, dont 1 outdoor et 3 indoor\u00a0 &#8211; \u00a0 \u00a01 terrain [&hellip;]\" \/>\n<meta property=\"og:url\" content=\"https:\/\/www.padelreference.com\/blog\/club-padel\/padel-tolosa-toulouse\/\" \/>\n<meta property=\"og:site_name\" content=\"Padel Reference\" \/>\n<meta property=\"article:modified_time\" content=\"2022-04-07T07:33:20+00:00\" \/>\n<meta name=\"twitter:card\" content=\"summary_large_image\" \/>\n<meta name=\"twitter:label1\" content=\"Dur\u00e9e de lecture estim\u00e9e\" \/>\n\t<meta name=\"twitter:data1\" content=\"1 minute\" \/>\n<script type=\"application\/ld+json\" class=\"yoast-schema-graph\">{\"@context\":\"https:\/\/schema.org\",\"@graph\":[{\"@type\":\"WebPage\",\"@id\":\"https:\/\/www.padelreference.com\/blog\/club-padel\/padel-tolosa-toulouse\/\",\"url\":\"https:\/\/www.padelreference.com\/blog\/club-padel\/padel-tolosa-toulouse\/\",\"name\":\"Les Clubs de Padel en France : la liste compl\u00e8te - Padel Reference\",\"isPartOf\":{\"@id\":\"https:\/\/www.padelreference.com\/blog\/#website\"},\"datePublished\":\"2022-04-06T14:02:34+00:00\",\"dateModified\":\"2022-04-07T07:33:20+00:00\",\"breadcrumb\":{\"@id\":\"https:\/\/www.padelreference.com\/blog\/club-padel\/padel-tolosa-toulouse\/#breadcrumb\"},\"inLanguage\":\"fr-FR\",\"potentialAction\":[{\"@type\":\"ReadAction\",\"target\":[\"https:\/\/www.padelreference.com\/blog\/club-padel\/padel-tolosa-toulouse\/\"]}]},{\"@type\":\"BreadcrumbList\",\"@id\":\"https:\/\/www.padelreference.com\/blog\/club-padel\/padel-tolosa-toulouse\/#breadcrumb\",\"itemListElement\":[{\"@type\":\"ListItem\",\"position\":1,\"name\":\"Accueil\",\"item\":\"https:\/\/www.padelreference.com\/blog\/\"},{\"@type\":\"ListItem\",\"position\":2,\"name\":\"Club de Padel en France\",\"item\":\"https:\/\/www.padelreference.com\/blog\/club-padel\/\"},{\"@type\":\"ListItem\",\"position\":3,\"name\":\"Padel Tolosa &#8211; Toulouse\"}]},{\"@type\":\"WebSite\",\"@id\":\"https:\/\/www.padelreference.com\/blog\/#website\",\"url\":\"https:\/\/www.padelreference.com\/blog\/\",\"name\":\"Padel Reference\",\"description\":\"Le Blog 100%\",\"potentialAction\":[{\"@type\":\"SearchAction\",\"target\":{\"@type\":\"EntryPoint\",\"urlTemplate\":\"https:\/\/www.padelreference.com\/blog\/?s={search_term_string}\"},\"query-input\":\"required name=search_term_string\"}],\"inLanguage\":\"fr-FR\"}]}<\/script>\n<!-- \/ Yoast SEO plugin. -->","yoast_head_json":{"title":"Les Clubs de Padel en France : la liste compl\u00e8te - Padel Reference","robots":{"index":"index","follow":"follow","max-snippet":"max-snippet:-1","max-image-preview":"max-image-preview:large","max-video-preview":"max-video-preview:-1"},"canonical":"https:\/\/www.padelreference.com\/blog\/club-padel\/padel-tolosa-toulouse\/","og_locale":"fr_FR","og_type":"article","og_title":"Les Clubs de Padel en France : la liste compl\u00e8te - Padel Reference","og_description":"[vc_row][vc_column][vc_column_text]Situ\u00e9 sur l\u2019avenue Louis Breguet, le club Padel Tolosa a ouvert ses portes en d\u00e9but d\u2019ann\u00e9e 2018. [\/vc_column_text][\/vc_column][\/vc_row][vc_row][vc_column width=\u00a0\u00bb1\/2&Prime;][vc_single_image image=\u00a0\u00bb1000&Prime; img_size=\u00a0\u00bbfull\u00a0\u00bb][vc_column_text]Adresse : 55 Avenue Louis Breguet, 31400 Toulouse [\/vc_column_text][\/vc_column][vc_column width=\u00a0\u00bb1\/2&Prime;][vc_column_text]Ce club de padel situ\u00e9 \u00e0 Toulouse Montaudran propose : &#8211;\u00a0 \u00a0 4 terrains de padel, dont 1 outdoor et 3 indoor\u00a0 &#8211; \u00a0 \u00a01 terrain [&hellip;]","og_url":"https:\/\/www.padelreference.com\/blog\/club-padel\/padel-tolosa-toulouse\/","og_site_name":"Padel Reference","article_modified_time":"2022-04-07T07:33:20+00:00","twitter_card":"summary_large_image","twitter_misc":{"Dur\u00e9e de lecture estim\u00e9e":"1 minute"},"schema":{"@context":"https:\/\/schema.org","@graph":[{"@type":"WebPage","@id":"https:\/\/www.padelreference.com\/blog\/club-padel\/padel-tolosa-toulouse\/","url":"https:\/\/www.padelreference.com\/blog\/club-padel\/padel-tolosa-toulouse\/","name":"Les Clubs de Padel en France : la liste compl\u00e8te - Padel Reference","isPartOf":{"@id":"https:\/\/www.padelreference.com\/blog\/#website"},"datePublished":"2022-04-06T14:02:34+00:00","dateModified":"2022-04-07T07:33:20+00:00","breadcrumb":{"@id":"https:\/\/www.padelreference.com\/blog\/club-padel\/padel-tolosa-toulouse\/#breadcrumb"},"inLanguage":"fr-FR","potentialAction":[{"@type":"ReadAction","target":["https:\/\/www.padelreference.com\/blog\/club-padel\/padel-tolosa-toulouse\/"]}]},{"@type":"BreadcrumbList","@id":"https:\/\/www.padelreference.com\/blog\/club-padel\/padel-tolosa-toulouse\/#breadcrumb","itemListElement":[{"@type":"ListItem","position":1,"name":"Accueil","item":"https:\/\/www.padelreference.com\/blog\/"},{"@type":"ListItem","position":2,"name":"Club de Padel en France","item":"https:\/\/www.padelreference.com\/blog\/club-padel\/"},{"@type":"ListItem","position":3,"name":"Padel Tolosa &#8211; Toulouse"}]},{"@type":"WebSite","@id":"https:\/\/www.padelreference.com\/blog\/#website","url":"https:\/\/www.padelreference.com\/blog\/","name":"Padel Reference","description":"Le Blog 100%","potentialAction":[{"@type":"SearchAction","target":{"@type":"EntryPoint","urlTemplate":"https:\/\/www.padelreference.com\/blog\/?s={search_term_string}"},"query-input":"required name=search_term_string"}],"inLanguage":"fr-FR"}]}},"_links":{"self":[{"href":"https:\/\/www.padelreference.com\/blog\/wp-json\/wp\/v2\/pages\/999"}],"collection":[{"href":"https:\/\/www.padelreference.com\/blog\/wp-json\/wp\/v2\/pages"}],"about":[{"href":"https:\/\/www.padelreference.com\/blog\/wp-json\/wp\/v2\/types\/page"}],"author":[{"embeddable":true,"href":"https:\/\/www.padelreference.com\/blog\/wp-json\/wp\/v2\/users\/2"}],"replies":[{"embeddable":true,"href":"https:\/\/www.padelreference.com\/blog\/wp-json\/wp\/v2\/comments?post=999"}],"version-history":[{"count":0,"href":"https:\/\/www.padelreference.com\/blog\/wp-json\/wp\/v2\/pages\/999\/revisions"}],"up":[{"embeddable":true,"href":"https:\/\/www.padelreference.com\/blog\/wp-json\/wp\/v2\/pages\/722"}],"wp:attachment":[{"href":"https:\/\/www.padelreference.com\/blog\/wp-json\/wp\/v2\/media?parent=999"}],"curies":[{"name":"wp","href":"https:\/\/api.w.org\/{rel}","templated":true}]}}